{"id":3374,"date":"2024-07-04T16:32:02","date_gmt":"2024-07-04T14:32:02","guid":{"rendered":"https:\/\/kemperkontakt.com\/a-propos-de-kemper\/"},"modified":"2024-12-04T13:20:00","modified_gmt":"2024-12-04T12:20:00","slug":"a-propos-de-kemper","status":"publish","type":"page","link":"https:\/\/kemperkontakt.de\/fr\/a-propos-de-kemper\/","title":{"rendered":"\u00c0 propos de Kemper"},"content":{"rendered":"<div class=\"fusion-fullwidth fullwidth-box fusion-builder-row-1 fusion-flex-container has-pattern-background has-mask-background nonhundred-percent-fullwidth non-hundred-percent-height-scrolling\" style=\"--awb-border-radius-top-left:0px;--awb-border-radius-top-right:0px;--awb-border-radius-bottom-right:0px;--awb-border-radius-bottom-left:0px;--awb-flex-wrap:wrap;\" ><div class=\"fusion-builder-row fusion-row fusion-flex-align-items-flex-start fusion-flex-content-wrap\" style=\"max-width:1248px;margin-left: calc(-4% \/ 2 );margin-right: calc(-4% \/ 2 );\"><div class=\"fusion-layout-column fusion_builder_column fusion-builder-column-0 fusion_builder_column_1_1 1_1 fusion-flex-column\" style=\"--awb-bg-size:cover;--awb-width-large:100%;--awb-margin-top-large:0px;--awb-spacing-right-large:1.92%;--awb-margin-bottom-large:20px;--awb-spacing-left-large:1.92%;--awb-width-medium:100%;--awb-order-medium:0;--awb-spacing-right-medium:1.92%;--awb-spacing-left-medium:1.92%;--awb-width-small:100%;--awb-order-small:0;--awb-spacing-right-small:1.92%;--awb-spacing-left-small:1.92%;\"><div class=\"fusion-column-wrapper fusion-column-has-shadow fusion-flex-justify-content-flex-start fusion-content-layout-column\"><div class=\"fusion-title title fusion-title-1 fusion-sep-none fusion-title-text fusion-title-size-one\"><h1 class=\"fusion-title-heading title-heading-left fusion-responsive-typography-calculated\" style=\"margin:0;--fontSize:48;line-height:1.2;\"><h2>Kemper-Contact &#8211; <br \/>Une entreprise de tradition<\/h2><\/h1><\/div><\/div><\/div><div class=\"fusion-layout-column fusion_builder_column fusion-builder-column-1 fusion_builder_column_1_1 1_1 fusion-flex-column\" style=\"--awb-bg-size:cover;--awb-width-large:100%;--awb-margin-top-large:0px;--awb-spacing-right-large:1.92%;--awb-margin-bottom-large:20px;--awb-spacing-left-large:1.92%;--awb-width-medium:100%;--awb-order-medium:0;--awb-spacing-right-medium:1.92%;--awb-spacing-left-medium:1.92%;--awb-width-small:100%;--awb-order-small:0;--awb-spacing-right-small:1.92%;--awb-spacing-left-small:1.92%;\"><div class=\"fusion-column-wrapper fusion-column-has-shadow fusion-flex-justify-content-flex-start fusion-content-layout-column\"><div class=\"fusion-text fusion-text-1\"><p><img decoding=\"async\" class=\"lazyload alignleft wp-image-621\" src=\"http:\/\/kemperkontakt.com\/wp-content\/uploads\/2024\/06\/scan_9066_800x500.png\" data-orig-src=\"http:\/\/kemperkontakt.com\/wp-content\/uploads\/2024\/06\/scan_9066_800x500.png\" alt=\"\" width=\"300\" height=\"188\" srcset=\"data:image\/svg+xml,%3Csvg%20xmlns%3D%27http%3A%2F%2Fwww.w3.org%2F2000%2Fsvg%27%20width%3D%27300%27%20height%3D%27188%27%20viewBox%3D%270%200%20300%20188%27%3E%3Crect%20width%3D%27300%27%20height%3D%27188%27%20fill-opacity%3D%220%22%2F%3E%3C%2Fsvg%3E\" data-srcset=\"https:\/\/kemperkontakt.de\/wp-content\/uploads\/2024\/06\/scan_9066_800x500-200x125.png 200w, https:\/\/kemperkontakt.de\/wp-content\/uploads\/2024\/06\/scan_9066_800x500-300x188.png 300w, https:\/\/kemperkontakt.de\/wp-content\/uploads\/2024\/06\/scan_9066_800x500-320x202.png 320w, https:\/\/kemperkontakt.de\/wp-content\/uploads\/2024\/06\/scan_9066_800x500-400x250.png 400w, https:\/\/kemperkontakt.de\/wp-content\/uploads\/2024\/06\/scan_9066_800x500-500x313.png 500w, https:\/\/kemperkontakt.de\/wp-content\/uploads\/2024\/06\/scan_9066_800x500-600x375.png 600w, https:\/\/kemperkontakt.de\/wp-content\/uploads\/2024\/06\/scan_9066_800x500-700x441.png 700w, https:\/\/kemperkontakt.de\/wp-content\/uploads\/2024\/06\/scan_9066_800x500-768x480.png 768w, https:\/\/kemperkontakt.de\/wp-content\/uploads\/2024\/06\/scan_9066_800x500.png 800w\" data-sizes=\"auto\" data-orig-sizes=\"(max-width: 300px) 100vw, 300px\" \/><\/p>\n<p class=\"p1\">KEMPER-KONTAKT est synonyme de pr\u00e9cision, de qualit\u00e9 et d&rsquo;innovation dans la rectification de surface et la fabrication de rondelles de contact, de rouleaux sp\u00e9ciaux et de composants sp\u00e9ciaux pour les besoins industriels et municipaux.<br \/>\nAvec nos deux divisions, nous offrons une large gamme de produits et de solutions qui sont livr\u00e9s dans pr\u00e8s de 45 pays \u00e0 travers le monde. <\/p>\n<p class=\"p1\">Depuis plus de 70 ans, nous sommes l&rsquo;un des principaux fournisseurs dans le domaine du pon\u00e7age des surfaces.<br \/>\nCette exp\u00e9rience de plusieurs d\u00e9cennies nous permet de d\u00e9velopper et de perfectionner en permanence des technologies innovantes pour le pon\u00e7age et le tron\u00e7onnage.<br \/>\nNotre volont\u00e9 d&rsquo;am\u00e9lioration se refl\u00e8te dans notre gestion de la qualit\u00e9, soutenue par des processus document\u00e9s et des \u00e9quipements de contr\u00f4le internes.<br \/>\nNotre centre d&rsquo;essai KEMPER-KONTAKT joue un r\u00f4le crucial dans le d\u00e9veloppement de nouveaux mat\u00e9riaux et proc\u00e9d\u00e9s.<br \/>\nNous analysons et optimisons votre proc\u00e9d\u00e9 de rectification gr\u00e2ce \u00e0 notre savoir-faire approfondi afin de vous proposer une solution optimale et \u00e9conomique.    <\/p>\n<p><img decoding=\"async\" class=\"lazyload alignright wp-image-623\" src=\"http:\/\/kemperkontakt.com\/wp-content\/uploads\/2024\/06\/scan_9069_800x500.png\" data-orig-src=\"http:\/\/kemperkontakt.com\/wp-content\/uploads\/2024\/06\/scan_9069_800x500.png\" alt=\"\" width=\"300\" height=\"188\" srcset=\"data:image\/svg+xml,%3Csvg%20xmlns%3D%27http%3A%2F%2Fwww.w3.org%2F2000%2Fsvg%27%20width%3D%27300%27%20height%3D%27188%27%20viewBox%3D%270%200%20300%20188%27%3E%3Crect%20width%3D%27300%27%20height%3D%27188%27%20fill-opacity%3D%220%22%2F%3E%3C%2Fsvg%3E\" data-srcset=\"https:\/\/kemperkontakt.de\/wp-content\/uploads\/2024\/06\/scan_9069_800x500-200x125.png 200w, https:\/\/kemperkontakt.de\/wp-content\/uploads\/2024\/06\/scan_9069_800x500-300x188.png 300w, https:\/\/kemperkontakt.de\/wp-content\/uploads\/2024\/06\/scan_9069_800x500-320x202.png 320w, https:\/\/kemperkontakt.de\/wp-content\/uploads\/2024\/06\/scan_9069_800x500-400x250.png 400w, https:\/\/kemperkontakt.de\/wp-content\/uploads\/2024\/06\/scan_9069_800x500-500x313.png 500w, https:\/\/kemperkontakt.de\/wp-content\/uploads\/2024\/06\/scan_9069_800x500-600x375.png 600w, https:\/\/kemperkontakt.de\/wp-content\/uploads\/2024\/06\/scan_9069_800x500-700x441.png 700w, https:\/\/kemperkontakt.de\/wp-content\/uploads\/2024\/06\/scan_9069_800x500-768x480.png 768w, https:\/\/kemperkontakt.de\/wp-content\/uploads\/2024\/06\/scan_9069_800x500.png 800w\" data-sizes=\"auto\" data-orig-sizes=\"(max-width: 300px) 100vw, 300px\" \/><\/p>\n<p class=\"p1\">Dans notre deuxi\u00e8me secteur d&rsquo;activit\u00e9, nous fabriquons des rondelles de contact pr\u00e9cises et de haute qualit\u00e9, des rouleaux sp\u00e9ciaux et des composants sp\u00e9ciaux indispensables au bon fonctionnement et aux processus de production de votre entreprise.<br \/>\nNotre expertise comprend des composants sp\u00e9cifiques pour, par exemple, la technique d&rsquo;entra\u00eenement, l&rsquo;hydraulique, la maintenance et la manutention.<br \/>\nCes solutions sp\u00e9ciales vous offrent une fonctionnalit\u00e9 maximale, une protection maximale de l&rsquo;utilisateur et le plus grand b\u00e9n\u00e9fice possible dans l&rsquo;utilisation op\u00e9rationnelle.  <\/p>\n<p><img decoding=\"async\" class=\"lazyload alignleft wp-image-624\" src=\"http:\/\/kemperkontakt.com\/wp-content\/uploads\/2024\/06\/scan_9073_800x800.png\" data-orig-src=\"http:\/\/kemperkontakt.com\/wp-content\/uploads\/2024\/06\/scan_9073_800x800.png\" alt=\"\" width=\"300\" height=\"300\" srcset=\"data:image\/svg+xml,%3Csvg%20xmlns%3D%27http%3A%2F%2Fwww.w3.org%2F2000%2Fsvg%27%20width%3D%27300%27%20height%3D%27300%27%20viewBox%3D%270%200%20300%20300%27%3E%3Crect%20width%3D%27300%27%20height%3D%27300%27%20fill-opacity%3D%220%22%2F%3E%3C%2Fsvg%3E\" data-srcset=\"https:\/\/kemperkontakt.de\/wp-content\/uploads\/2024\/06\/scan_9073_800x800-66x66.png 66w, https:\/\/kemperkontakt.de\/wp-content\/uploads\/2024\/06\/scan_9073_800x800-150x150.png 150w, https:\/\/kemperkontakt.de\/wp-content\/uploads\/2024\/06\/scan_9073_800x800-200x200.png 200w, https:\/\/kemperkontakt.de\/wp-content\/uploads\/2024\/06\/scan_9073_800x800-300x300.png 300w, https:\/\/kemperkontakt.de\/wp-content\/uploads\/2024\/06\/scan_9073_800x800-400x400.png 400w, https:\/\/kemperkontakt.de\/wp-content\/uploads\/2024\/06\/scan_9073_800x800-500x500.png 500w, https:\/\/kemperkontakt.de\/wp-content\/uploads\/2024\/06\/scan_9073_800x800-600x600.png 600w, https:\/\/kemperkontakt.de\/wp-content\/uploads\/2024\/06\/scan_9073_800x800-768x768.png 768w, https:\/\/kemperkontakt.de\/wp-content\/uploads\/2024\/06\/scan_9073_800x800.png 800w\" data-sizes=\"auto\" data-orig-sizes=\"(max-width: 300px) 100vw, 300px\" \/><\/p>\n<p class=\"p1\">Forts de notre longue exp\u00e9rience, nous sommes un partenaire reconnu et fiable dans ce domaine pour l&rsquo;industrie et les entreprises municipales. Nos d\u00e9lais de livraison rapides et la qualit\u00e9 \u00e9lev\u00e9e de nos produits sp\u00e9ciaux garantissent que votre entreprise reste toujours op\u00e9rationnelle. <\/p>\n<p class=\"p1\">Gr\u00e2ce \u00e0 notre gamme compl\u00e8te de produits haut de gamme et \u00e0 la qualit\u00e9 de fabrication de nos produits, reconnue par l&rsquo;industrie, nous nous effor\u00e7ons d&rsquo;\u00eatre le leader en mati\u00e8re de qualit\u00e9 dans notre secteur.<\/p>\n<p class=\"p1\">KEMPER-KONTAKT est votre partenaire fiable pour des solutions de pon\u00e7age de haute qualit\u00e9 et des produits sp\u00e9ciaux individuels dans le domaine industriel et communal.<\/p>\n<\/div><\/div><\/div><\/div><\/div>\n","protected":false},"excerpt":{"rendered":"","protected":false},"author":1,"featured_media":0,"parent":0,"menu_order":0,"comment_status":"closed","ping_status":"closed","template":"100-width.php","meta":{"footnotes":""},"class_list":["post-3374","page","type-page","status-publish","hentry"],"yoast_head":"<!-- This site is optimized with the Yoast SEO plugin v27.4 - https:\/\/yoast.com\/product\/yoast-seo-wordpress\/ -->\n<title>\u00c0 propos de Kemper - Kemper-Kontakt<\/title>\n<meta name=\"robots\" content=\"index, follow, max-snippet:-1, max-image-preview:large, max-video-preview:-1\" \/>\n<link rel=\"canonical\" href=\"https:\/\/kemperkontakt.de\/fr\/a-propos-de-kemper\/\" \/>\n<meta property=\"og:locale\" content=\"fr_FR\" \/>\n<meta property=\"og:type\" content=\"article\" \/>\n<meta property=\"og:title\" content=\"\u00c0 propos de Kemper - Kemper-Kontakt\" \/>\n<meta property=\"og:url\" content=\"https:\/\/kemperkontakt.de\/fr\/a-propos-de-kemper\/\" \/>\n<meta property=\"og:site_name\" content=\"Kemper-Kontakt\" \/>\n<meta property=\"article:modified_time\" content=\"2024-12-04T12:20:00+00:00\" \/>\n<meta property=\"og:image\" content=\"http:\/\/kemperkontakt.com\/wp-content\/uploads\/2024\/06\/scan_9066_800x500.png\" \/>\n<meta name=\"twitter:card\" content=\"summary_large_image\" \/>\n<meta name=\"twitter:label1\" content=\"Dur\u00e9e de lecture estim\u00e9e\" \/>\n\t<meta name=\"twitter:data1\" content=\"6 minutes\" \/>\n<script type=\"application\/ld+json\" class=\"yoast-schema-graph\">{\"@context\":\"https:\\\/\\\/schema.org\",\"@graph\":[{\"@type\":\"WebPage\",\"@id\":\"https:\\\/\\\/kemperkontakt.de\\\/fr\\\/a-propos-de-kemper\\\/\",\"url\":\"https:\\\/\\\/kemperkontakt.de\\\/fr\\\/a-propos-de-kemper\\\/\",\"name\":\"\u00c0 propos de Kemper - Kemper-Kontakt\",\"isPartOf\":{\"@id\":\"https:\\\/\\\/kemperkontakt.de\\\/fr\\\/#website\"},\"primaryImageOfPage\":{\"@id\":\"https:\\\/\\\/kemperkontakt.de\\\/fr\\\/a-propos-de-kemper\\\/#primaryimage\"},\"image\":{\"@id\":\"https:\\\/\\\/kemperkontakt.de\\\/fr\\\/a-propos-de-kemper\\\/#primaryimage\"},\"thumbnailUrl\":\"http:\\\/\\\/kemperkontakt.com\\\/wp-content\\\/uploads\\\/2024\\\/06\\\/scan_9066_800x500.png\",\"datePublished\":\"2024-07-04T14:32:02+00:00\",\"dateModified\":\"2024-12-04T12:20:00+00:00\",\"breadcrumb\":{\"@id\":\"https:\\\/\\\/kemperkontakt.de\\\/fr\\\/a-propos-de-kemper\\\/#breadcrumb\"},\"inLanguage\":\"fr-FR\",\"potentialAction\":[{\"@type\":\"ReadAction\",\"target\":[\"https:\\\/\\\/kemperkontakt.de\\\/fr\\\/a-propos-de-kemper\\\/\"]}]},{\"@type\":\"ImageObject\",\"inLanguage\":\"fr-FR\",\"@id\":\"https:\\\/\\\/kemperkontakt.de\\\/fr\\\/a-propos-de-kemper\\\/#primaryimage\",\"url\":\"http:\\\/\\\/kemperkontakt.com\\\/wp-content\\\/uploads\\\/2024\\\/06\\\/scan_9066_800x500.png\",\"contentUrl\":\"http:\\\/\\\/kemperkontakt.com\\\/wp-content\\\/uploads\\\/2024\\\/06\\\/scan_9066_800x500.png\"},{\"@type\":\"BreadcrumbList\",\"@id\":\"https:\\\/\\\/kemperkontakt.de\\\/fr\\\/a-propos-de-kemper\\\/#breadcrumb\",\"itemListElement\":[{\"@type\":\"ListItem\",\"position\":1,\"name\":\"Startseite\",\"item\":\"https:\\\/\\\/kemperkontakt.de\\\/fr\\\/\"},{\"@type\":\"ListItem\",\"position\":2,\"name\":\"\u00c0 propos de Kemper\"}]},{\"@type\":\"WebSite\",\"@id\":\"https:\\\/\\\/kemperkontakt.de\\\/fr\\\/#website\",\"url\":\"https:\\\/\\\/kemperkontakt.de\\\/fr\\\/\",\"name\":\"Kemper-Kontakt\",\"description\":\"\",\"potentialAction\":[{\"@type\":\"SearchAction\",\"target\":{\"@type\":\"EntryPoint\",\"urlTemplate\":\"https:\\\/\\\/kemperkontakt.de\\\/fr\\\/?s={search_term_string}\"},\"query-input\":{\"@type\":\"PropertyValueSpecification\",\"valueRequired\":true,\"valueName\":\"search_term_string\"}}],\"inLanguage\":\"fr-FR\"}]}<\/script>\n<!-- \/ Yoast SEO plugin. -->","yoast_head_json":{"title":"\u00c0 propos de Kemper - Kemper-Kontakt","robots":{"index":"index","follow":"follow","max-snippet":"max-snippet:-1","max-image-preview":"max-image-preview:large","max-video-preview":"max-video-preview:-1"},"canonical":"https:\/\/kemperkontakt.de\/fr\/a-propos-de-kemper\/","og_locale":"fr_FR","og_type":"article","og_title":"\u00c0 propos de Kemper - Kemper-Kontakt","og_url":"https:\/\/kemperkontakt.de\/fr\/a-propos-de-kemper\/","og_site_name":"Kemper-Kontakt","article_modified_time":"2024-12-04T12:20:00+00:00","og_image":[{"url":"http:\/\/kemperkontakt.com\/wp-content\/uploads\/2024\/06\/scan_9066_800x500.png","type":"","width":"","height":""}],"twitter_card":"summary_large_image","twitter_misc":{"Dur\u00e9e de lecture estim\u00e9e":"6 minutes"},"schema":{"@context":"https:\/\/schema.org","@graph":[{"@type":"WebPage","@id":"https:\/\/kemperkontakt.de\/fr\/a-propos-de-kemper\/","url":"https:\/\/kemperkontakt.de\/fr\/a-propos-de-kemper\/","name":"\u00c0 propos de Kemper - Kemper-Kontakt","isPartOf":{"@id":"https:\/\/kemperkontakt.de\/fr\/#website"},"primaryImageOfPage":{"@id":"https:\/\/kemperkontakt.de\/fr\/a-propos-de-kemper\/#primaryimage"},"image":{"@id":"https:\/\/kemperkontakt.de\/fr\/a-propos-de-kemper\/#primaryimage"},"thumbnailUrl":"http:\/\/kemperkontakt.com\/wp-content\/uploads\/2024\/06\/scan_9066_800x500.png","datePublished":"2024-07-04T14:32:02+00:00","dateModified":"2024-12-04T12:20:00+00:00","breadcrumb":{"@id":"https:\/\/kemperkontakt.de\/fr\/a-propos-de-kemper\/#breadcrumb"},"inLanguage":"fr-FR","potentialAction":[{"@type":"ReadAction","target":["https:\/\/kemperkontakt.de\/fr\/a-propos-de-kemper\/"]}]},{"@type":"ImageObject","inLanguage":"fr-FR","@id":"https:\/\/kemperkontakt.de\/fr\/a-propos-de-kemper\/#primaryimage","url":"http:\/\/kemperkontakt.com\/wp-content\/uploads\/2024\/06\/scan_9066_800x500.png","contentUrl":"http:\/\/kemperkontakt.com\/wp-content\/uploads\/2024\/06\/scan_9066_800x500.png"},{"@type":"BreadcrumbList","@id":"https:\/\/kemperkontakt.de\/fr\/a-propos-de-kemper\/#breadcrumb","itemListElement":[{"@type":"ListItem","position":1,"name":"Startseite","item":"https:\/\/kemperkontakt.de\/fr\/"},{"@type":"ListItem","position":2,"name":"\u00c0 propos de Kemper"}]},{"@type":"WebSite","@id":"https:\/\/kemperkontakt.de\/fr\/#website","url":"https:\/\/kemperkontakt.de\/fr\/","name":"Kemper-Kontakt","description":"","potentialAction":[{"@type":"SearchAction","target":{"@type":"EntryPoint","urlTemplate":"https:\/\/kemperkontakt.de\/fr\/?s={search_term_string}"},"query-input":{"@type":"PropertyValueSpecification","valueRequired":true,"valueName":"search_term_string"}}],"inLanguage":"fr-FR"}]}},"_links":{"self":[{"href":"https:\/\/kemperkontakt.de\/fr\/wp-json\/wp\/v2\/pages\/3374","targetHints":{"allow":["GET"]}}],"collection":[{"href":"https:\/\/kemperkontakt.de\/fr\/wp-json\/wp\/v2\/pages"}],"about":[{"href":"https:\/\/kemperkontakt.de\/fr\/wp-json\/wp\/v2\/types\/page"}],"author":[{"embeddable":true,"href":"https:\/\/kemperkontakt.de\/fr\/wp-json\/wp\/v2\/users\/1"}],"replies":[{"embeddable":true,"href":"https:\/\/kemperkontakt.de\/fr\/wp-json\/wp\/v2\/comments?post=3374"}],"version-history":[{"count":2,"href":"https:\/\/kemperkontakt.de\/fr\/wp-json\/wp\/v2\/pages\/3374\/revisions"}],"predecessor-version":[{"id":3376,"href":"https:\/\/kemperkontakt.de\/fr\/wp-json\/wp\/v2\/pages\/3374\/revisions\/3376"}],"wp:attachment":[{"href":"https:\/\/kemperkontakt.de\/fr\/wp-json\/wp\/v2\/media?parent=3374"}],"curies":[{"name":"wp","href":"https:\/\/api.w.org\/{rel}","templated":true}]}}