{"id":3310,"date":"2024-06-05T18:04:54","date_gmt":"2024-06-05T16:04:54","guid":{"rendered":"https:\/\/kemperkontakt.com\/ebavurage\/"},"modified":"2025-09-18T16:01:40","modified_gmt":"2025-09-18T14:01:40","slug":"ebavurage","status":"publish","type":"page","link":"https:\/\/kemperkontakt.de\/fr\/ebavurage\/","title":{"rendered":"\u00c9bavurage"},"content":{"rendered":"<p><div class=\"fusion-fullwidth fullwidth-box fusion-builder-row-1 fusion-flex-container has-pattern-background has-mask-background nonhundred-percent-fullwidth non-hundred-percent-height-scrolling\" style=\"--awb-border-radius-top-left:0px;--awb-border-radius-top-right:0px;--awb-border-radius-bottom-right:0px;--awb-border-radius-bottom-left:0px;--awb-flex-wrap:wrap;\" ><div class=\"fusion-builder-row fusion-row fusion-flex-align-items-flex-start fusion-flex-content-wrap\" style=\"max-width:1248px;margin-left: calc(-4% \/ 2 );margin-right: calc(-4% \/ 2 );\"><div class=\"fusion-layout-column fusion_builder_column fusion-builder-column-0 fusion_builder_column_1_1 1_1 fusion-flex-column\" style=\"--awb-bg-size:cover;--awb-width-large:100%;--awb-margin-top-large:0px;--awb-spacing-right-large:1.92%;--awb-margin-bottom-large:20px;--awb-spacing-left-large:1.92%;--awb-width-medium:100%;--awb-order-medium:0;--awb-spacing-right-medium:1.92%;--awb-spacing-left-medium:1.92%;--awb-width-small:100%;--awb-order-small:0;--awb-spacing-right-small:1.92%;--awb-spacing-left-small:1.92%;\"><div class=\"fusion-column-wrapper fusion-column-has-shadow fusion-flex-justify-content-flex-start fusion-content-layout-column\"><div class=\"fusion-title title fusion-title-1 fusion-sep-none fusion-title-text fusion-title-size-one\"><h1 class=\"fusion-title-heading title-heading-left fusion-responsive-typography-calculated\" style=\"margin:0;--fontSize:48;line-height:1.2;\">\u00c9bavurage<\/h1><\/div><\/div><\/div><\/div><\/div><div class=\"fusion-fullwidth fullwidth-box fusion-builder-row-2 fusion-flex-container has-pattern-background has-mask-background nonhundred-percent-fullwidth non-hundred-percent-height-scrolling\" style=\"--awb-border-radius-top-left:0px;--awb-border-radius-top-right:0px;--awb-border-radius-bottom-right:0px;--awb-border-radius-bottom-left:0px;--awb-flex-wrap:wrap;\" ><div class=\"fusion-builder-row fusion-row fusion-flex-align-items-flex-start fusion-flex-content-wrap\" style=\"max-width:1248px;margin-left: calc(-4% \/ 2 );margin-right: calc(-4% \/ 2 );\"><div class=\"fusion-layout-column fusion_builder_column fusion-builder-column-1 fusion_builder_column_1_1 1_1 fusion-flex-column\" style=\"--awb-bg-size:cover;--awb-width-large:100%;--awb-margin-top-large:0px;--awb-spacing-right-large:1.92%;--awb-margin-bottom-large:20px;--awb-spacing-left-large:1.92%;--awb-width-medium:100%;--awb-order-medium:0;--awb-spacing-right-medium:1.92%;--awb-spacing-left-medium:1.92%;--awb-width-small:100%;--awb-order-small:0;--awb-spacing-right-small:1.92%;--awb-spacing-left-small:1.92%;\"><div class=\"fusion-column-wrapper fusion-column-has-shadow fusion-flex-justify-content-flex-start fusion-content-layout-column\"><div class=\"fusion-text fusion-text-1\"><div class=\"popup-gallery row\">\n<div class=\"col-xs-12\">\n<p class=\"bodytext\"><img decoding=\"async\" class=\"lazyload wp-image-7477 size-fusion-400 alignleft\" src=\"https:\/\/kemperkontakt.de\/wp-content\/uploads\/2025\/09\/2025_09_Fotoserie_kemperkontakt-32-400x267.jpg\" data-orig-src=\"https:\/\/kemperkontakt.de\/wp-content\/uploads\/2025\/09\/2025_09_Fotoserie_kemperkontakt-32-400x267.jpg\" alt=\"\" width=\"400\" height=\"267\" srcset=\"data:image\/svg+xml,%3Csvg%20xmlns%3D%27http%3A%2F%2Fwww.w3.org%2F2000%2Fsvg%27%20width%3D%27400%27%20height%3D%27267%27%20viewBox%3D%270%200%20400%20267%27%3E%3Crect%20width%3D%27400%27%20height%3D%27267%27%20fill-opacity%3D%220%22%2F%3E%3C%2Fsvg%3E\" data-srcset=\"https:\/\/kemperkontakt.de\/wp-content\/uploads\/2025\/09\/2025_09_Fotoserie_kemperkontakt-32-200x133.jpg 200w, https:\/\/kemperkontakt.de\/wp-content\/uploads\/2025\/09\/2025_09_Fotoserie_kemperkontakt-32-300x200.jpg 300w, https:\/\/kemperkontakt.de\/wp-content\/uploads\/2025\/09\/2025_09_Fotoserie_kemperkontakt-32-400x267.jpg 400w, https:\/\/kemperkontakt.de\/wp-content\/uploads\/2025\/09\/2025_09_Fotoserie_kemperkontakt-32-500x333.jpg 500w, https:\/\/kemperkontakt.de\/wp-content\/uploads\/2025\/09\/2025_09_Fotoserie_kemperkontakt-32-600x400.jpg 600w, https:\/\/kemperkontakt.de\/wp-content\/uploads\/2025\/09\/2025_09_Fotoserie_kemperkontakt-32-768x512.jpg 768w, https:\/\/kemperkontakt.de\/wp-content\/uploads\/2025\/09\/2025_09_Fotoserie_kemperkontakt-32-800x533.jpg 800w, https:\/\/kemperkontakt.de\/wp-content\/uploads\/2025\/09\/2025_09_Fotoserie_kemperkontakt-32-1024x682.jpg 1024w, https:\/\/kemperkontakt.de\/wp-content\/uploads\/2025\/09\/2025_09_Fotoserie_kemperkontakt-32-1200x800.jpg 1200w, https:\/\/kemperkontakt.de\/wp-content\/uploads\/2025\/09\/2025_09_Fotoserie_kemperkontakt-32.jpg 1280w\" data-sizes=\"auto\" data-orig-sizes=\"(max-width: 400px) 100vw, 400px\" \/>Les fabricants et les sous-traitants de profil\u00e9s ou de pi\u00e8ces moul\u00e9es en aluminium sont r\u00e9guli\u00e8rement confront\u00e9s au probl\u00e8me de l\u2019\u00e9bavurage des pi\u00e8ces d\u00e9coup\u00e9es.<br \/>\nLes SCHLEIFSTERNE\u00ae de KEMPER-KONTAKT Gert Kemper GmbH offrent une solution optimale en raison de leur prix et de leur rapidit\u00e9.<\/p>\n<p class=\"bodytext\">Ces disques abrasifs sont disponibles en diff\u00e9rents diam\u00e8tres et granulom\u00e9tries en fonction de la duret\u00e9 et de la forme de la pi\u00e8ce \u00e0 usiner. Ils s\u2019utilisent soit avec des ponceuses manuelles courantes, soit avec des ponceuses pneumatiques, soit avec des ponceuses stationnaires \u00e0 r\u00e9glage continu telles que la STARMAX\u00ae neo (voir photo).<\/p>\n<\/div>\n<\/div>\n<p class=\"bodytext\">Bien choisir la vitesse de rotation optimale en fonction du diam\u00e8tre est ici d\u2019une importance capitale, car seul un bon r\u00e9glage permet d\u2019exploiter pleinement la grande flexibilit\u00e9 des disques abrasifs lors du processus d\u2019\u00e9bavurage.<br \/>\nM\u00eame les pi\u00e8ces sci\u00e9es fortement profil\u00e9es sont \u00e9bavur\u00e9es en quelques secondes, sans laisser de poils visibles (\u00e0 l\u2019inverse des brosses m\u00e9talliques) ou de r\u00e9sidus invisibles (\u00e0 l\u2019inverse des brosses en nylon). Vous n\u2019aurez donc pas besoin de les \u00e9liminer par soufflage lors d\u2019une op\u00e9ration s\u00e9par\u00e9e et vous \u00eates s\u00fbr de pouvoir poursuivre sans probl\u00e8me avec des op\u00e9rations d\u2019usinage galvanique.<br \/>\nLa pr\u00e9cision dimensionnelle des pi\u00e8ces n\u2019est pas affect\u00e9e par l\u2019\u00e9bavurage avec le <span style=\"color: #009a93;\"><a style=\"color: #009a93;\" href=\"https:\/\/kemperkontakt.de\/fr\/produkt-kategorie\/poncage\/outils-de-poncage-lamelles\/etoile-abrasive-originale-kemper\/\">DISQUE ABRASIF SCHLEIFSTERNE<sup>\u00ae<\/sup> de KEMPER<\/a><\/span>.<\/p>\n<p class=\"bodytext\">La ponceuse <span style=\"color: #009a93;\"><a class=\"internal-link\" style=\"color: #009a93;\" href=\"https:\/\/kemperkontakt.de\/fr\/produkt\/ponceuse-polisseuse-starmax-neo\/\">STARMAX\u00ae neo<\/a><\/span> peut \u00eatre int\u00e9gr\u00e9e dans le flux de travail en tant que machine autonome. Elle peut se commander manuellement ou automatiquement lors de l\u2019\u00e9bavurage de la pi\u00e8ce. Vous pouvez prendre la d\u00e9cision au cas par cas, en fonction des possibilit\u00e9s techniques locales. Elle est compatible avec les disques abrasifs, sur un ou deux c\u00f4t\u00e9s.<\/p>\n<p class=\"bodytext\">Le co\u00fbt d\u2019investissement, tr\u00e8s faible par rapport \u00e0 l\u2019effet de rationalisation, est tr\u00e8s int\u00e9ressant.<\/p>\n<p class=\"bodytext\">Les SCHLEIFSTERNE\u00ae par Kemper combin\u00e9es \u00e0 ponceuse stationnaire STARMAX\u00ae neo offrent une solution flexible et \u00e9conomique aux probl\u00e8mes d\u2019\u00e9bavurage dans le domaine industriel. Ils permettent donc \u00e9galement aux fabricants de s\u00e9ries moyennes et petites d\u2019exploiter les potentiels de rationalisation recherch\u00e9s.<\/p>\n<\/div><\/div><\/div><\/div><\/div><div class=\"fusion-fullwidth fullwidth-box fusion-builder-row-3 fusion-flex-container has-pattern-background has-mask-background nonhundred-percent-fullwidth non-hundred-percent-height-scrolling\" style=\"--awb-border-radius-top-left:0px;--awb-border-radius-top-right:0px;--awb-border-radius-bottom-right:0px;--awb-border-radius-bottom-left:0px;--awb-flex-wrap:wrap;\" ><div class=\"fusion-builder-row fusion-row fusion-flex-align-items-flex-start fusion-flex-content-wrap\" style=\"max-width:1248px;margin-left: calc(-4% \/ 2 );margin-right: calc(-4% \/ 2 );\"><div class=\"fusion-layout-column fusion_builder_column fusion-builder-column-2 fusion_builder_column_1_1 1_1 fusion-flex-column\" style=\"--awb-bg-size:cover;--awb-width-large:100%;--awb-margin-top-large:0px;--awb-spacing-right-large:1.92%;--awb-margin-bottom-large:20px;--awb-spacing-left-large:1.92%;--awb-width-medium:100%;--awb-order-medium:0;--awb-spacing-right-medium:1.92%;--awb-spacing-left-medium:1.92%;--awb-width-small:100%;--awb-order-small:0;--awb-spacing-right-small:1.92%;--awb-spacing-left-small:1.92%;\"><div class=\"fusion-column-wrapper fusion-column-has-shadow fusion-flex-justify-content-flex-start fusion-content-layout-column\"><div class=\"fusion-title title fusion-title-2 fusion-sep-none fusion-title-text fusion-title-size-one\"><h1 class=\"fusion-title-heading title-heading-left fusion-responsive-typography-calculated\" style=\"margin:0;--fontSize:48;line-height:1.2;\"><h4>Produits d&rsquo;\u00e9bavurage<\/h4><\/h1><\/div><\/div><\/div><div class=\"fusion-layout-column fusion_builder_column fusion-builder-column-3 fusion_builder_column_1_1 1_1 fusion-flex-column\" style=\"--awb-bg-size:cover;--awb-width-large:100%;--awb-margin-top-large:0px;--awb-spacing-right-large:1.92%;--awb-margin-bottom-large:20px;--awb-spacing-left-large:1.92%;--awb-width-medium:100%;--awb-order-medium:0;--awb-spacing-right-medium:1.92%;--awb-spacing-left-medium:1.92%;--awb-width-small:100%;--awb-order-small:0;--awb-spacing-right-small:1.92%;--awb-spacing-left-small:1.92%;\"><div class=\"fusion-column-wrapper fusion-column-has-shadow fusion-flex-justify-content-flex-start fusion-content-layout-column\"><div class=\"fusion-woo-product-slider fusion-woo-slider\"><div class=\"awb-carousel awb-swiper awb-swiper-carousel fusion-carousel-title-below-image\" style=\"--awb-column-spacing:7px;\" data-metacontent=\"yes\" data-autoplay=\"no\" data-columns=\"5\" data-itemmargin=\"7\" data-itemwidth=\"180\" data-touchscroll=\"yes\" data-imagesize=\"fixed\" data-scrollitems=\"3\"><div class=\"swiper-wrapper\"><div class=\"swiper-slide\"><div class=\"fusion-classic-product-image-wrapper\"><div class=\"fusion-carousel-item-wrapper\"><div  class=\"fusion-image-wrapper fusion-image-size-fixed\" aria-haspopup=\"true\">\n\t\t\t\t<div class=\"fusion-woo-badges-wrapper\">\n<\/div>\t\t\t<a href=\"https:\/\/kemperkontakt.de\/fr\/produkt\/etoile-abrasive-originale-kemper-ms\/\" aria-label=\"Disque abrasif SCHLEIFSTERN\u00ae MS par KEMPER\">\n\t\t\t\t\t\t\t<img decoding=\"async\" width=\"177\" height=\"142\" src=\"data:image\/svg+xml,%3Csvg%20xmlns%3D%27http%3A%2F%2Fwww.w3.org%2F2000%2Fsvg%27%20width%3D%27177%27%20height%3D%27142%27%20viewBox%3D%270%200%20177%20142%27%3E%3Crect%20width%3D%27177%27%20height%3D%27142%27%20fill-opacity%3D%220%22%2F%3E%3C%2Fsvg%3E\" data-orig-src=\"https:\/\/kemperkontakt.de\/wp-content\/uploads\/2024\/06\/ORIGINAL-KEMPER-Schleifstern_MS_1000x1000-177x142.jpg\" class=\"lazyload attachment-portfolio-five size-portfolio-five wp-post-image\" alt=\"\" \/><div class=\"cart-loading\"><i class=\"awb-icon-spinner\" aria-hidden=\"true\"><\/i><\/div>\t\t\t<\/a>\n\t\t\t\t\t\t\t<\/div>\n<h4 class=\"fusion-carousel-title product-title\"><a href=\"https:\/\/kemperkontakt.de\/fr\/produkt\/etoile-abrasive-originale-kemper-ms\/\" target=\"_self\">Disque abrasif SCHLEIFSTERN\u00ae MS par KEMPER<\/a><\/h4><div class=\"fusion-carousel-meta\"><div class=\"fusion-carousel-price\">\n<\/div><\/div><\/div><\/div><\/div><div class=\"swiper-slide\"><div class=\"fusion-classic-product-image-wrapper\"><div class=\"fusion-carousel-item-wrapper\"><div  class=\"fusion-image-wrapper fusion-image-size-fixed\" aria-haspopup=\"true\">\n\t\t\t\t<div class=\"fusion-woo-badges-wrapper\">\n<\/div>\t\t\t<a href=\"https:\/\/kemperkontakt.de\/fr\/produkt\/ponceuse-polisseuse-starmax-neo\/\" aria-label=\"Ponceuse \/ polisseuse STARMAX\u00ae neo\">\n\t\t\t\t\t\t\t<img decoding=\"async\" width=\"177\" height=\"142\" src=\"data:image\/svg+xml,%3Csvg%20xmlns%3D%27http%3A%2F%2Fwww.w3.org%2F2000%2Fsvg%27%20width%3D%27177%27%20height%3D%27142%27%20viewBox%3D%270%200%20177%20142%27%3E%3Crect%20width%3D%27177%27%20height%3D%27142%27%20fill-opacity%3D%220%22%2F%3E%3C%2Fsvg%3E\" data-orig-src=\"https:\/\/kemperkontakt.de\/wp-content\/uploads\/2024\/06\/Starmax_neo-1_1000x1000-177x142.jpg\" class=\"lazyload attachment-portfolio-five size-portfolio-five wp-post-image\" alt=\"\" \/><div class=\"cart-loading\"><i class=\"awb-icon-spinner\" aria-hidden=\"true\"><\/i><\/div>\t\t\t<\/a>\n\t\t\t\t\t\t\t<\/div>\n<h4 class=\"fusion-carousel-title product-title\"><a href=\"https:\/\/kemperkontakt.de\/fr\/produkt\/ponceuse-polisseuse-starmax-neo\/\" target=\"_self\">Ponceuse \/ polisseuse STARMAX\u00ae neo<\/a><\/h4><div class=\"fusion-carousel-meta\"><div class=\"fusion-carousel-price\">\n<\/div><\/div><\/div><\/div><\/div><div class=\"swiper-slide\"><div class=\"fusion-classic-product-image-wrapper\"><div class=\"fusion-carousel-item-wrapper\"><div  class=\"fusion-image-wrapper fusion-image-size-fixed\" aria-haspopup=\"true\">\n\t\t\t\t<div class=\"fusion-woo-badges-wrapper\">\n<\/div>\t\t\t<a href=\"https:\/\/kemperkontakt.de\/fr\/produkt\/etoiles-abrasives-originales-kemper\/\" aria-label=\"Disque abrasif SCHLEIFSTERN\u00ae par KEMPER\">\n\t\t\t\t\t\t\t<img decoding=\"async\" width=\"177\" height=\"142\" src=\"data:image\/svg+xml,%3Csvg%20xmlns%3D%27http%3A%2F%2Fwww.w3.org%2F2000%2Fsvg%27%20width%3D%27177%27%20height%3D%27142%27%20viewBox%3D%270%200%20177%20142%27%3E%3Crect%20width%3D%27177%27%20height%3D%27142%27%20fill-opacity%3D%220%22%2F%3E%3C%2Fsvg%3E\" data-orig-src=\"https:\/\/kemperkontakt.de\/wp-content\/uploads\/2024\/09\/Schleifsterne-1-1-177x142.jpg\" class=\"lazyload attachment-portfolio-five size-portfolio-five wp-post-image\" alt=\"\" \/><div class=\"cart-loading\"><i class=\"awb-icon-spinner\" aria-hidden=\"true\"><\/i><\/div>\t\t\t<\/a>\n\t\t\t\t\t\t\t<\/div>\n<h4 class=\"fusion-carousel-title product-title\"><a href=\"https:\/\/kemperkontakt.de\/fr\/produkt\/etoiles-abrasives-originales-kemper\/\" target=\"_self\">Disque abrasif SCHLEIFSTERN\u00ae par KEMPER<\/a><\/h4><div class=\"fusion-carousel-meta\"><div class=\"fusion-carousel-price\">\n<\/div><\/div><\/div><\/div><\/div><\/div><div class=\"awb-swiper-button awb-swiper-button-prev\"><i class=\"awb-icon-angle-left\" aria-hidden=\"true\"><\/i><\/div><div class=\"awb-swiper-button awb-swiper-button-next\"><i class=\"awb-icon-angle-right\" aria-hidden=\"true\"><\/i><\/div><\/div><\/div><\/div><\/div><\/div><\/div><\/p>\n","protected":false},"excerpt":{"rendered":"","protected":false},"author":1,"featured_media":0,"parent":0,"menu_order":0,"comment_status":"closed","ping_status":"closed","template":"100-width.php","meta":{"footnotes":""},"class_list":["post-3310","page","type-page","status-publish","hentry"],"yoast_head":"<!-- This site is optimized with the Yoast SEO plugin v27.5 - https:\/\/yoast.com\/product\/yoast-seo-wordpress\/ -->\n<title>\u00c9bavurage - Kemper-Kontakt<\/title>\n<meta name=\"robots\" content=\"index, follow, max-snippet:-1, max-image-preview:large, max-video-preview:-1\" \/>\n<link rel=\"canonical\" href=\"https:\/\/kemperkontakt.de\/fr\/ebavurage\/\" \/>\n<meta property=\"og:locale\" content=\"fr_FR\" \/>\n<meta property=\"og:type\" content=\"article\" \/>\n<meta property=\"og:title\" content=\"\u00c9bavurage - Kemper-Kontakt\" \/>\n<meta property=\"og:url\" content=\"https:\/\/kemperkontakt.de\/fr\/ebavurage\/\" \/>\n<meta property=\"og:site_name\" content=\"Kemper-Kontakt\" \/>\n<meta property=\"article:modified_time\" content=\"2025-09-18T14:01:40+00:00\" \/>\n<meta property=\"og:image\" content=\"https:\/\/kemperkontakt.de\/wp-content\/uploads\/2025\/09\/2025_09_Fotoserie_kemperkontakt-32.jpg\" \/>\n\t<meta property=\"og:image:width\" content=\"1280\" \/>\n\t<meta property=\"og:image:height\" content=\"853\" \/>\n\t<meta property=\"og:image:type\" content=\"image\/jpeg\" \/>\n<meta name=\"twitter:card\" content=\"summary_large_image\" \/>\n<meta name=\"twitter:label1\" content=\"Dur\u00e9e de lecture estim\u00e9e\" \/>\n\t<meta name=\"twitter:data1\" content=\"3 minutes\" \/>\n<script type=\"application\/ld+json\" class=\"yoast-schema-graph\">{\"@context\":\"https:\\\/\\\/schema.org\",\"@graph\":[{\"@type\":\"WebPage\",\"@id\":\"https:\\\/\\\/kemperkontakt.de\\\/fr\\\/ebavurage\\\/\",\"url\":\"https:\\\/\\\/kemperkontakt.de\\\/fr\\\/ebavurage\\\/\",\"name\":\"\u00c9bavurage - Kemper-Kontakt\",\"isPartOf\":{\"@id\":\"https:\\\/\\\/kemperkontakt.de\\\/fr\\\/#website\"},\"primaryImageOfPage\":{\"@id\":\"https:\\\/\\\/kemperkontakt.de\\\/fr\\\/ebavurage\\\/#primaryimage\"},\"image\":{\"@id\":\"https:\\\/\\\/kemperkontakt.de\\\/fr\\\/ebavurage\\\/#primaryimage\"},\"thumbnailUrl\":\"https:\\\/\\\/kemperkontakt.de\\\/wp-content\\\/uploads\\\/2025\\\/09\\\/2025_09_Fotoserie_kemperkontakt-32-400x267.jpg\",\"datePublished\":\"2024-06-05T16:04:54+00:00\",\"dateModified\":\"2025-09-18T14:01:40+00:00\",\"breadcrumb\":{\"@id\":\"https:\\\/\\\/kemperkontakt.de\\\/fr\\\/ebavurage\\\/#breadcrumb\"},\"inLanguage\":\"fr-FR\",\"potentialAction\":[{\"@type\":\"ReadAction\",\"target\":[\"https:\\\/\\\/kemperkontakt.de\\\/fr\\\/ebavurage\\\/\"]}]},{\"@type\":\"ImageObject\",\"inLanguage\":\"fr-FR\",\"@id\":\"https:\\\/\\\/kemperkontakt.de\\\/fr\\\/ebavurage\\\/#primaryimage\",\"url\":\"https:\\\/\\\/kemperkontakt.de\\\/wp-content\\\/uploads\\\/2025\\\/09\\\/2025_09_Fotoserie_kemperkontakt-32-400x267.jpg\",\"contentUrl\":\"https:\\\/\\\/kemperkontakt.de\\\/wp-content\\\/uploads\\\/2025\\\/09\\\/2025_09_Fotoserie_kemperkontakt-32-400x267.jpg\"},{\"@type\":\"BreadcrumbList\",\"@id\":\"https:\\\/\\\/kemperkontakt.de\\\/fr\\\/ebavurage\\\/#breadcrumb\",\"itemListElement\":[{\"@type\":\"ListItem\",\"position\":1,\"name\":\"Startseite\",\"item\":\"https:\\\/\\\/kemperkontakt.de\\\/fr\\\/\"},{\"@type\":\"ListItem\",\"position\":2,\"name\":\"\u00c9bavurage\"}]},{\"@type\":\"WebSite\",\"@id\":\"https:\\\/\\\/kemperkontakt.de\\\/fr\\\/#website\",\"url\":\"https:\\\/\\\/kemperkontakt.de\\\/fr\\\/\",\"name\":\"Kemper-Kontakt\",\"description\":\"\",\"potentialAction\":[{\"@type\":\"SearchAction\",\"target\":{\"@type\":\"EntryPoint\",\"urlTemplate\":\"https:\\\/\\\/kemperkontakt.de\\\/fr\\\/?s={search_term_string}\"},\"query-input\":{\"@type\":\"PropertyValueSpecification\",\"valueRequired\":true,\"valueName\":\"search_term_string\"}}],\"inLanguage\":\"fr-FR\"}]}<\/script>\n<!-- \/ Yoast SEO plugin. -->","yoast_head_json":{"title":"\u00c9bavurage - Kemper-Kontakt","robots":{"index":"index","follow":"follow","max-snippet":"max-snippet:-1","max-image-preview":"max-image-preview:large","max-video-preview":"max-video-preview:-1"},"canonical":"https:\/\/kemperkontakt.de\/fr\/ebavurage\/","og_locale":"fr_FR","og_type":"article","og_title":"\u00c9bavurage - Kemper-Kontakt","og_url":"https:\/\/kemperkontakt.de\/fr\/ebavurage\/","og_site_name":"Kemper-Kontakt","article_modified_time":"2025-09-18T14:01:40+00:00","og_image":[{"width":1280,"height":853,"url":"https:\/\/kemperkontakt.de\/wp-content\/uploads\/2025\/09\/2025_09_Fotoserie_kemperkontakt-32.jpg","type":"image\/jpeg"}],"twitter_card":"summary_large_image","twitter_misc":{"Dur\u00e9e de lecture estim\u00e9e":"3 minutes"},"schema":{"@context":"https:\/\/schema.org","@graph":[{"@type":"WebPage","@id":"https:\/\/kemperkontakt.de\/fr\/ebavurage\/","url":"https:\/\/kemperkontakt.de\/fr\/ebavurage\/","name":"\u00c9bavurage - Kemper-Kontakt","isPartOf":{"@id":"https:\/\/kemperkontakt.de\/fr\/#website"},"primaryImageOfPage":{"@id":"https:\/\/kemperkontakt.de\/fr\/ebavurage\/#primaryimage"},"image":{"@id":"https:\/\/kemperkontakt.de\/fr\/ebavurage\/#primaryimage"},"thumbnailUrl":"https:\/\/kemperkontakt.de\/wp-content\/uploads\/2025\/09\/2025_09_Fotoserie_kemperkontakt-32-400x267.jpg","datePublished":"2024-06-05T16:04:54+00:00","dateModified":"2025-09-18T14:01:40+00:00","breadcrumb":{"@id":"https:\/\/kemperkontakt.de\/fr\/ebavurage\/#breadcrumb"},"inLanguage":"fr-FR","potentialAction":[{"@type":"ReadAction","target":["https:\/\/kemperkontakt.de\/fr\/ebavurage\/"]}]},{"@type":"ImageObject","inLanguage":"fr-FR","@id":"https:\/\/kemperkontakt.de\/fr\/ebavurage\/#primaryimage","url":"https:\/\/kemperkontakt.de\/wp-content\/uploads\/2025\/09\/2025_09_Fotoserie_kemperkontakt-32-400x267.jpg","contentUrl":"https:\/\/kemperkontakt.de\/wp-content\/uploads\/2025\/09\/2025_09_Fotoserie_kemperkontakt-32-400x267.jpg"},{"@type":"BreadcrumbList","@id":"https:\/\/kemperkontakt.de\/fr\/ebavurage\/#breadcrumb","itemListElement":[{"@type":"ListItem","position":1,"name":"Startseite","item":"https:\/\/kemperkontakt.de\/fr\/"},{"@type":"ListItem","position":2,"name":"\u00c9bavurage"}]},{"@type":"WebSite","@id":"https:\/\/kemperkontakt.de\/fr\/#website","url":"https:\/\/kemperkontakt.de\/fr\/","name":"Kemper-Kontakt","description":"","potentialAction":[{"@type":"SearchAction","target":{"@type":"EntryPoint","urlTemplate":"https:\/\/kemperkontakt.de\/fr\/?s={search_term_string}"},"query-input":{"@type":"PropertyValueSpecification","valueRequired":true,"valueName":"search_term_string"}}],"inLanguage":"fr-FR"}]}},"_links":{"self":[{"href":"https:\/\/kemperkontakt.de\/fr\/wp-json\/wp\/v2\/pages\/3310","targetHints":{"allow":["GET"]}}],"collection":[{"href":"https:\/\/kemperkontakt.de\/fr\/wp-json\/wp\/v2\/pages"}],"about":[{"href":"https:\/\/kemperkontakt.de\/fr\/wp-json\/wp\/v2\/types\/page"}],"author":[{"embeddable":true,"href":"https:\/\/kemperkontakt.de\/fr\/wp-json\/wp\/v2\/users\/1"}],"replies":[{"embeddable":true,"href":"https:\/\/kemperkontakt.de\/fr\/wp-json\/wp\/v2\/comments?post=3310"}],"version-history":[{"count":9,"href":"https:\/\/kemperkontakt.de\/fr\/wp-json\/wp\/v2\/pages\/3310\/revisions"}],"predecessor-version":[{"id":7522,"href":"https:\/\/kemperkontakt.de\/fr\/wp-json\/wp\/v2\/pages\/3310\/revisions\/7522"}],"wp:attachment":[{"href":"https:\/\/kemperkontakt.de\/fr\/wp-json\/wp\/v2\/media?parent=3310"}],"curies":[{"name":"wp","href":"https:\/\/api.w.org\/{rel}","templated":true}]}}