{"id":3295,"date":"2024-04-25T17:21:37","date_gmt":"2024-04-25T15:21:37","guid":{"rendered":"https:\/\/kemperkontakt.com\/domaines-dapplication\/"},"modified":"2025-09-17T11:02:52","modified_gmt":"2025-09-17T09:02:52","slug":"domaines-dapplication","status":"publish","type":"page","link":"https:\/\/kemperkontakt.de\/fr\/domaines-dapplication\/","title":{"rendered":"Domaines d&rsquo;application"},"content":{"rendered":"<p><div class=\"fusion-fullwidth fullwidth-box fusion-builder-row-1 fusion-flex-container has-pattern-background has-mask-background nonhundred-percent-fullwidth non-hundred-percent-height-scrolling\" style=\"--awb-border-radius-top-left:0px;--awb-border-radius-top-right:0px;--awb-border-radius-bottom-right:0px;--awb-border-radius-bottom-left:0px;--awb-flex-wrap:wrap;\" ><div class=\"fusion-builder-row fusion-row fusion-flex-align-items-flex-start fusion-flex-content-wrap\" style=\"max-width:1248px;margin-left: calc(-4% \/ 2 );margin-right: calc(-4% \/ 2 );\"><div class=\"fusion-layout-column fusion_builder_column fusion-builder-column-0 fusion_builder_column_1_1 1_1 fusion-flex-column\" style=\"--awb-bg-size:cover;--awb-width-large:100%;--awb-margin-top-large:0px;--awb-spacing-right-large:1.92%;--awb-margin-bottom-large:20px;--awb-spacing-left-large:1.92%;--awb-width-medium:100%;--awb-order-medium:0;--awb-spacing-right-medium:1.92%;--awb-spacing-left-medium:1.92%;--awb-width-small:100%;--awb-order-small:0;--awb-spacing-right-small:1.92%;--awb-spacing-left-small:1.92%;\"><div class=\"fusion-column-wrapper fusion-column-has-shadow fusion-flex-justify-content-flex-start fusion-content-layout-column\"><div class=\"fusion-title title fusion-title-1 fusion-sep-none fusion-title-text fusion-title-size-one\"><h1 class=\"fusion-title-heading title-heading-left fusion-responsive-typography-calculated\" style=\"margin:0;--fontSize:48;line-height:1.2;\">Domaines d&rsquo;application<\/h1><\/div><\/div><\/div><\/div><\/div><div class=\"fusion-fullwidth fullwidth-box fusion-builder-row-2 fusion-flex-container has-pattern-background has-mask-background nonhundred-percent-fullwidth non-hundred-percent-height-scrolling\" style=\"--awb-border-radius-top-left:0px;--awb-border-radius-top-right:0px;--awb-border-radius-bottom-right:0px;--awb-border-radius-bottom-left:0px;--awb-flex-wrap:wrap;\" ><div class=\"fusion-builder-row fusion-row fusion-flex-align-items-flex-start fusion-flex-content-wrap\" style=\"max-width:1248px;margin-left: calc(-4% \/ 2 );margin-right: calc(-4% \/ 2 );\"><div class=\"fusion-layout-column fusion_builder_column fusion-builder-column-1 fusion_builder_column_1_3 1_3 fusion-flex-column\" style=\"--awb-bg-size:cover;--awb-width-large:33.333333333333%;--awb-margin-top-large:0px;--awb-spacing-right-large:5.76%;--awb-margin-bottom-large:20px;--awb-spacing-left-large:5.76%;--awb-width-medium:33.333333333333%;--awb-order-medium:0;--awb-spacing-right-medium:5.76%;--awb-spacing-left-medium:5.76%;--awb-width-small:100%;--awb-order-small:0;--awb-spacing-right-small:1.92%;--awb-spacing-left-small:1.92%;\"><div class=\"fusion-column-wrapper fusion-column-has-shadow fusion-flex-justify-content-flex-start fusion-content-layout-column\"><div class=\"fusion-text fusion-text-1 fusion-text-no-margin\" style=\"--awb-margin-bottom:15px;\"><h5><strong>Pon\u00e7age de surfaces m\u00e9talliques<\/strong><\/h5>\n<\/div><div class=\"fusion-image-element \" style=\"--awb-caption-title-font-family:var(--h2_typography-font-family);--awb-caption-title-font-weight:var(--h2_typography-font-weight);--awb-caption-title-font-style:var(--h2_typography-font-style);--awb-caption-title-size:var(--h2_typography-font-size);--awb-caption-title-transform:var(--h2_typography-text-transform);--awb-caption-title-line-height:var(--h2_typography-line-height);--awb-caption-title-letter-spacing:var(--h2_typography-letter-spacing);\"><span class=\" fusion-imageframe imageframe-none imageframe-1 hover-type-none\"><a class=\"fusion-no-lightbox\" href=\"\/fr\/poncage-de-surfaces-metalliques\/\" target=\"_self\" aria-label=\"2025_09_Fotoserie_kemperkontakt-39\"><img decoding=\"async\" width=\"400\" height=\"267\" src=\"https:\/\/kemperkontakt.de\/wp-content\/uploads\/2025\/09\/2025_09_Fotoserie_kemperkontakt-39.jpg\" data-orig-src=\"https:\/\/kemperkontakt.de\/wp-content\/uploads\/2025\/09\/2025_09_Fotoserie_kemperkontakt-39-400x267.jpg\" alt class=\"lazyload img-responsive wp-image-7463\" srcset=\"data:image\/svg+xml,%3Csvg%20xmlns%3D%27http%3A%2F%2Fwww.w3.org%2F2000%2Fsvg%27%20width%3D%271280%27%20height%3D%27853%27%20viewBox%3D%270%200%201280%20853%27%3E%3Crect%20width%3D%271280%27%20height%3D%27853%27%20fill-opacity%3D%220%22%2F%3E%3C%2Fsvg%3E\" data-srcset=\"https:\/\/kemperkontakt.de\/wp-content\/uploads\/2025\/09\/2025_09_Fotoserie_kemperkontakt-39-200x133.jpg 200w, https:\/\/kemperkontakt.de\/wp-content\/uploads\/2025\/09\/2025_09_Fotoserie_kemperkontakt-39-400x267.jpg 400w, https:\/\/kemperkontakt.de\/wp-content\/uploads\/2025\/09\/2025_09_Fotoserie_kemperkontakt-39-600x400.jpg 600w, https:\/\/kemperkontakt.de\/wp-content\/uploads\/2025\/09\/2025_09_Fotoserie_kemperkontakt-39-800x533.jpg 800w, https:\/\/kemperkontakt.de\/wp-content\/uploads\/2025\/09\/2025_09_Fotoserie_kemperkontakt-39-1200x800.jpg 1200w, https:\/\/kemperkontakt.de\/wp-content\/uploads\/2025\/09\/2025_09_Fotoserie_kemperkontakt-39.jpg 1280w\" data-sizes=\"auto\" data-orig-sizes=\"(max-width: 640px) 100vw, 400px\" \/><\/a><\/span><\/div><div class=\"fusion-text fusion-text-2\" style=\"--awb-margin-top:10px;\"><p>\u00ab\u00a0Pon\u00e7age \u00e0 bande\u00a0\u00bb d\u00e9signe le pon\u00e7age de surfaces m\u00e9talliques \u00e0 l&rsquo;aide d&rsquo;outils abrasifs tels que des disques de contact avec diff\u00e9rentes surfaces de roulement et des bandes abrasives.<\/p>\n<\/div><div style=\"text-align:center;\"><a class=\"fusion-button button-flat fusion-button-default-size button-default fusion-button-default button-1 fusion-button-default-span fusion-button-default-type\" target=\"_self\" href=\"\/fr\/poncage-de-surfaces-metalliques\/\"><span class=\"fusion-button-text\">En savoir plus<\/span><\/a><\/div><\/div><\/div><div class=\"fusion-layout-column fusion_builder_column fusion-builder-column-2 fusion_builder_column_1_3 1_3 fusion-flex-column\" style=\"--awb-bg-size:cover;--awb-width-large:33.333333333333%;--awb-margin-top-large:0px;--awb-spacing-right-large:5.76%;--awb-margin-bottom-large:20px;--awb-spacing-left-large:5.76%;--awb-width-medium:33.333333333333%;--awb-order-medium:0;--awb-spacing-right-medium:5.76%;--awb-spacing-left-medium:5.76%;--awb-width-small:100%;--awb-order-small:0;--awb-spacing-right-small:1.92%;--awb-spacing-left-small:1.92%;\"><div class=\"fusion-column-wrapper fusion-column-has-shadow fusion-flex-justify-content-flex-start fusion-content-layout-column\"><div class=\"fusion-text fusion-text-3 fusion-text-no-margin\" style=\"--awb-margin-bottom:15px;\"><h5><strong>Traitement de surface de l&rsquo;acier inoxydable<\/strong><\/h5>\n<\/div><div class=\"fusion-image-element \" style=\"--awb-caption-title-font-family:var(--h2_typography-font-family);--awb-caption-title-font-weight:var(--h2_typography-font-weight);--awb-caption-title-font-style:var(--h2_typography-font-style);--awb-caption-title-size:var(--h2_typography-font-size);--awb-caption-title-transform:var(--h2_typography-text-transform);--awb-caption-title-line-height:var(--h2_typography-line-height);--awb-caption-title-letter-spacing:var(--h2_typography-letter-spacing);\"><span class=\" fusion-imageframe imageframe-none imageframe-2 hover-type-none\"><a class=\"fusion-no-lightbox\" href=\"\/fr\/brossage-de-lacier-inoxydable\/\" target=\"_self\" aria-label=\"2025_09_Fotoserie_kemperkontakt-34\"><img decoding=\"async\" width=\"400\" height=\"267\" src=\"https:\/\/kemperkontakt.de\/wp-content\/uploads\/2025\/09\/2025_09_Fotoserie_kemperkontakt-34.jpg\" data-orig-src=\"https:\/\/kemperkontakt.de\/wp-content\/uploads\/2025\/09\/2025_09_Fotoserie_kemperkontakt-34-400x267.jpg\" alt class=\"lazyload img-responsive wp-image-7470\" srcset=\"data:image\/svg+xml,%3Csvg%20xmlns%3D%27http%3A%2F%2Fwww.w3.org%2F2000%2Fsvg%27%20width%3D%271280%27%20height%3D%27853%27%20viewBox%3D%270%200%201280%20853%27%3E%3Crect%20width%3D%271280%27%20height%3D%27853%27%20fill-opacity%3D%220%22%2F%3E%3C%2Fsvg%3E\" data-srcset=\"https:\/\/kemperkontakt.de\/wp-content\/uploads\/2025\/09\/2025_09_Fotoserie_kemperkontakt-34-200x133.jpg 200w, https:\/\/kemperkontakt.de\/wp-content\/uploads\/2025\/09\/2025_09_Fotoserie_kemperkontakt-34-400x267.jpg 400w, https:\/\/kemperkontakt.de\/wp-content\/uploads\/2025\/09\/2025_09_Fotoserie_kemperkontakt-34-600x400.jpg 600w, https:\/\/kemperkontakt.de\/wp-content\/uploads\/2025\/09\/2025_09_Fotoserie_kemperkontakt-34-800x533.jpg 800w, https:\/\/kemperkontakt.de\/wp-content\/uploads\/2025\/09\/2025_09_Fotoserie_kemperkontakt-34-1200x800.jpg 1200w, https:\/\/kemperkontakt.de\/wp-content\/uploads\/2025\/09\/2025_09_Fotoserie_kemperkontakt-34.jpg 1280w\" data-sizes=\"auto\" data-orig-sizes=\"(max-width: 640px) 100vw, 400px\" \/><\/a><\/span><\/div><div class=\"fusion-text fusion-text-4\" style=\"--awb-margin-top:10px;\"><p>Le brossage de l&rsquo;acier inoxydable, \u00e9galement appel\u00e9 \u00ab\u00a0polissage\u00a0\u00bb ou \u00ab\u00a0satinage\u00a0\u00bb, est un traitement de surface qui a pris de l&rsquo;ampleur ces derni\u00e8res ann\u00e9es.<\/p>\n<\/div><div style=\"text-align:center;\"><a class=\"fusion-button button-flat fusion-button-default-size button-default fusion-button-default button-2 fusion-button-default-span fusion-button-default-type\" target=\"_self\" href=\"\/fr\/brossage-de-lacier-inoxydable\/\"><span class=\"fusion-button-text\">En savoir plus<\/span><\/a><\/div><\/div><\/div><div class=\"fusion-layout-column fusion_builder_column fusion-builder-column-3 fusion_builder_column_1_3 1_3 fusion-flex-column\" style=\"--awb-bg-size:cover;--awb-width-large:33.333333333333%;--awb-margin-top-large:0px;--awb-spacing-right-large:5.76%;--awb-margin-bottom-large:20px;--awb-spacing-left-large:5.76%;--awb-width-medium:33.333333333333%;--awb-order-medium:0;--awb-spacing-right-medium:5.76%;--awb-spacing-left-medium:5.76%;--awb-width-small:100%;--awb-order-small:0;--awb-spacing-right-small:1.92%;--awb-spacing-left-small:1.92%;\"><div class=\"fusion-column-wrapper fusion-column-has-shadow fusion-flex-justify-content-flex-start fusion-content-layout-column\"><div class=\"fusion-text fusion-text-5 fusion-text-no-margin\" style=\"--awb-margin-bottom:15px;\"><h5><strong>\u00c9bavurage rapide des pi\u00e8ces<br \/>\n<\/strong><\/h5>\n<\/div><div class=\"fusion-image-element \" style=\"--awb-caption-title-font-family:var(--h2_typography-font-family);--awb-caption-title-font-weight:var(--h2_typography-font-weight);--awb-caption-title-font-style:var(--h2_typography-font-style);--awb-caption-title-size:var(--h2_typography-font-size);--awb-caption-title-transform:var(--h2_typography-text-transform);--awb-caption-title-line-height:var(--h2_typography-line-height);--awb-caption-title-letter-spacing:var(--h2_typography-letter-spacing);\"><span class=\" fusion-imageframe imageframe-none imageframe-3 hover-type-none\"><a class=\"fusion-no-lightbox\" href=\"\/fr\/ebavurage\/\" target=\"_self\" aria-label=\"2025_09_Fotoserie_kemperkontakt-32\"><img decoding=\"async\" width=\"400\" height=\"267\" src=\"https:\/\/kemperkontakt.de\/wp-content\/uploads\/2025\/09\/2025_09_Fotoserie_kemperkontakt-32.jpg\" data-orig-src=\"https:\/\/kemperkontakt.de\/wp-content\/uploads\/2025\/09\/2025_09_Fotoserie_kemperkontakt-32-400x267.jpg\" alt class=\"lazyload img-responsive wp-image-7477\" srcset=\"data:image\/svg+xml,%3Csvg%20xmlns%3D%27http%3A%2F%2Fwww.w3.org%2F2000%2Fsvg%27%20width%3D%271280%27%20height%3D%27853%27%20viewBox%3D%270%200%201280%20853%27%3E%3Crect%20width%3D%271280%27%20height%3D%27853%27%20fill-opacity%3D%220%22%2F%3E%3C%2Fsvg%3E\" data-srcset=\"https:\/\/kemperkontakt.de\/wp-content\/uploads\/2025\/09\/2025_09_Fotoserie_kemperkontakt-32-200x133.jpg 200w, https:\/\/kemperkontakt.de\/wp-content\/uploads\/2025\/09\/2025_09_Fotoserie_kemperkontakt-32-400x267.jpg 400w, https:\/\/kemperkontakt.de\/wp-content\/uploads\/2025\/09\/2025_09_Fotoserie_kemperkontakt-32-600x400.jpg 600w, https:\/\/kemperkontakt.de\/wp-content\/uploads\/2025\/09\/2025_09_Fotoserie_kemperkontakt-32-800x533.jpg 800w, https:\/\/kemperkontakt.de\/wp-content\/uploads\/2025\/09\/2025_09_Fotoserie_kemperkontakt-32-1200x800.jpg 1200w, https:\/\/kemperkontakt.de\/wp-content\/uploads\/2025\/09\/2025_09_Fotoserie_kemperkontakt-32.jpg 1280w\" data-sizes=\"auto\" data-orig-sizes=\"(max-width: 640px) 100vw, 400px\" \/><\/a><\/span><\/div><div class=\"fusion-text fusion-text-6\" style=\"--awb-margin-top:10px;\"><p>\u00c9bavurage rapide de profil\u00e9s et de pi\u00e8ces moul\u00e9es en aluminium ou de pi\u00e8ces d\u00e9coup\u00e9es avec les outils de KEMPER-KONTAKT de Wuppertal.<\/p>\n<\/div><div style=\"text-align:center;\"><a class=\"fusion-button button-flat fusion-button-default-size button-default fusion-button-default button-3 fusion-button-default-span fusion-button-default-type\" target=\"_self\" href=\"\/fr\/ebavurage\/\"><span class=\"fusion-button-text\">En savoir plus<\/span><\/a><\/div><\/div><\/div><div class=\"fusion-layout-column fusion_builder_column fusion-builder-column-4 fusion_builder_column_1_1 1_1 fusion-flex-column\" style=\"--awb-bg-size:cover;--awb-width-large:100%;--awb-margin-top-large:0px;--awb-spacing-right-large:1.92%;--awb-margin-bottom-large:20px;--awb-spacing-left-large:1.92%;--awb-width-medium:100%;--awb-order-medium:0;--awb-spacing-right-medium:1.92%;--awb-spacing-left-medium:1.92%;--awb-width-small:100%;--awb-order-small:0;--awb-spacing-right-small:1.92%;--awb-spacing-left-small:1.92%;\"><div class=\"fusion-column-wrapper fusion-column-has-shadow fusion-flex-justify-content-flex-start fusion-content-layout-column\"><div class=\"fusion-separator\" style=\"align-self: center;margin-left: auto;margin-right: auto;margin-top:20px;margin-bottom:20px;width:100%;max-width:700px;\"><div class=\"fusion-separator-border sep-shadow\" style=\"--awb-height:20px;--awb-amount:20px;--awb-sep-color:var(--awb-color5);background:radial-gradient(ellipse at 50% -50% , var(--awb-color5) 0px, rgba(255, 255, 255, 0) 80%) repeat scroll 0 0 rgba(0, 0, 0, 0);background:-webkit-radial-gradient(ellipse at 50% -50% , var(--awb-color5) 0px, rgba(255, 255, 255, 0) 80%) repeat scroll 0 0 rgba(0, 0, 0, 0);background:-moz-radial-gradient(ellipse at 50% -50% , var(--awb-color5) 0px, rgba(255, 255, 255, 0) 80%) repeat scroll 0 0 rgba(0, 0, 0, 0);background:-o-radial-gradient(ellipse at 50% -50% , var(--awb-color5) 0px, rgba(255, 255, 255, 0) 80%) repeat scroll 0 0 rgba(0, 0, 0, 0);\"><\/div><\/div><\/div><\/div><div class=\"fusion-layout-column fusion_builder_column fusion-builder-column-5 fusion_builder_column_1_3 1_3 fusion-flex-column\" style=\"--awb-bg-size:cover;--awb-width-large:33.333333333333%;--awb-margin-top-large:0px;--awb-spacing-right-large:5.76%;--awb-margin-bottom-large:20px;--awb-spacing-left-large:5.76%;--awb-width-medium:33.333333333333%;--awb-order-medium:0;--awb-spacing-right-medium:5.76%;--awb-spacing-left-medium:5.76%;--awb-width-small:100%;--awb-order-small:0;--awb-spacing-right-small:1.92%;--awb-spacing-left-small:1.92%;\"><div class=\"fusion-column-wrapper fusion-column-has-shadow fusion-flex-justify-content-flex-start fusion-content-layout-column\"><div class=\"fusion-text fusion-text-7 fusion-text-no-margin\" style=\"--awb-margin-bottom:15px;\"><h5><strong>Lissage et \u00e9bavurage de pi\u00e8ces en plastique<br \/>\n<\/strong><\/h5>\n<\/div><div class=\"fusion-image-element \" style=\"--awb-caption-title-font-family:var(--h2_typography-font-family);--awb-caption-title-font-weight:var(--h2_typography-font-weight);--awb-caption-title-font-style:var(--h2_typography-font-style);--awb-caption-title-size:var(--h2_typography-font-size);--awb-caption-title-transform:var(--h2_typography-text-transform);--awb-caption-title-line-height:var(--h2_typography-line-height);--awb-caption-title-letter-spacing:var(--h2_typography-letter-spacing);\"><span class=\" fusion-imageframe imageframe-none imageframe-4 hover-type-none\"><a class=\"fusion-no-lightbox\" href=\"\/fr\/lissage-et-ebavurage-de-pieces-en-plastique\/\" target=\"_self\" aria-label=\"2025_09_Fotoserie_kemperkontakt-37\"><img decoding=\"async\" width=\"400\" height=\"267\" src=\"https:\/\/kemperkontakt.de\/wp-content\/uploads\/2025\/09\/2025_09_Fotoserie_kemperkontakt-37.jpg\" data-orig-src=\"https:\/\/kemperkontakt.de\/wp-content\/uploads\/2025\/09\/2025_09_Fotoserie_kemperkontakt-37-400x267.jpg\" alt class=\"lazyload img-responsive wp-image-7483\" srcset=\"data:image\/svg+xml,%3Csvg%20xmlns%3D%27http%3A%2F%2Fwww.w3.org%2F2000%2Fsvg%27%20width%3D%271280%27%20height%3D%27853%27%20viewBox%3D%270%200%201280%20853%27%3E%3Crect%20width%3D%271280%27%20height%3D%27853%27%20fill-opacity%3D%220%22%2F%3E%3C%2Fsvg%3E\" data-srcset=\"https:\/\/kemperkontakt.de\/wp-content\/uploads\/2025\/09\/2025_09_Fotoserie_kemperkontakt-37-200x133.jpg 200w, https:\/\/kemperkontakt.de\/wp-content\/uploads\/2025\/09\/2025_09_Fotoserie_kemperkontakt-37-400x267.jpg 400w, https:\/\/kemperkontakt.de\/wp-content\/uploads\/2025\/09\/2025_09_Fotoserie_kemperkontakt-37-600x400.jpg 600w, https:\/\/kemperkontakt.de\/wp-content\/uploads\/2025\/09\/2025_09_Fotoserie_kemperkontakt-37-800x533.jpg 800w, https:\/\/kemperkontakt.de\/wp-content\/uploads\/2025\/09\/2025_09_Fotoserie_kemperkontakt-37-1200x800.jpg 1200w, https:\/\/kemperkontakt.de\/wp-content\/uploads\/2025\/09\/2025_09_Fotoserie_kemperkontakt-37.jpg 1280w\" data-sizes=\"auto\" data-orig-sizes=\"(max-width: 640px) 100vw, 400px\" \/><\/a><\/span><\/div><div class=\"fusion-text fusion-text-8\" style=\"--awb-margin-top:10px;\"><p>Lissage et \u00e9bavurage de pi\u00e8ces en plastique en quelques secondes avec l&rsquo;<sup>ORIGINAL-KEMPER-SCHLEIFSTERN\u00ae<\/sup>. L&rsquo;une de ses caract\u00e9ristiques exceptionnelles est le pon\u00e7age \u00e0 froid.<\/p>\n<\/div><div style=\"text-align:center;\"><a class=\"fusion-button button-flat fusion-button-default-size button-default fusion-button-default button-4 fusion-button-default-span fusion-button-default-type\" target=\"_self\" href=\"\/fr\/lissage-et-ebavurage-de-pieces-en-plastique\/\"><span class=\"fusion-button-text\">En savoir plus<\/span><\/a><\/div><\/div><\/div><\/div><\/div><\/p>\n","protected":false},"excerpt":{"rendered":"","protected":false},"author":1,"featured_media":0,"parent":0,"menu_order":0,"comment_status":"closed","ping_status":"closed","template":"100-width.php","meta":{"footnotes":""},"class_list":["post-3295","page","type-page","status-publish","hentry"],"yoast_head":"<!-- This site is optimized with the Yoast SEO plugin v27.5 - https:\/\/yoast.com\/product\/yoast-seo-wordpress\/ -->\n<title>Domaines d&#039;application - Kemper-Kontakt<\/title>\n<meta name=\"robots\" content=\"index, follow, max-snippet:-1, max-image-preview:large, max-video-preview:-1\" \/>\n<link rel=\"canonical\" href=\"https:\/\/kemperkontakt.de\/fr\/domaines-dapplication\/\" \/>\n<meta property=\"og:locale\" content=\"fr_FR\" \/>\n<meta property=\"og:type\" content=\"article\" \/>\n<meta property=\"og:title\" content=\"Domaines d&#039;application - Kemper-Kontakt\" \/>\n<meta property=\"og:url\" content=\"https:\/\/kemperkontakt.de\/fr\/domaines-dapplication\/\" \/>\n<meta property=\"og:site_name\" content=\"Kemper-Kontakt\" \/>\n<meta property=\"article:modified_time\" content=\"2025-09-17T09:02:52+00:00\" \/>\n<meta name=\"twitter:card\" content=\"summary_large_image\" \/>\n<meta name=\"twitter:label1\" content=\"Dur\u00e9e de lecture estim\u00e9e\" \/>\n\t<meta name=\"twitter:data1\" content=\"2 minutes\" \/>\n<script type=\"application\/ld+json\" class=\"yoast-schema-graph\">{\"@context\":\"https:\\\/\\\/schema.org\",\"@graph\":[{\"@type\":\"WebPage\",\"@id\":\"https:\\\/\\\/kemperkontakt.de\\\/fr\\\/domaines-dapplication\\\/\",\"url\":\"https:\\\/\\\/kemperkontakt.de\\\/fr\\\/domaines-dapplication\\\/\",\"name\":\"Domaines d'application - Kemper-Kontakt\",\"isPartOf\":{\"@id\":\"https:\\\/\\\/kemperkontakt.de\\\/fr\\\/#website\"},\"datePublished\":\"2024-04-25T15:21:37+00:00\",\"dateModified\":\"2025-09-17T09:02:52+00:00\",\"breadcrumb\":{\"@id\":\"https:\\\/\\\/kemperkontakt.de\\\/fr\\\/domaines-dapplication\\\/#breadcrumb\"},\"inLanguage\":\"fr-FR\",\"potentialAction\":[{\"@type\":\"ReadAction\",\"target\":[\"https:\\\/\\\/kemperkontakt.de\\\/fr\\\/domaines-dapplication\\\/\"]}]},{\"@type\":\"BreadcrumbList\",\"@id\":\"https:\\\/\\\/kemperkontakt.de\\\/fr\\\/domaines-dapplication\\\/#breadcrumb\",\"itemListElement\":[{\"@type\":\"ListItem\",\"position\":1,\"name\":\"Startseite\",\"item\":\"https:\\\/\\\/kemperkontakt.de\\\/fr\\\/\"},{\"@type\":\"ListItem\",\"position\":2,\"name\":\"Domaines d&#8217;application\"}]},{\"@type\":\"WebSite\",\"@id\":\"https:\\\/\\\/kemperkontakt.de\\\/fr\\\/#website\",\"url\":\"https:\\\/\\\/kemperkontakt.de\\\/fr\\\/\",\"name\":\"Kemper-Kontakt\",\"description\":\"\",\"potentialAction\":[{\"@type\":\"SearchAction\",\"target\":{\"@type\":\"EntryPoint\",\"urlTemplate\":\"https:\\\/\\\/kemperkontakt.de\\\/fr\\\/?s={search_term_string}\"},\"query-input\":{\"@type\":\"PropertyValueSpecification\",\"valueRequired\":true,\"valueName\":\"search_term_string\"}}],\"inLanguage\":\"fr-FR\"}]}<\/script>\n<!-- \/ Yoast SEO plugin. -->","yoast_head_json":{"title":"Domaines d'application - Kemper-Kontakt","robots":{"index":"index","follow":"follow","max-snippet":"max-snippet:-1","max-image-preview":"max-image-preview:large","max-video-preview":"max-video-preview:-1"},"canonical":"https:\/\/kemperkontakt.de\/fr\/domaines-dapplication\/","og_locale":"fr_FR","og_type":"article","og_title":"Domaines d'application - Kemper-Kontakt","og_url":"https:\/\/kemperkontakt.de\/fr\/domaines-dapplication\/","og_site_name":"Kemper-Kontakt","article_modified_time":"2025-09-17T09:02:52+00:00","twitter_card":"summary_large_image","twitter_misc":{"Dur\u00e9e de lecture estim\u00e9e":"2 minutes"},"schema":{"@context":"https:\/\/schema.org","@graph":[{"@type":"WebPage","@id":"https:\/\/kemperkontakt.de\/fr\/domaines-dapplication\/","url":"https:\/\/kemperkontakt.de\/fr\/domaines-dapplication\/","name":"Domaines d'application - Kemper-Kontakt","isPartOf":{"@id":"https:\/\/kemperkontakt.de\/fr\/#website"},"datePublished":"2024-04-25T15:21:37+00:00","dateModified":"2025-09-17T09:02:52+00:00","breadcrumb":{"@id":"https:\/\/kemperkontakt.de\/fr\/domaines-dapplication\/#breadcrumb"},"inLanguage":"fr-FR","potentialAction":[{"@type":"ReadAction","target":["https:\/\/kemperkontakt.de\/fr\/domaines-dapplication\/"]}]},{"@type":"BreadcrumbList","@id":"https:\/\/kemperkontakt.de\/fr\/domaines-dapplication\/#breadcrumb","itemListElement":[{"@type":"ListItem","position":1,"name":"Startseite","item":"https:\/\/kemperkontakt.de\/fr\/"},{"@type":"ListItem","position":2,"name":"Domaines d&#8217;application"}]},{"@type":"WebSite","@id":"https:\/\/kemperkontakt.de\/fr\/#website","url":"https:\/\/kemperkontakt.de\/fr\/","name":"Kemper-Kontakt","description":"","potentialAction":[{"@type":"SearchAction","target":{"@type":"EntryPoint","urlTemplate":"https:\/\/kemperkontakt.de\/fr\/?s={search_term_string}"},"query-input":{"@type":"PropertyValueSpecification","valueRequired":true,"valueName":"search_term_string"}}],"inLanguage":"fr-FR"}]}},"_links":{"self":[{"href":"https:\/\/kemperkontakt.de\/fr\/wp-json\/wp\/v2\/pages\/3295","targetHints":{"allow":["GET"]}}],"collection":[{"href":"https:\/\/kemperkontakt.de\/fr\/wp-json\/wp\/v2\/pages"}],"about":[{"href":"https:\/\/kemperkontakt.de\/fr\/wp-json\/wp\/v2\/types\/page"}],"author":[{"embeddable":true,"href":"https:\/\/kemperkontakt.de\/fr\/wp-json\/wp\/v2\/users\/1"}],"replies":[{"embeddable":true,"href":"https:\/\/kemperkontakt.de\/fr\/wp-json\/wp\/v2\/comments?post=3295"}],"version-history":[{"count":8,"href":"https:\/\/kemperkontakt.de\/fr\/wp-json\/wp\/v2\/pages\/3295\/revisions"}],"predecessor-version":[{"id":7492,"href":"https:\/\/kemperkontakt.de\/fr\/wp-json\/wp\/v2\/pages\/3295\/revisions\/7492"}],"wp:attachment":[{"href":"https:\/\/kemperkontakt.de\/fr\/wp-json\/wp\/v2\/media?parent=3295"}],"curies":[{"name":"wp","href":"https:\/\/api.w.org\/{rel}","templated":true}]}}