{"id":6021,"date":"2024-06-07T16:20:37","date_gmt":"2024-06-07T14:20:37","guid":{"rendered":"https:\/\/kemperkontakt.de\/produkt\/disco-de-contacto-de-vulkollan-macizo-ranuras-gruesas\/"},"modified":"2025-03-17T14:38:07","modified_gmt":"2025-03-17T13:38:07","slug":"disco-de-contacto-de-vulkollan-macizo-ranuras-gruesas","status":"publish","type":"product","link":"https:\/\/kemperkontakt.de\/es\/produkt\/disco-de-contacto-de-vulkollan-macizo-ranuras-gruesas\/","title":{"rendered":"Disco de contacto de Vulkollan\u00ae macizo, ranuras gruesas"},"content":{"rendered":"","protected":false},"excerpt":{"rendered":"<p><strong>ELAX\u00ae VR<\/strong><\/p>\n<p class=\"bodytext\">Disco de barril ranurado, anchura de banda 11 mm, anchura de ranura 7,5 mm, disco est\u00e1ndar para uso general, mayor vida \u00fatil que los discos de contacto con revestimiento de goma.<\/p>\n<p class=\"bodytext\">\u00a1Tambi\u00e9n disponible como ELAX\u00ae V 61 a partir de \u00d8 300 mm con ranuras en diente de sierra!<\/p>\n<p>&nbsp;<\/p>\n<p><strong>Para usar con qu\u00e9 m\u00e1quina:<\/strong><\/p>\n<p><strong><a href=\"\/es\/rectificar-con-robots\/\"><img decoding=\"async\" class=\"alignnone wp-image-1658\" src=\"http:\/\/kemperkontakt.com\/wp-content\/uploads\/2024\/09\/Roboterschleifen-blau-150x150.png\" alt=\"\" width=\"100\" height=\"100\" srcset=\"https:\/\/kemperkontakt.de\/wp-content\/uploads\/2024\/09\/Roboterschleifen-blau-66x66.png 66w, https:\/\/kemperkontakt.de\/wp-content\/uploads\/2024\/09\/Roboterschleifen-blau-150x150.png 150w, https:\/\/kemperkontakt.de\/wp-content\/uploads\/2024\/09\/Roboterschleifen-blau-200x200.png 200w, https:\/\/kemperkontakt.de\/wp-content\/uploads\/2024\/09\/Roboterschleifen-blau-300x300.png 300w, https:\/\/kemperkontakt.de\/wp-content\/uploads\/2024\/09\/Roboterschleifen-blau-400x400.png 400w, https:\/\/kemperkontakt.de\/wp-content\/uploads\/2024\/09\/Roboterschleifen-blau-500x500.png 500w, https:\/\/kemperkontakt.de\/wp-content\/uploads\/2024\/09\/Roboterschleifen-blau-600x600.png 600w, https:\/\/kemperkontakt.de\/wp-content\/uploads\/2024\/09\/Roboterschleifen-blau-768x768.png 768w, https:\/\/kemperkontakt.de\/wp-content\/uploads\/2024\/09\/Roboterschleifen-blau-800x800.png 800w, https:\/\/kemperkontakt.de\/wp-content\/uploads\/2024\/09\/Roboterschleifen-blau.png 1000w\" sizes=\"(max-width: 100px) 100vw, 100px\" \/><\/a><a href=\"\/es\/lijadoras-de-banda\/\"><img decoding=\"async\" class=\"alignnone wp-image-1652\" src=\"http:\/\/kemperkontakt.com\/wp-content\/uploads\/2024\/09\/Bandschleifmaschine-2-blau-150x150.png\" alt=\"\" width=\"100\" height=\"100\" srcset=\"https:\/\/kemperkontakt.de\/wp-content\/uploads\/2024\/09\/Bandschleifmaschine-2-blau-66x66.png 66w, https:\/\/kemperkontakt.de\/wp-content\/uploads\/2024\/09\/Bandschleifmaschine-2-blau-150x150.png 150w, https:\/\/kemperkontakt.de\/wp-content\/uploads\/2024\/09\/Bandschleifmaschine-2-blau-200x200.png 200w, https:\/\/kemperkontakt.de\/wp-content\/uploads\/2024\/09\/Bandschleifmaschine-2-blau-300x300.png 300w, https:\/\/kemperkontakt.de\/wp-content\/uploads\/2024\/09\/Bandschleifmaschine-2-blau-400x400.png 400w, https:\/\/kemperkontakt.de\/wp-content\/uploads\/2024\/09\/Bandschleifmaschine-2-blau-500x500.png 500w, https:\/\/kemperkontakt.de\/wp-content\/uploads\/2024\/09\/Bandschleifmaschine-2-blau-600x600.png 600w, https:\/\/kemperkontakt.de\/wp-content\/uploads\/2024\/09\/Bandschleifmaschine-2-blau-768x768.png 768w, https:\/\/kemperkontakt.de\/wp-content\/uploads\/2024\/09\/Bandschleifmaschine-2-blau-800x800.png 800w, https:\/\/kemperkontakt.de\/wp-content\/uploads\/2024\/09\/Bandschleifmaschine-2-blau.png 1000w\" sizes=\"(max-width: 100px) 100vw, 100px\" \/><\/a><a href=\"\/es\/maquinas-estacionarias\/\"><img decoding=\"async\" class=\"alignnone wp-image-1653\" src=\"http:\/\/kemperkontakt.com\/wp-content\/uploads\/2024\/09\/Bandschleifmaschine-blau-150x150.png\" alt=\"\" width=\"100\" height=\"100\" srcset=\"https:\/\/kemperkontakt.de\/wp-content\/uploads\/2024\/09\/Bandschleifmaschine-blau-66x66.png 66w, https:\/\/kemperkontakt.de\/wp-content\/uploads\/2024\/09\/Bandschleifmaschine-blau-150x150.png 150w, https:\/\/kemperkontakt.de\/wp-content\/uploads\/2024\/09\/Bandschleifmaschine-blau-200x200.png 200w, https:\/\/kemperkontakt.de\/wp-content\/uploads\/2024\/09\/Bandschleifmaschine-blau-300x300.png 300w, https:\/\/kemperkontakt.de\/wp-content\/uploads\/2024\/09\/Bandschleifmaschine-blau-400x400.png 400w, https:\/\/kemperkontakt.de\/wp-content\/uploads\/2024\/09\/Bandschleifmaschine-blau-500x500.png 500w, https:\/\/kemperkontakt.de\/wp-content\/uploads\/2024\/09\/Bandschleifmaschine-blau-600x600.png 600w, https:\/\/kemperkontakt.de\/wp-content\/uploads\/2024\/09\/Bandschleifmaschine-blau-768x768.png 768w, https:\/\/kemperkontakt.de\/wp-content\/uploads\/2024\/09\/Bandschleifmaschine-blau-800x800.png 800w, https:\/\/kemperkontakt.de\/wp-content\/uploads\/2024\/09\/Bandschleifmaschine-blau.png 1000w\" sizes=\"(max-width: 100px) 100vw, 100px\" \/><\/a><\/strong><\/p>\n<p>&nbsp;<\/p>\n<p><strong>Ficha t\u00e9cnica del producto:<br \/>\n<\/strong>[download id=\"4358\" template=\"Contact wheel made of solid Vulkollan\u00ae, coarse grooves\"]<\/p>\n","protected":false},"featured_media":6022,"template":"","meta":[],"product_brand":[],"product_cat":[815],"product_tag":[824,764,785,816,823,758],"class_list":{"0":"post-6021","1":"product","2":"type-product","3":"status-publish","4":"has-post-thumbnail","6":"product_cat-discos-de-contacto-con-cojin-de-deslizamiento-de-plastico-resistente-al-aceite-y-a-las-emulsiones","7":"product_tag-bandas-x-medias-a-gruesas","8":"product_tag-lijadoras-de-banda","9":"product_tag-lijadoras-de-banda-grandes","10":"product_tag-muy-resistente-a-la-abrasion","11":"product_tag-pliegue-grueso","12":"product_tag-rectificar-con-robots","14":"first","15":"instock","16":"shipping-taxable","17":"product-type-simple"},"yoast_head":"<!-- This site is optimized with the Yoast SEO plugin v27.3 - https:\/\/yoast.com\/product\/yoast-seo-wordpress\/ -->\n<title>Disco de contacto de Vulkollan\u00ae macizo, ranuras gruesas - Kemper-Kontakt<\/title>\n<meta name=\"robots\" content=\"index, follow, max-snippet:-1, max-image-preview:large, max-video-preview:-1\" \/>\n<link rel=\"canonical\" href=\"https:\/\/kemperkontakt.de\/es\/produkt\/disco-de-contacto-de-vulkollan-macizo-ranuras-gruesas\/\" \/>\n<meta property=\"og:locale\" content=\"es_ES\" \/>\n<meta property=\"og:type\" content=\"article\" \/>\n<meta property=\"og:title\" content=\"Disco de contacto de Vulkollan\u00ae macizo, ranuras gruesas - Kemper-Kontakt\" \/>\n<meta property=\"og:description\" content=\"ELAX\u00ae VR Disco de barril ranurado, anchura de banda 11 mm, anchura de ranura 7,5 mm, disco est\u00e1ndar para uso general, mayor vida \u00fatil que los discos de contacto con revestimiento de goma. \u00a1Tambi\u00e9n disponible como ELAX\u00ae V 61 a partir de \u00d8 300 mm con ranuras en diente de sierra! &nbsp;  Para usar con qu\u00e9 m\u00e1quina:    &nbsp;  Ficha t\u00e9cnica del producto:\" \/>\n<meta property=\"og:url\" content=\"https:\/\/kemperkontakt.de\/es\/produkt\/disco-de-contacto-de-vulkollan-macizo-ranuras-gruesas\/\" \/>\n<meta property=\"og:site_name\" content=\"Kemper-Kontakt\" \/>\n<meta property=\"article:modified_time\" content=\"2025-03-17T13:38:07+00:00\" \/>\n<meta property=\"og:image\" content=\"https:\/\/kemperkontakt.de\/wp-content\/uploads\/2024\/06\/Elax_VR_1000x1000.jpg\" \/>\n\t<meta property=\"og:image:width\" content=\"1000\" \/>\n\t<meta property=\"og:image:height\" content=\"1000\" \/>\n\t<meta property=\"og:image:type\" content=\"image\/jpeg\" \/>\n<meta name=\"twitter:card\" content=\"summary_large_image\" \/>\n<meta name=\"twitter:label1\" content=\"Tiempo de lectura\" \/>\n\t<meta name=\"twitter:data1\" content=\"1 minuto\" \/>\n<script type=\"application\/ld+json\" class=\"yoast-schema-graph\">{\"@context\":\"https:\\\/\\\/schema.org\",\"@graph\":[{\"@type\":\"WebPage\",\"@id\":\"https:\\\/\\\/kemperkontakt.de\\\/es\\\/produkt\\\/disco-de-contacto-de-vulkollan-macizo-ranuras-gruesas\\\/\",\"url\":\"https:\\\/\\\/kemperkontakt.de\\\/es\\\/produkt\\\/disco-de-contacto-de-vulkollan-macizo-ranuras-gruesas\\\/\",\"name\":\"Disco de contacto de Vulkollan\u00ae macizo, ranuras gruesas - Kemper-Kontakt\",\"isPartOf\":{\"@id\":\"https:\\\/\\\/kemperkontakt.de\\\/es\\\/#website\"},\"primaryImageOfPage\":{\"@id\":\"https:\\\/\\\/kemperkontakt.de\\\/es\\\/produkt\\\/disco-de-contacto-de-vulkollan-macizo-ranuras-gruesas\\\/#primaryimage\"},\"image\":{\"@id\":\"https:\\\/\\\/kemperkontakt.de\\\/es\\\/produkt\\\/disco-de-contacto-de-vulkollan-macizo-ranuras-gruesas\\\/#primaryimage\"},\"thumbnailUrl\":\"https:\\\/\\\/kemperkontakt.de\\\/wp-content\\\/uploads\\\/2024\\\/06\\\/Elax_VR_1000x1000.jpg\",\"datePublished\":\"2024-06-07T14:20:37+00:00\",\"dateModified\":\"2025-03-17T13:38:07+00:00\",\"breadcrumb\":{\"@id\":\"https:\\\/\\\/kemperkontakt.de\\\/es\\\/produkt\\\/disco-de-contacto-de-vulkollan-macizo-ranuras-gruesas\\\/#breadcrumb\"},\"inLanguage\":\"es\",\"potentialAction\":[{\"@type\":\"ReadAction\",\"target\":[\"https:\\\/\\\/kemperkontakt.de\\\/es\\\/produkt\\\/disco-de-contacto-de-vulkollan-macizo-ranuras-gruesas\\\/\"]}]},{\"@type\":\"ImageObject\",\"inLanguage\":\"es\",\"@id\":\"https:\\\/\\\/kemperkontakt.de\\\/es\\\/produkt\\\/disco-de-contacto-de-vulkollan-macizo-ranuras-gruesas\\\/#primaryimage\",\"url\":\"https:\\\/\\\/kemperkontakt.de\\\/wp-content\\\/uploads\\\/2024\\\/06\\\/Elax_VR_1000x1000.jpg\",\"contentUrl\":\"https:\\\/\\\/kemperkontakt.de\\\/wp-content\\\/uploads\\\/2024\\\/06\\\/Elax_VR_1000x1000.jpg\",\"width\":1000,\"height\":1000},{\"@type\":\"BreadcrumbList\",\"@id\":\"https:\\\/\\\/kemperkontakt.de\\\/es\\\/produkt\\\/disco-de-contacto-de-vulkollan-macizo-ranuras-gruesas\\\/#breadcrumb\",\"itemListElement\":[{\"@type\":\"ListItem\",\"position\":1,\"name\":\"Startseite\",\"item\":\"https:\\\/\\\/kemperkontakt.de\\\/es\\\/\"},{\"@type\":\"ListItem\",\"position\":2,\"name\":\"Categor\u00edas\",\"item\":\"https:\\\/\\\/kemperkontakt.de\\\/categorias\\\/\"},{\"@type\":\"ListItem\",\"position\":3,\"name\":\"Disco de contacto de Vulkollan\u00ae macizo, ranuras gruesas\"}]},{\"@type\":\"WebSite\",\"@id\":\"https:\\\/\\\/kemperkontakt.de\\\/es\\\/#website\",\"url\":\"https:\\\/\\\/kemperkontakt.de\\\/es\\\/\",\"name\":\"Kemper-Kontakt\",\"description\":\"\",\"potentialAction\":[{\"@type\":\"SearchAction\",\"target\":{\"@type\":\"EntryPoint\",\"urlTemplate\":\"https:\\\/\\\/kemperkontakt.de\\\/es\\\/?s={search_term_string}\"},\"query-input\":{\"@type\":\"PropertyValueSpecification\",\"valueRequired\":true,\"valueName\":\"search_term_string\"}}],\"inLanguage\":\"es\"}]}<\/script>\n<!-- \/ Yoast SEO plugin. -->","yoast_head_json":{"title":"Disco de contacto de Vulkollan\u00ae macizo, ranuras gruesas - Kemper-Kontakt","robots":{"index":"index","follow":"follow","max-snippet":"max-snippet:-1","max-image-preview":"max-image-preview:large","max-video-preview":"max-video-preview:-1"},"canonical":"https:\/\/kemperkontakt.de\/es\/produkt\/disco-de-contacto-de-vulkollan-macizo-ranuras-gruesas\/","og_locale":"es_ES","og_type":"article","og_title":"Disco de contacto de Vulkollan\u00ae macizo, ranuras gruesas - Kemper-Kontakt","og_description":"ELAX\u00ae VR Disco de barril ranurado, anchura de banda 11 mm, anchura de ranura 7,5 mm, disco est\u00e1ndar para uso general, mayor vida \u00fatil que los discos de contacto con revestimiento de goma. \u00a1Tambi\u00e9n disponible como ELAX\u00ae V 61 a partir de \u00d8 300 mm con ranuras en diente de sierra! &nbsp;  Para usar con qu\u00e9 m\u00e1quina:    &nbsp;  Ficha t\u00e9cnica del producto:","og_url":"https:\/\/kemperkontakt.de\/es\/produkt\/disco-de-contacto-de-vulkollan-macizo-ranuras-gruesas\/","og_site_name":"Kemper-Kontakt","article_modified_time":"2025-03-17T13:38:07+00:00","og_image":[{"width":1000,"height":1000,"url":"https:\/\/kemperkontakt.de\/wp-content\/uploads\/2024\/06\/Elax_VR_1000x1000.jpg","type":"image\/jpeg"}],"twitter_card":"summary_large_image","twitter_misc":{"Tiempo de lectura":"1 minuto"},"schema":{"@context":"https:\/\/schema.org","@graph":[{"@type":"WebPage","@id":"https:\/\/kemperkontakt.de\/es\/produkt\/disco-de-contacto-de-vulkollan-macizo-ranuras-gruesas\/","url":"https:\/\/kemperkontakt.de\/es\/produkt\/disco-de-contacto-de-vulkollan-macizo-ranuras-gruesas\/","name":"Disco de contacto de Vulkollan\u00ae macizo, ranuras gruesas - Kemper-Kontakt","isPartOf":{"@id":"https:\/\/kemperkontakt.de\/es\/#website"},"primaryImageOfPage":{"@id":"https:\/\/kemperkontakt.de\/es\/produkt\/disco-de-contacto-de-vulkollan-macizo-ranuras-gruesas\/#primaryimage"},"image":{"@id":"https:\/\/kemperkontakt.de\/es\/produkt\/disco-de-contacto-de-vulkollan-macizo-ranuras-gruesas\/#primaryimage"},"thumbnailUrl":"https:\/\/kemperkontakt.de\/wp-content\/uploads\/2024\/06\/Elax_VR_1000x1000.jpg","datePublished":"2024-06-07T14:20:37+00:00","dateModified":"2025-03-17T13:38:07+00:00","breadcrumb":{"@id":"https:\/\/kemperkontakt.de\/es\/produkt\/disco-de-contacto-de-vulkollan-macizo-ranuras-gruesas\/#breadcrumb"},"inLanguage":"es","potentialAction":[{"@type":"ReadAction","target":["https:\/\/kemperkontakt.de\/es\/produkt\/disco-de-contacto-de-vulkollan-macizo-ranuras-gruesas\/"]}]},{"@type":"ImageObject","inLanguage":"es","@id":"https:\/\/kemperkontakt.de\/es\/produkt\/disco-de-contacto-de-vulkollan-macizo-ranuras-gruesas\/#primaryimage","url":"https:\/\/kemperkontakt.de\/wp-content\/uploads\/2024\/06\/Elax_VR_1000x1000.jpg","contentUrl":"https:\/\/kemperkontakt.de\/wp-content\/uploads\/2024\/06\/Elax_VR_1000x1000.jpg","width":1000,"height":1000},{"@type":"BreadcrumbList","@id":"https:\/\/kemperkontakt.de\/es\/produkt\/disco-de-contacto-de-vulkollan-macizo-ranuras-gruesas\/#breadcrumb","itemListElement":[{"@type":"ListItem","position":1,"name":"Startseite","item":"https:\/\/kemperkontakt.de\/es\/"},{"@type":"ListItem","position":2,"name":"Categor\u00edas","item":"https:\/\/kemperkontakt.de\/categorias\/"},{"@type":"ListItem","position":3,"name":"Disco de contacto de Vulkollan\u00ae macizo, ranuras gruesas"}]},{"@type":"WebSite","@id":"https:\/\/kemperkontakt.de\/es\/#website","url":"https:\/\/kemperkontakt.de\/es\/","name":"Kemper-Kontakt","description":"","potentialAction":[{"@type":"SearchAction","target":{"@type":"EntryPoint","urlTemplate":"https:\/\/kemperkontakt.de\/es\/?s={search_term_string}"},"query-input":{"@type":"PropertyValueSpecification","valueRequired":true,"valueName":"search_term_string"}}],"inLanguage":"es"}]}},"_links":{"self":[{"href":"https:\/\/kemperkontakt.de\/es\/wp-json\/wp\/v2\/product\/6021","targetHints":{"allow":["GET"]}}],"collection":[{"href":"https:\/\/kemperkontakt.de\/es\/wp-json\/wp\/v2\/product"}],"about":[{"href":"https:\/\/kemperkontakt.de\/es\/wp-json\/wp\/v2\/types\/product"}],"wp:featuredmedia":[{"embeddable":true,"href":"https:\/\/kemperkontakt.de\/es\/wp-json\/wp\/v2\/media\/6022"}],"wp:attachment":[{"href":"https:\/\/kemperkontakt.de\/es\/wp-json\/wp\/v2\/media?parent=6021"}],"wp:term":[{"taxonomy":"product_brand","embeddable":true,"href":"https:\/\/kemperkontakt.de\/es\/wp-json\/wp\/v2\/product_brand?post=6021"},{"taxonomy":"product_cat","embeddable":true,"href":"https:\/\/kemperkontakt.de\/es\/wp-json\/wp\/v2\/product_cat?post=6021"},{"taxonomy":"product_tag","embeddable":true,"href":"https:\/\/kemperkontakt.de\/es\/wp-json\/wp\/v2\/product_tag?post=6021"}],"curies":[{"name":"wp","href":"https:\/\/api.w.org\/{rel}","templated":true}]}}