{"id":5976,"date":"2024-06-11T12:57:49","date_gmt":"2024-06-11T10:57:49","guid":{"rendered":"https:\/\/kemperkontakt.de\/produkt\/disco-de-contacto-de-espuma-flexible-de-pu-y-espuma-normal-altura-de-recubrimiento-superior-a-20-mm\/"},"modified":"2025-03-17T14:34:07","modified_gmt":"2025-03-17T13:34:07","slug":"disco-de-contacto-de-espuma-flexible-de-pu-y-espuma-normal-altura-de-recubrimiento-superior-a-20-mm","status":"publish","type":"product","link":"https:\/\/kemperkontakt.de\/es\/produkt\/disco-de-contacto-de-espuma-flexible-de-pu-y-espuma-normal-altura-de-recubrimiento-superior-a-20-mm\/","title":{"rendered":"Disco de contacto de espuma flexible de PU y espuma normal, altura de recubrimiento superior a 20 mm"},"content":{"rendered":"","protected":false},"excerpt":{"rendered":"<p><strong>Ventiflex\u00ae HH<\/strong><\/p>\n<p>Altura del coj\u00edn de m\u00e1s de 20 mm. Gracias a la disposici\u00f3n alternada de l\u00e1minas de PU y espuma normal (cada una de 10 mm de grosor), se garantiza una mayor elasticidad. Especialmente adecuado para piezas muy perfiladas y el uso de correas en \u00abJ\u00bb.<\/p>\n<p>&nbsp;<\/p>\n<p><strong>Para usar con qu\u00e9 m\u00e1quina:<\/strong><\/p>\n<p><strong><a href=\"\/es\/rectificar-con-robots\/\"><img decoding=\"async\" class=\"alignnone wp-image-1658\" src=\"http:\/\/kemperkontakt.com\/wp-content\/uploads\/2024\/09\/Roboterschleifen-blau-150x150.png\" alt=\"\" width=\"100\" height=\"100\" srcset=\"https:\/\/kemperkontakt.de\/wp-content\/uploads\/2024\/09\/Roboterschleifen-blau-66x66.png 66w, https:\/\/kemperkontakt.de\/wp-content\/uploads\/2024\/09\/Roboterschleifen-blau-150x150.png 150w, https:\/\/kemperkontakt.de\/wp-content\/uploads\/2024\/09\/Roboterschleifen-blau-200x200.png 200w, https:\/\/kemperkontakt.de\/wp-content\/uploads\/2024\/09\/Roboterschleifen-blau-300x300.png 300w, https:\/\/kemperkontakt.de\/wp-content\/uploads\/2024\/09\/Roboterschleifen-blau-400x400.png 400w, https:\/\/kemperkontakt.de\/wp-content\/uploads\/2024\/09\/Roboterschleifen-blau-500x500.png 500w, https:\/\/kemperkontakt.de\/wp-content\/uploads\/2024\/09\/Roboterschleifen-blau-600x600.png 600w, https:\/\/kemperkontakt.de\/wp-content\/uploads\/2024\/09\/Roboterschleifen-blau-768x768.png 768w, https:\/\/kemperkontakt.de\/wp-content\/uploads\/2024\/09\/Roboterschleifen-blau-800x800.png 800w, https:\/\/kemperkontakt.de\/wp-content\/uploads\/2024\/09\/Roboterschleifen-blau.png 1000w\" sizes=\"(max-width: 100px) 100vw, 100px\" \/><\/a><a href=\"\/es\/lijadoras-de-banda\/\"><img decoding=\"async\" class=\"alignnone wp-image-1652\" src=\"http:\/\/kemperkontakt.com\/wp-content\/uploads\/2024\/09\/Bandschleifmaschine-2-blau-150x150.png\" alt=\"\" width=\"100\" height=\"100\" srcset=\"https:\/\/kemperkontakt.de\/wp-content\/uploads\/2024\/09\/Bandschleifmaschine-2-blau-66x66.png 66w, https:\/\/kemperkontakt.de\/wp-content\/uploads\/2024\/09\/Bandschleifmaschine-2-blau-150x150.png 150w, https:\/\/kemperkontakt.de\/wp-content\/uploads\/2024\/09\/Bandschleifmaschine-2-blau-200x200.png 200w, https:\/\/kemperkontakt.de\/wp-content\/uploads\/2024\/09\/Bandschleifmaschine-2-blau-300x300.png 300w, https:\/\/kemperkontakt.de\/wp-content\/uploads\/2024\/09\/Bandschleifmaschine-2-blau-400x400.png 400w, https:\/\/kemperkontakt.de\/wp-content\/uploads\/2024\/09\/Bandschleifmaschine-2-blau-500x500.png 500w, https:\/\/kemperkontakt.de\/wp-content\/uploads\/2024\/09\/Bandschleifmaschine-2-blau-600x600.png 600w, https:\/\/kemperkontakt.de\/wp-content\/uploads\/2024\/09\/Bandschleifmaschine-2-blau-768x768.png 768w, https:\/\/kemperkontakt.de\/wp-content\/uploads\/2024\/09\/Bandschleifmaschine-2-blau-800x800.png 800w, https:\/\/kemperkontakt.de\/wp-content\/uploads\/2024\/09\/Bandschleifmaschine-2-blau.png 1000w\" sizes=\"(max-width: 100px) 100vw, 100px\" \/><\/a><a href=\"\/es\/maquinas-estacionarias\/\"><img decoding=\"async\" class=\"alignnone wp-image-1653\" src=\"http:\/\/kemperkontakt.com\/wp-content\/uploads\/2024\/09\/Bandschleifmaschine-blau-150x150.png\" alt=\"\" width=\"100\" height=\"100\" srcset=\"https:\/\/kemperkontakt.de\/wp-content\/uploads\/2024\/09\/Bandschleifmaschine-blau-66x66.png 66w, https:\/\/kemperkontakt.de\/wp-content\/uploads\/2024\/09\/Bandschleifmaschine-blau-150x150.png 150w, https:\/\/kemperkontakt.de\/wp-content\/uploads\/2024\/09\/Bandschleifmaschine-blau-200x200.png 200w, https:\/\/kemperkontakt.de\/wp-content\/uploads\/2024\/09\/Bandschleifmaschine-blau-300x300.png 300w, https:\/\/kemperkontakt.de\/wp-content\/uploads\/2024\/09\/Bandschleifmaschine-blau-400x400.png 400w, https:\/\/kemperkontakt.de\/wp-content\/uploads\/2024\/09\/Bandschleifmaschine-blau-500x500.png 500w, https:\/\/kemperkontakt.de\/wp-content\/uploads\/2024\/09\/Bandschleifmaschine-blau-600x600.png 600w, https:\/\/kemperkontakt.de\/wp-content\/uploads\/2024\/09\/Bandschleifmaschine-blau-768x768.png 768w, https:\/\/kemperkontakt.de\/wp-content\/uploads\/2024\/09\/Bandschleifmaschine-blau-800x800.png 800w, https:\/\/kemperkontakt.de\/wp-content\/uploads\/2024\/09\/Bandschleifmaschine-blau.png 1000w\" sizes=\"(max-width: 100px) 100vw, 100px\" \/><\/a><\/strong><\/p>\n<p>&nbsp;<\/p>\n<p><strong>Ficha t\u00e9cnica del producto:<br \/>\n<\/strong>[download id=\"4279\" template=\"Contact wheel made of flexible PU foam and soft foam, cushion over 20 mm\"]<\/p>\n<p>Aqu\u00ed encontrar\u00e1s <span style=\"color: #27348b;\"><a style=\"color: #27348b;\" href=\"\/wp-content\/uploads\/2024\/07\/Informationen-zu-Kontaktscheiben-1.pdf\" target=\"_blank\" rel=\"noopener\">informaci\u00f3n sobre discos de contacto<\/a><span style=\"color: #000000;\"> e <a style=\"color: #27348b;\" href=\"\/wp-content\/uploads\/2024\/07\/Kontaktscheiben-Lagerhinweis-DE-05.05.21.pdf\" target=\"_blank\" rel=\"noopener\">informaci\u00f3n sobre los rodamientos de<\/a> los <a style=\"color: #27348b;\" href=\"\/wp-content\/uploads\/2024\/07\/Kontaktscheiben-Lagerhinweis-DE-05.05.21.pdf\" target=\"_blank\" rel=\"noopener\">discos de contacto<\/a>.<\/span><\/span><\/p>\n","protected":false},"featured_media":5977,"template":"","meta":[],"product_brand":[],"product_cat":[803],"product_tag":[782,783,784,764,785,758],"class_list":{"0":"post-5976","1":"product","2":"type-product","3":"status-publish","4":"has-post-thumbnail","6":"product_cat-discos-de-contacto-con-cojin-para-correr-de-laminas-de-espuma","7":"product_tag-ajuste-fino","8":"product_tag-correas-j-y-j-flex","9":"product_tag-lijado-en-seco","10":"product_tag-lijadoras-de-banda","11":"product_tag-lijadoras-de-banda-grandes","12":"product_tag-rectificar-con-robots","14":"first","15":"instock","16":"featured","17":"shipping-taxable","18":"product-type-simple"},"yoast_head":"<!-- This site is optimized with the Yoast SEO plugin v27.3 - https:\/\/yoast.com\/product\/yoast-seo-wordpress\/ -->\n<title>Disco de contacto de espuma flexible de PU y espuma normal, altura de recubrimiento superior a 20 mm - Kemper-Kontakt<\/title>\n<meta name=\"robots\" content=\"index, follow, max-snippet:-1, max-image-preview:large, max-video-preview:-1\" \/>\n<link rel=\"canonical\" href=\"https:\/\/kemperkontakt.de\/es\/produkt\/disco-de-contacto-de-espuma-flexible-de-pu-y-espuma-normal-altura-de-recubrimiento-superior-a-20-mm\/\" \/>\n<meta property=\"og:locale\" content=\"es_ES\" \/>\n<meta property=\"og:type\" content=\"article\" \/>\n<meta property=\"og:title\" content=\"Disco de contacto de espuma flexible de PU y espuma normal, altura de recubrimiento superior a 20 mm - Kemper-Kontakt\" \/>\n<meta property=\"og:description\" content=\"Ventiflex\u00ae HH  Altura del coj\u00edn de m\u00e1s de 20 mm. Gracias a la disposici\u00f3n alternada de l\u00e1minas de PU y espuma normal (cada una de 10 mm de grosor), se garantiza una mayor elasticidad. Especialmente adecuado para piezas muy perfiladas y el uso de correas en &quot;J&quot;.  &nbsp;  Para usar con qu\u00e9 m\u00e1quina:    &nbsp;  Ficha t\u00e9cnica del producto:   Aqu\u00ed encontrar\u00e1s informaci\u00f3n sobre discos de contacto e informaci\u00f3n sobre los rodamientos de los discos de contacto.\" \/>\n<meta property=\"og:url\" content=\"https:\/\/kemperkontakt.de\/es\/produkt\/disco-de-contacto-de-espuma-flexible-de-pu-y-espuma-normal-altura-de-recubrimiento-superior-a-20-mm\/\" \/>\n<meta property=\"og:site_name\" content=\"Kemper-Kontakt\" \/>\n<meta property=\"article:modified_time\" content=\"2025-03-17T13:34:07+00:00\" \/>\n<meta property=\"og:image\" content=\"https:\/\/kemperkontakt.de\/wp-content\/uploads\/2024\/06\/Ventiflex_HH_1000x1000.jpg\" \/>\n\t<meta property=\"og:image:width\" content=\"1000\" \/>\n\t<meta property=\"og:image:height\" content=\"1000\" \/>\n\t<meta property=\"og:image:type\" content=\"image\/jpeg\" \/>\n<meta name=\"twitter:card\" content=\"summary_large_image\" \/>\n<meta name=\"twitter:label1\" content=\"Tiempo de lectura\" \/>\n\t<meta name=\"twitter:data1\" content=\"1 minuto\" \/>\n<script type=\"application\/ld+json\" class=\"yoast-schema-graph\">{\"@context\":\"https:\\\/\\\/schema.org\",\"@graph\":[{\"@type\":\"WebPage\",\"@id\":\"https:\\\/\\\/kemperkontakt.de\\\/es\\\/produkt\\\/disco-de-contacto-de-espuma-flexible-de-pu-y-espuma-normal-altura-de-recubrimiento-superior-a-20-mm\\\/\",\"url\":\"https:\\\/\\\/kemperkontakt.de\\\/es\\\/produkt\\\/disco-de-contacto-de-espuma-flexible-de-pu-y-espuma-normal-altura-de-recubrimiento-superior-a-20-mm\\\/\",\"name\":\"Disco de contacto de espuma flexible de PU y espuma normal, altura de recubrimiento superior a 20 mm - Kemper-Kontakt\",\"isPartOf\":{\"@id\":\"https:\\\/\\\/kemperkontakt.de\\\/es\\\/#website\"},\"primaryImageOfPage\":{\"@id\":\"https:\\\/\\\/kemperkontakt.de\\\/es\\\/produkt\\\/disco-de-contacto-de-espuma-flexible-de-pu-y-espuma-normal-altura-de-recubrimiento-superior-a-20-mm\\\/#primaryimage\"},\"image\":{\"@id\":\"https:\\\/\\\/kemperkontakt.de\\\/es\\\/produkt\\\/disco-de-contacto-de-espuma-flexible-de-pu-y-espuma-normal-altura-de-recubrimiento-superior-a-20-mm\\\/#primaryimage\"},\"thumbnailUrl\":\"https:\\\/\\\/kemperkontakt.de\\\/wp-content\\\/uploads\\\/2024\\\/06\\\/Ventiflex_HH_1000x1000.jpg\",\"datePublished\":\"2024-06-11T10:57:49+00:00\",\"dateModified\":\"2025-03-17T13:34:07+00:00\",\"breadcrumb\":{\"@id\":\"https:\\\/\\\/kemperkontakt.de\\\/es\\\/produkt\\\/disco-de-contacto-de-espuma-flexible-de-pu-y-espuma-normal-altura-de-recubrimiento-superior-a-20-mm\\\/#breadcrumb\"},\"inLanguage\":\"es\",\"potentialAction\":[{\"@type\":\"ReadAction\",\"target\":[\"https:\\\/\\\/kemperkontakt.de\\\/es\\\/produkt\\\/disco-de-contacto-de-espuma-flexible-de-pu-y-espuma-normal-altura-de-recubrimiento-superior-a-20-mm\\\/\"]}]},{\"@type\":\"ImageObject\",\"inLanguage\":\"es\",\"@id\":\"https:\\\/\\\/kemperkontakt.de\\\/es\\\/produkt\\\/disco-de-contacto-de-espuma-flexible-de-pu-y-espuma-normal-altura-de-recubrimiento-superior-a-20-mm\\\/#primaryimage\",\"url\":\"https:\\\/\\\/kemperkontakt.de\\\/wp-content\\\/uploads\\\/2024\\\/06\\\/Ventiflex_HH_1000x1000.jpg\",\"contentUrl\":\"https:\\\/\\\/kemperkontakt.de\\\/wp-content\\\/uploads\\\/2024\\\/06\\\/Ventiflex_HH_1000x1000.jpg\",\"width\":1000,\"height\":1000},{\"@type\":\"BreadcrumbList\",\"@id\":\"https:\\\/\\\/kemperkontakt.de\\\/es\\\/produkt\\\/disco-de-contacto-de-espuma-flexible-de-pu-y-espuma-normal-altura-de-recubrimiento-superior-a-20-mm\\\/#breadcrumb\",\"itemListElement\":[{\"@type\":\"ListItem\",\"position\":1,\"name\":\"Startseite\",\"item\":\"https:\\\/\\\/kemperkontakt.de\\\/es\\\/\"},{\"@type\":\"ListItem\",\"position\":2,\"name\":\"Categor\u00edas\",\"item\":\"https:\\\/\\\/kemperkontakt.de\\\/categorias\\\/\"},{\"@type\":\"ListItem\",\"position\":3,\"name\":\"Disco de contacto de espuma flexible de PU y espuma normal, altura de recubrimiento superior a 20 mm\"}]},{\"@type\":\"WebSite\",\"@id\":\"https:\\\/\\\/kemperkontakt.de\\\/es\\\/#website\",\"url\":\"https:\\\/\\\/kemperkontakt.de\\\/es\\\/\",\"name\":\"Kemper-Kontakt\",\"description\":\"\",\"potentialAction\":[{\"@type\":\"SearchAction\",\"target\":{\"@type\":\"EntryPoint\",\"urlTemplate\":\"https:\\\/\\\/kemperkontakt.de\\\/es\\\/?s={search_term_string}\"},\"query-input\":{\"@type\":\"PropertyValueSpecification\",\"valueRequired\":true,\"valueName\":\"search_term_string\"}}],\"inLanguage\":\"es\"}]}<\/script>\n<!-- \/ Yoast SEO plugin. -->","yoast_head_json":{"title":"Disco de contacto de espuma flexible de PU y espuma normal, altura de recubrimiento superior a 20 mm - Kemper-Kontakt","robots":{"index":"index","follow":"follow","max-snippet":"max-snippet:-1","max-image-preview":"max-image-preview:large","max-video-preview":"max-video-preview:-1"},"canonical":"https:\/\/kemperkontakt.de\/es\/produkt\/disco-de-contacto-de-espuma-flexible-de-pu-y-espuma-normal-altura-de-recubrimiento-superior-a-20-mm\/","og_locale":"es_ES","og_type":"article","og_title":"Disco de contacto de espuma flexible de PU y espuma normal, altura de recubrimiento superior a 20 mm - Kemper-Kontakt","og_description":"Ventiflex\u00ae HH  Altura del coj\u00edn de m\u00e1s de 20 mm. Gracias a la disposici\u00f3n alternada de l\u00e1minas de PU y espuma normal (cada una de 10 mm de grosor), se garantiza una mayor elasticidad. Especialmente adecuado para piezas muy perfiladas y el uso de correas en \"J\".  &nbsp;  Para usar con qu\u00e9 m\u00e1quina:    &nbsp;  Ficha t\u00e9cnica del producto:   Aqu\u00ed encontrar\u00e1s informaci\u00f3n sobre discos de contacto e informaci\u00f3n sobre los rodamientos de los discos de contacto.","og_url":"https:\/\/kemperkontakt.de\/es\/produkt\/disco-de-contacto-de-espuma-flexible-de-pu-y-espuma-normal-altura-de-recubrimiento-superior-a-20-mm\/","og_site_name":"Kemper-Kontakt","article_modified_time":"2025-03-17T13:34:07+00:00","og_image":[{"width":1000,"height":1000,"url":"https:\/\/kemperkontakt.de\/wp-content\/uploads\/2024\/06\/Ventiflex_HH_1000x1000.jpg","type":"image\/jpeg"}],"twitter_card":"summary_large_image","twitter_misc":{"Tiempo de lectura":"1 minuto"},"schema":{"@context":"https:\/\/schema.org","@graph":[{"@type":"WebPage","@id":"https:\/\/kemperkontakt.de\/es\/produkt\/disco-de-contacto-de-espuma-flexible-de-pu-y-espuma-normal-altura-de-recubrimiento-superior-a-20-mm\/","url":"https:\/\/kemperkontakt.de\/es\/produkt\/disco-de-contacto-de-espuma-flexible-de-pu-y-espuma-normal-altura-de-recubrimiento-superior-a-20-mm\/","name":"Disco de contacto de espuma flexible de PU y espuma normal, altura de recubrimiento superior a 20 mm - Kemper-Kontakt","isPartOf":{"@id":"https:\/\/kemperkontakt.de\/es\/#website"},"primaryImageOfPage":{"@id":"https:\/\/kemperkontakt.de\/es\/produkt\/disco-de-contacto-de-espuma-flexible-de-pu-y-espuma-normal-altura-de-recubrimiento-superior-a-20-mm\/#primaryimage"},"image":{"@id":"https:\/\/kemperkontakt.de\/es\/produkt\/disco-de-contacto-de-espuma-flexible-de-pu-y-espuma-normal-altura-de-recubrimiento-superior-a-20-mm\/#primaryimage"},"thumbnailUrl":"https:\/\/kemperkontakt.de\/wp-content\/uploads\/2024\/06\/Ventiflex_HH_1000x1000.jpg","datePublished":"2024-06-11T10:57:49+00:00","dateModified":"2025-03-17T13:34:07+00:00","breadcrumb":{"@id":"https:\/\/kemperkontakt.de\/es\/produkt\/disco-de-contacto-de-espuma-flexible-de-pu-y-espuma-normal-altura-de-recubrimiento-superior-a-20-mm\/#breadcrumb"},"inLanguage":"es","potentialAction":[{"@type":"ReadAction","target":["https:\/\/kemperkontakt.de\/es\/produkt\/disco-de-contacto-de-espuma-flexible-de-pu-y-espuma-normal-altura-de-recubrimiento-superior-a-20-mm\/"]}]},{"@type":"ImageObject","inLanguage":"es","@id":"https:\/\/kemperkontakt.de\/es\/produkt\/disco-de-contacto-de-espuma-flexible-de-pu-y-espuma-normal-altura-de-recubrimiento-superior-a-20-mm\/#primaryimage","url":"https:\/\/kemperkontakt.de\/wp-content\/uploads\/2024\/06\/Ventiflex_HH_1000x1000.jpg","contentUrl":"https:\/\/kemperkontakt.de\/wp-content\/uploads\/2024\/06\/Ventiflex_HH_1000x1000.jpg","width":1000,"height":1000},{"@type":"BreadcrumbList","@id":"https:\/\/kemperkontakt.de\/es\/produkt\/disco-de-contacto-de-espuma-flexible-de-pu-y-espuma-normal-altura-de-recubrimiento-superior-a-20-mm\/#breadcrumb","itemListElement":[{"@type":"ListItem","position":1,"name":"Startseite","item":"https:\/\/kemperkontakt.de\/es\/"},{"@type":"ListItem","position":2,"name":"Categor\u00edas","item":"https:\/\/kemperkontakt.de\/categorias\/"},{"@type":"ListItem","position":3,"name":"Disco de contacto de espuma flexible de PU y espuma normal, altura de recubrimiento superior a 20 mm"}]},{"@type":"WebSite","@id":"https:\/\/kemperkontakt.de\/es\/#website","url":"https:\/\/kemperkontakt.de\/es\/","name":"Kemper-Kontakt","description":"","potentialAction":[{"@type":"SearchAction","target":{"@type":"EntryPoint","urlTemplate":"https:\/\/kemperkontakt.de\/es\/?s={search_term_string}"},"query-input":{"@type":"PropertyValueSpecification","valueRequired":true,"valueName":"search_term_string"}}],"inLanguage":"es"}]}},"_links":{"self":[{"href":"https:\/\/kemperkontakt.de\/es\/wp-json\/wp\/v2\/product\/5976","targetHints":{"allow":["GET"]}}],"collection":[{"href":"https:\/\/kemperkontakt.de\/es\/wp-json\/wp\/v2\/product"}],"about":[{"href":"https:\/\/kemperkontakt.de\/es\/wp-json\/wp\/v2\/types\/product"}],"wp:featuredmedia":[{"embeddable":true,"href":"https:\/\/kemperkontakt.de\/es\/wp-json\/wp\/v2\/media\/5977"}],"wp:attachment":[{"href":"https:\/\/kemperkontakt.de\/es\/wp-json\/wp\/v2\/media?parent=5976"}],"wp:term":[{"taxonomy":"product_brand","embeddable":true,"href":"https:\/\/kemperkontakt.de\/es\/wp-json\/wp\/v2\/product_brand?post=5976"},{"taxonomy":"product_cat","embeddable":true,"href":"https:\/\/kemperkontakt.de\/es\/wp-json\/wp\/v2\/product_cat?post=5976"},{"taxonomy":"product_tag","embeddable":true,"href":"https:\/\/kemperkontakt.de\/es\/wp-json\/wp\/v2\/product_tag?post=5976"}],"curies":[{"name":"wp","href":"https:\/\/api.w.org\/{rel}","templated":true}]}}