{"id":5912,"date":"2024-06-11T13:54:06","date_gmt":"2024-06-11T11:54:06","guid":{"rendered":"https:\/\/kemperkontakt.de\/produkt\/rodillo-expansible-de-goma-2\/"},"modified":"2025-03-17T14:29:02","modified_gmt":"2025-03-17T13:29:02","slug":"rodillo-expansible-de-goma-2","status":"publish","type":"product","link":"https:\/\/kemperkontakt.de\/es\/produkt\/rodillo-expansible-de-goma-2\/","title":{"rendered":"Rodillo expansible de goma"},"content":{"rendered":"","protected":false},"excerpt":{"rendered":"<p><strong>Radix\u00ae GO\/15 (91 mm \u00d8) Radix\u00ae GO\/16 (100 mm \u00d8)<\/strong><\/p>\n<p class=\"bodytext\">Rodillo expansor con pat\u00edn de goma especialmente ranurado, aprox. 40\u00b0 y aprox. 60\u00b0 Shore, con doble chavetero de 19 mm, apto para lijadoras corrientes en el mercado con el soporte correspondiente<\/p>\n<p class=\"bodytext\"><strong><em>ATENCI\u00d3N: \u00a1\u00dasalo s\u00f3lo con banda de lija!<\/em><\/strong><\/p>\n<p>&nbsp;<\/p>\n<p><strong>Para usar con qu\u00e9 m\u00e1quina:<br \/>\n<a href=\"\/es\/produkt-schlagwort\/maquina-de-acabado-satinado\/\"><img decoding=\"async\" class=\"alignnone wp-image-911\" src=\"http:\/\/kemperkontakt.com\/wp-content\/uploads\/2024\/07\/Satiniermaschine-150x150.png\" alt=\"\" width=\"100\" height=\"100\" srcset=\"https:\/\/kemperkontakt.de\/wp-content\/uploads\/2024\/07\/Satiniermaschine-66x66.png 66w, https:\/\/kemperkontakt.de\/wp-content\/uploads\/2024\/07\/Satiniermaschine-150x150.png 150w, https:\/\/kemperkontakt.de\/wp-content\/uploads\/2024\/07\/Satiniermaschine-200x200.png 200w, https:\/\/kemperkontakt.de\/wp-content\/uploads\/2024\/07\/Satiniermaschine-300x300.png 300w, https:\/\/kemperkontakt.de\/wp-content\/uploads\/2024\/07\/Satiniermaschine-400x400.png 400w, https:\/\/kemperkontakt.de\/wp-content\/uploads\/2024\/07\/Satiniermaschine-500x500.png 500w, https:\/\/kemperkontakt.de\/wp-content\/uploads\/2024\/07\/Satiniermaschine-600x600.png 600w, https:\/\/kemperkontakt.de\/wp-content\/uploads\/2024\/07\/Satiniermaschine-768x768.png 768w, https:\/\/kemperkontakt.de\/wp-content\/uploads\/2024\/07\/Satiniermaschine.png 800w\" sizes=\"(max-width: 100px) 100vw, 100px\" \/><\/a><br \/>\n<\/strong><\/p>\n<p class=\"bodytext\"><strong>Ficha t\u00e9cnica del producto:<br \/>\n<\/strong>[download id=\"5339\" template=\"Expanding wheel made of rubber\"]<\/p>\n","protected":false},"featured_media":7237,"template":"","meta":[],"product_brand":[],"product_cat":[760],"product_tag":[765,560,743,563,745,561,767],"class_list":{"0":"post-5912","1":"product","2":"type-product","3":"status-publish","4":"has-post-thumbnail","6":"product_cat-soporte-abrasivo-autoexpandible-para-manguitos-de-bandas-abrasivas","7":"product_tag-herramienta-expansora","8":"product_tag-maquina-de-acabado-satinado","9":"product_tag-portamanguitos-abrasivo","10":"product_tag-radix-es","11":"product_tag-radix-vsdn-es","12":"product_tag-rectificadora","13":"product_tag-rodillo-expansible-es","15":"first","16":"instock","17":"shipping-taxable","18":"product-type-simple"},"yoast_head":"<!-- This site is optimized with the Yoast SEO plugin v27.3 - https:\/\/yoast.com\/product\/yoast-seo-wordpress\/ -->\n<title>Rodillo expansible de goma - Kemper-Kontakt<\/title>\n<meta name=\"robots\" content=\"index, follow, max-snippet:-1, max-image-preview:large, max-video-preview:-1\" \/>\n<link rel=\"canonical\" href=\"https:\/\/kemperkontakt.de\/es\/produkt\/rodillo-expansible-de-goma-2\/\" \/>\n<meta property=\"og:locale\" content=\"es_ES\" \/>\n<meta property=\"og:type\" content=\"article\" \/>\n<meta property=\"og:title\" content=\"Rodillo expansible de goma - Kemper-Kontakt\" \/>\n<meta property=\"og:description\" content=\"Radix\u00ae GO\/15 (91 mm \u00d8) Radix\u00ae GO\/16 (100 mm \u00d8) Rodillo expansor con pat\u00edn de goma especialmente ranurado, aprox. 40\u00b0 y aprox. 60\u00b0 Shore, con doble chavetero de 19 mm, apto para lijadoras corrientes en el mercado con el soporte correspondiente ATENCI\u00d3N: \u00a1\u00dasalo s\u00f3lo con banda de lija! &nbsp;  Para usar con qu\u00e9 m\u00e1quina:   Ficha t\u00e9cnica del producto:\" \/>\n<meta property=\"og:url\" content=\"https:\/\/kemperkontakt.de\/es\/produkt\/rodillo-expansible-de-goma-2\/\" \/>\n<meta property=\"og:site_name\" content=\"Kemper-Kontakt\" \/>\n<meta property=\"article:modified_time\" content=\"2025-03-17T13:29:02+00:00\" \/>\n<meta property=\"og:image\" content=\"https:\/\/kemperkontakt.de\/wp-content\/uploads\/2024\/06\/Radix_GO_15_Radix_GO_16_1000x1000.jpg\" \/>\n\t<meta property=\"og:image:width\" content=\"1000\" \/>\n\t<meta property=\"og:image:height\" content=\"1000\" \/>\n\t<meta property=\"og:image:type\" content=\"image\/jpeg\" \/>\n<meta name=\"twitter:card\" content=\"summary_large_image\" \/>\n<script type=\"application\/ld+json\" class=\"yoast-schema-graph\">{\"@context\":\"https:\\\/\\\/schema.org\",\"@graph\":[{\"@type\":\"WebPage\",\"@id\":\"https:\\\/\\\/kemperkontakt.de\\\/es\\\/produkt\\\/rodillo-expansible-de-goma-2\\\/\",\"url\":\"https:\\\/\\\/kemperkontakt.de\\\/es\\\/produkt\\\/rodillo-expansible-de-goma-2\\\/\",\"name\":\"Rodillo expansible de goma - Kemper-Kontakt\",\"isPartOf\":{\"@id\":\"https:\\\/\\\/kemperkontakt.de\\\/es\\\/#website\"},\"primaryImageOfPage\":{\"@id\":\"https:\\\/\\\/kemperkontakt.de\\\/es\\\/produkt\\\/rodillo-expansible-de-goma-2\\\/#primaryimage\"},\"image\":{\"@id\":\"https:\\\/\\\/kemperkontakt.de\\\/es\\\/produkt\\\/rodillo-expansible-de-goma-2\\\/#primaryimage\"},\"thumbnailUrl\":\"https:\\\/\\\/kemperkontakt.de\\\/wp-content\\\/uploads\\\/2024\\\/06\\\/Radix_GO_15_Radix_GO_16_1000x1000.jpg\",\"datePublished\":\"2024-06-11T11:54:06+00:00\",\"dateModified\":\"2025-03-17T13:29:02+00:00\",\"breadcrumb\":{\"@id\":\"https:\\\/\\\/kemperkontakt.de\\\/es\\\/produkt\\\/rodillo-expansible-de-goma-2\\\/#breadcrumb\"},\"inLanguage\":\"es\",\"potentialAction\":[{\"@type\":\"ReadAction\",\"target\":[\"https:\\\/\\\/kemperkontakt.de\\\/es\\\/produkt\\\/rodillo-expansible-de-goma-2\\\/\"]}]},{\"@type\":\"ImageObject\",\"inLanguage\":\"es\",\"@id\":\"https:\\\/\\\/kemperkontakt.de\\\/es\\\/produkt\\\/rodillo-expansible-de-goma-2\\\/#primaryimage\",\"url\":\"https:\\\/\\\/kemperkontakt.de\\\/wp-content\\\/uploads\\\/2024\\\/06\\\/Radix_GO_15_Radix_GO_16_1000x1000.jpg\",\"contentUrl\":\"https:\\\/\\\/kemperkontakt.de\\\/wp-content\\\/uploads\\\/2024\\\/06\\\/Radix_GO_15_Radix_GO_16_1000x1000.jpg\",\"width\":1000,\"height\":1000},{\"@type\":\"BreadcrumbList\",\"@id\":\"https:\\\/\\\/kemperkontakt.de\\\/es\\\/produkt\\\/rodillo-expansible-de-goma-2\\\/#breadcrumb\",\"itemListElement\":[{\"@type\":\"ListItem\",\"position\":1,\"name\":\"Startseite\",\"item\":\"https:\\\/\\\/kemperkontakt.de\\\/es\\\/\"},{\"@type\":\"ListItem\",\"position\":2,\"name\":\"Categor\u00edas\",\"item\":\"https:\\\/\\\/kemperkontakt.de\\\/categorias\\\/\"},{\"@type\":\"ListItem\",\"position\":3,\"name\":\"Rodillo expansible de goma\"}]},{\"@type\":\"WebSite\",\"@id\":\"https:\\\/\\\/kemperkontakt.de\\\/es\\\/#website\",\"url\":\"https:\\\/\\\/kemperkontakt.de\\\/es\\\/\",\"name\":\"Kemper-Kontakt\",\"description\":\"\",\"potentialAction\":[{\"@type\":\"SearchAction\",\"target\":{\"@type\":\"EntryPoint\",\"urlTemplate\":\"https:\\\/\\\/kemperkontakt.de\\\/es\\\/?s={search_term_string}\"},\"query-input\":{\"@type\":\"PropertyValueSpecification\",\"valueRequired\":true,\"valueName\":\"search_term_string\"}}],\"inLanguage\":\"es\"}]}<\/script>\n<!-- \/ Yoast SEO plugin. -->","yoast_head_json":{"title":"Rodillo expansible de goma - Kemper-Kontakt","robots":{"index":"index","follow":"follow","max-snippet":"max-snippet:-1","max-image-preview":"max-image-preview:large","max-video-preview":"max-video-preview:-1"},"canonical":"https:\/\/kemperkontakt.de\/es\/produkt\/rodillo-expansible-de-goma-2\/","og_locale":"es_ES","og_type":"article","og_title":"Rodillo expansible de goma - Kemper-Kontakt","og_description":"Radix\u00ae GO\/15 (91 mm \u00d8) Radix\u00ae GO\/16 (100 mm \u00d8) Rodillo expansor con pat\u00edn de goma especialmente ranurado, aprox. 40\u00b0 y aprox. 60\u00b0 Shore, con doble chavetero de 19 mm, apto para lijadoras corrientes en el mercado con el soporte correspondiente ATENCI\u00d3N: \u00a1\u00dasalo s\u00f3lo con banda de lija! &nbsp;  Para usar con qu\u00e9 m\u00e1quina:   Ficha t\u00e9cnica del producto:","og_url":"https:\/\/kemperkontakt.de\/es\/produkt\/rodillo-expansible-de-goma-2\/","og_site_name":"Kemper-Kontakt","article_modified_time":"2025-03-17T13:29:02+00:00","og_image":[{"width":1000,"height":1000,"url":"https:\/\/kemperkontakt.de\/wp-content\/uploads\/2024\/06\/Radix_GO_15_Radix_GO_16_1000x1000.jpg","type":"image\/jpeg"}],"twitter_card":"summary_large_image","schema":{"@context":"https:\/\/schema.org","@graph":[{"@type":"WebPage","@id":"https:\/\/kemperkontakt.de\/es\/produkt\/rodillo-expansible-de-goma-2\/","url":"https:\/\/kemperkontakt.de\/es\/produkt\/rodillo-expansible-de-goma-2\/","name":"Rodillo expansible de goma - Kemper-Kontakt","isPartOf":{"@id":"https:\/\/kemperkontakt.de\/es\/#website"},"primaryImageOfPage":{"@id":"https:\/\/kemperkontakt.de\/es\/produkt\/rodillo-expansible-de-goma-2\/#primaryimage"},"image":{"@id":"https:\/\/kemperkontakt.de\/es\/produkt\/rodillo-expansible-de-goma-2\/#primaryimage"},"thumbnailUrl":"https:\/\/kemperkontakt.de\/wp-content\/uploads\/2024\/06\/Radix_GO_15_Radix_GO_16_1000x1000.jpg","datePublished":"2024-06-11T11:54:06+00:00","dateModified":"2025-03-17T13:29:02+00:00","breadcrumb":{"@id":"https:\/\/kemperkontakt.de\/es\/produkt\/rodillo-expansible-de-goma-2\/#breadcrumb"},"inLanguage":"es","potentialAction":[{"@type":"ReadAction","target":["https:\/\/kemperkontakt.de\/es\/produkt\/rodillo-expansible-de-goma-2\/"]}]},{"@type":"ImageObject","inLanguage":"es","@id":"https:\/\/kemperkontakt.de\/es\/produkt\/rodillo-expansible-de-goma-2\/#primaryimage","url":"https:\/\/kemperkontakt.de\/wp-content\/uploads\/2024\/06\/Radix_GO_15_Radix_GO_16_1000x1000.jpg","contentUrl":"https:\/\/kemperkontakt.de\/wp-content\/uploads\/2024\/06\/Radix_GO_15_Radix_GO_16_1000x1000.jpg","width":1000,"height":1000},{"@type":"BreadcrumbList","@id":"https:\/\/kemperkontakt.de\/es\/produkt\/rodillo-expansible-de-goma-2\/#breadcrumb","itemListElement":[{"@type":"ListItem","position":1,"name":"Startseite","item":"https:\/\/kemperkontakt.de\/es\/"},{"@type":"ListItem","position":2,"name":"Categor\u00edas","item":"https:\/\/kemperkontakt.de\/categorias\/"},{"@type":"ListItem","position":3,"name":"Rodillo expansible de goma"}]},{"@type":"WebSite","@id":"https:\/\/kemperkontakt.de\/es\/#website","url":"https:\/\/kemperkontakt.de\/es\/","name":"Kemper-Kontakt","description":"","potentialAction":[{"@type":"SearchAction","target":{"@type":"EntryPoint","urlTemplate":"https:\/\/kemperkontakt.de\/es\/?s={search_term_string}"},"query-input":{"@type":"PropertyValueSpecification","valueRequired":true,"valueName":"search_term_string"}}],"inLanguage":"es"}]}},"_links":{"self":[{"href":"https:\/\/kemperkontakt.de\/es\/wp-json\/wp\/v2\/product\/5912","targetHints":{"allow":["GET"]}}],"collection":[{"href":"https:\/\/kemperkontakt.de\/es\/wp-json\/wp\/v2\/product"}],"about":[{"href":"https:\/\/kemperkontakt.de\/es\/wp-json\/wp\/v2\/types\/product"}],"wp:featuredmedia":[{"embeddable":true,"href":"https:\/\/kemperkontakt.de\/es\/wp-json\/wp\/v2\/media\/7237"}],"wp:attachment":[{"href":"https:\/\/kemperkontakt.de\/es\/wp-json\/wp\/v2\/media?parent=5912"}],"wp:term":[{"taxonomy":"product_brand","embeddable":true,"href":"https:\/\/kemperkontakt.de\/es\/wp-json\/wp\/v2\/product_brand?post=5912"},{"taxonomy":"product_cat","embeddable":true,"href":"https:\/\/kemperkontakt.de\/es\/wp-json\/wp\/v2\/product_cat?post=5912"},{"taxonomy":"product_tag","embeddable":true,"href":"https:\/\/kemperkontakt.de\/es\/wp-json\/wp\/v2\/product_tag?post=5912"}],"curies":[{"name":"wp","href":"https:\/\/api.w.org\/{rel}","templated":true}]}}