{"id":5900,"date":"2024-06-11T13:55:59","date_gmt":"2024-06-11T11:55:59","guid":{"rendered":"https:\/\/kemperkontakt.de\/produkt\/rodillo-expansible-de-espuma-vu-2\/"},"modified":"2025-03-17T14:28:28","modified_gmt":"2025-03-17T13:28:28","slug":"rodillo-expansible-de-espuma-vu-2","status":"publish","type":"product","link":"https:\/\/kemperkontakt.de\/es\/produkt\/rodillo-expansible-de-espuma-vu-2\/","title":{"rendered":"Rodillo expansible de espuma Vu"},"content":{"rendered":"","protected":false},"excerpt":{"rendered":"<p><strong>Radix\u00ae VSDN 15 (91 mm \u00d8) Radix\u00ae VSDN 16 (100 mm \u00d8)<\/strong><\/p>\n<p class=\"bodytext\">Rodillo expansible con coj\u00edn de deslizamiento especialmente ranurado y especialmente el\u00e1stico, de espuma VU de alto rendimiento, dureza aprox. 43\u00b0 Shore A, con doble chavetero de 19 mm, adecuado para lijadoras corrientes en el mercado con el soporte correspondiente<\/p>\n<p class=\"bodytext\"><em><strong>ATENCI\u00d3N: \u00a1\u00dasalo s\u00f3lo con banda de lija!<\/strong><\/em><\/p>\n<p>&nbsp;<\/p>\n<p><strong>Para usar con qu\u00e9 m\u00e1quina:<\/strong><\/p>\n<p><strong><a href=\"\/es\/produkt-schlagwort\/maquina-de-acabado-satinado\/\"><img decoding=\"async\" class=\"alignnone wp-image-911\" src=\"http:\/\/kemperkontakt.com\/wp-content\/uploads\/2024\/07\/Satiniermaschine-150x150.png\" alt=\"\" width=\"100\" height=\"100\" srcset=\"https:\/\/kemperkontakt.de\/wp-content\/uploads\/2024\/07\/Satiniermaschine-66x66.png 66w, https:\/\/kemperkontakt.de\/wp-content\/uploads\/2024\/07\/Satiniermaschine-150x150.png 150w, https:\/\/kemperkontakt.de\/wp-content\/uploads\/2024\/07\/Satiniermaschine-200x200.png 200w, https:\/\/kemperkontakt.de\/wp-content\/uploads\/2024\/07\/Satiniermaschine-300x300.png 300w, https:\/\/kemperkontakt.de\/wp-content\/uploads\/2024\/07\/Satiniermaschine-400x400.png 400w, https:\/\/kemperkontakt.de\/wp-content\/uploads\/2024\/07\/Satiniermaschine-500x500.png 500w, https:\/\/kemperkontakt.de\/wp-content\/uploads\/2024\/07\/Satiniermaschine-600x600.png 600w, https:\/\/kemperkontakt.de\/wp-content\/uploads\/2024\/07\/Satiniermaschine-768x768.png 768w, https:\/\/kemperkontakt.de\/wp-content\/uploads\/2024\/07\/Satiniermaschine.png 800w\" sizes=\"(max-width: 100px) 100vw, 100px\" \/><\/a><\/strong><\/p>\n<p class=\"bodytext\"><strong>Ficha t\u00e9cnica del producto:<br \/>\n<\/strong>[download id=\"5331\" template=\"Expanding roller made of VU foam\"]<\/p>\n","protected":false},"featured_media":5901,"template":"","meta":[],"product_brand":[],"product_cat":[760],"product_tag":[765,560,743,563,745,561,767],"class_list":{"0":"post-5900","1":"product","2":"type-product","3":"status-publish","4":"has-post-thumbnail","6":"product_cat-soporte-abrasivo-autoexpandible-para-manguitos-de-bandas-abrasivas","7":"product_tag-herramienta-expansora","8":"product_tag-maquina-de-acabado-satinado","9":"product_tag-portamanguitos-abrasivo","10":"product_tag-radix-es","11":"product_tag-radix-vsdn-es","12":"product_tag-rectificadora","13":"product_tag-rodillo-expansible-es","15":"first","16":"instock","17":"featured","18":"shipping-taxable","19":"product-type-simple"},"yoast_head":"<!-- This site is optimized with the Yoast SEO plugin v27.5 - https:\/\/yoast.com\/product\/yoast-seo-wordpress\/ -->\n<title>Rodillo expansible de espuma Vu - Kemper-Kontakt<\/title>\n<meta name=\"robots\" content=\"index, follow, max-snippet:-1, max-image-preview:large, max-video-preview:-1\" \/>\n<link rel=\"canonical\" href=\"https:\/\/kemperkontakt.de\/es\/produkt\/rodillo-expansible-de-espuma-vu-2\/\" \/>\n<meta property=\"og:locale\" content=\"es_ES\" \/>\n<meta property=\"og:type\" content=\"article\" \/>\n<meta property=\"og:title\" content=\"Rodillo expansible de espuma Vu - Kemper-Kontakt\" \/>\n<meta property=\"og:description\" content=\"Radix\u00ae VSDN 15 (91 mm \u00d8) Radix\u00ae VSDN 16 (100 mm \u00d8) Rodillo expansible con coj\u00edn de deslizamiento especialmente ranurado y especialmente el\u00e1stico, de espuma VU de alto rendimiento, dureza aprox. 43\u00b0 Shore A, con doble chavetero de 19 mm, adecuado para lijadoras corrientes en el mercado con el soporte correspondiente ATENCI\u00d3N: \u00a1\u00dasalo s\u00f3lo con banda de lija! &nbsp;  Para usar con qu\u00e9 m\u00e1quina:   Ficha t\u00e9cnica del producto:\" \/>\n<meta property=\"og:url\" content=\"https:\/\/kemperkontakt.de\/es\/produkt\/rodillo-expansible-de-espuma-vu-2\/\" \/>\n<meta property=\"og:site_name\" content=\"Kemper-Kontakt\" \/>\n<meta property=\"article:modified_time\" content=\"2025-03-17T13:28:28+00:00\" \/>\n<meta property=\"og:image\" content=\"https:\/\/kemperkontakt.de\/wp-content\/uploads\/2024\/06\/RADIX-VSDN-15_16_1000x1000.jpg\" \/>\n\t<meta property=\"og:image:width\" content=\"1000\" \/>\n\t<meta property=\"og:image:height\" content=\"1000\" \/>\n\t<meta property=\"og:image:type\" content=\"image\/jpeg\" \/>\n<meta name=\"twitter:card\" content=\"summary_large_image\" \/>\n<meta name=\"twitter:label1\" content=\"Tiempo de lectura\" \/>\n\t<meta name=\"twitter:data1\" content=\"1 minuto\" \/>\n<script type=\"application\/ld+json\" class=\"yoast-schema-graph\">{\"@context\":\"https:\\\/\\\/schema.org\",\"@graph\":[{\"@type\":\"WebPage\",\"@id\":\"https:\\\/\\\/kemperkontakt.de\\\/es\\\/produkt\\\/rodillo-expansible-de-espuma-vu-2\\\/\",\"url\":\"https:\\\/\\\/kemperkontakt.de\\\/es\\\/produkt\\\/rodillo-expansible-de-espuma-vu-2\\\/\",\"name\":\"Rodillo expansible de espuma Vu - Kemper-Kontakt\",\"isPartOf\":{\"@id\":\"https:\\\/\\\/kemperkontakt.de\\\/es\\\/#website\"},\"primaryImageOfPage\":{\"@id\":\"https:\\\/\\\/kemperkontakt.de\\\/es\\\/produkt\\\/rodillo-expansible-de-espuma-vu-2\\\/#primaryimage\"},\"image\":{\"@id\":\"https:\\\/\\\/kemperkontakt.de\\\/es\\\/produkt\\\/rodillo-expansible-de-espuma-vu-2\\\/#primaryimage\"},\"thumbnailUrl\":\"https:\\\/\\\/kemperkontakt.de\\\/wp-content\\\/uploads\\\/2024\\\/06\\\/RADIX-VSDN-15_16_1000x1000.jpg\",\"datePublished\":\"2024-06-11T11:55:59+00:00\",\"dateModified\":\"2025-03-17T13:28:28+00:00\",\"breadcrumb\":{\"@id\":\"https:\\\/\\\/kemperkontakt.de\\\/es\\\/produkt\\\/rodillo-expansible-de-espuma-vu-2\\\/#breadcrumb\"},\"inLanguage\":\"es\",\"potentialAction\":[{\"@type\":\"ReadAction\",\"target\":[\"https:\\\/\\\/kemperkontakt.de\\\/es\\\/produkt\\\/rodillo-expansible-de-espuma-vu-2\\\/\"]}]},{\"@type\":\"ImageObject\",\"inLanguage\":\"es\",\"@id\":\"https:\\\/\\\/kemperkontakt.de\\\/es\\\/produkt\\\/rodillo-expansible-de-espuma-vu-2\\\/#primaryimage\",\"url\":\"https:\\\/\\\/kemperkontakt.de\\\/wp-content\\\/uploads\\\/2024\\\/06\\\/RADIX-VSDN-15_16_1000x1000.jpg\",\"contentUrl\":\"https:\\\/\\\/kemperkontakt.de\\\/wp-content\\\/uploads\\\/2024\\\/06\\\/RADIX-VSDN-15_16_1000x1000.jpg\",\"width\":1000,\"height\":1000},{\"@type\":\"BreadcrumbList\",\"@id\":\"https:\\\/\\\/kemperkontakt.de\\\/es\\\/produkt\\\/rodillo-expansible-de-espuma-vu-2\\\/#breadcrumb\",\"itemListElement\":[{\"@type\":\"ListItem\",\"position\":1,\"name\":\"Startseite\",\"item\":\"https:\\\/\\\/kemperkontakt.de\\\/es\\\/\"},{\"@type\":\"ListItem\",\"position\":2,\"name\":\"Categor\u00edas\",\"item\":\"https:\\\/\\\/kemperkontakt.de\\\/categorias\\\/\"},{\"@type\":\"ListItem\",\"position\":3,\"name\":\"Rodillo expansible de espuma Vu\"}]},{\"@type\":\"WebSite\",\"@id\":\"https:\\\/\\\/kemperkontakt.de\\\/es\\\/#website\",\"url\":\"https:\\\/\\\/kemperkontakt.de\\\/es\\\/\",\"name\":\"Kemper-Kontakt\",\"description\":\"\",\"potentialAction\":[{\"@type\":\"SearchAction\",\"target\":{\"@type\":\"EntryPoint\",\"urlTemplate\":\"https:\\\/\\\/kemperkontakt.de\\\/es\\\/?s={search_term_string}\"},\"query-input\":{\"@type\":\"PropertyValueSpecification\",\"valueRequired\":true,\"valueName\":\"search_term_string\"}}],\"inLanguage\":\"es\"}]}<\/script>\n<!-- \/ Yoast SEO plugin. -->","yoast_head_json":{"title":"Rodillo expansible de espuma Vu - Kemper-Kontakt","robots":{"index":"index","follow":"follow","max-snippet":"max-snippet:-1","max-image-preview":"max-image-preview:large","max-video-preview":"max-video-preview:-1"},"canonical":"https:\/\/kemperkontakt.de\/es\/produkt\/rodillo-expansible-de-espuma-vu-2\/","og_locale":"es_ES","og_type":"article","og_title":"Rodillo expansible de espuma Vu - Kemper-Kontakt","og_description":"Radix\u00ae VSDN 15 (91 mm \u00d8) Radix\u00ae VSDN 16 (100 mm \u00d8) Rodillo expansible con coj\u00edn de deslizamiento especialmente ranurado y especialmente el\u00e1stico, de espuma VU de alto rendimiento, dureza aprox. 43\u00b0 Shore A, con doble chavetero de 19 mm, adecuado para lijadoras corrientes en el mercado con el soporte correspondiente ATENCI\u00d3N: \u00a1\u00dasalo s\u00f3lo con banda de lija! &nbsp;  Para usar con qu\u00e9 m\u00e1quina:   Ficha t\u00e9cnica del producto:","og_url":"https:\/\/kemperkontakt.de\/es\/produkt\/rodillo-expansible-de-espuma-vu-2\/","og_site_name":"Kemper-Kontakt","article_modified_time":"2025-03-17T13:28:28+00:00","og_image":[{"width":1000,"height":1000,"url":"https:\/\/kemperkontakt.de\/wp-content\/uploads\/2024\/06\/RADIX-VSDN-15_16_1000x1000.jpg","type":"image\/jpeg"}],"twitter_card":"summary_large_image","twitter_misc":{"Tiempo de lectura":"1 minuto"},"schema":{"@context":"https:\/\/schema.org","@graph":[{"@type":"WebPage","@id":"https:\/\/kemperkontakt.de\/es\/produkt\/rodillo-expansible-de-espuma-vu-2\/","url":"https:\/\/kemperkontakt.de\/es\/produkt\/rodillo-expansible-de-espuma-vu-2\/","name":"Rodillo expansible de espuma Vu - Kemper-Kontakt","isPartOf":{"@id":"https:\/\/kemperkontakt.de\/es\/#website"},"primaryImageOfPage":{"@id":"https:\/\/kemperkontakt.de\/es\/produkt\/rodillo-expansible-de-espuma-vu-2\/#primaryimage"},"image":{"@id":"https:\/\/kemperkontakt.de\/es\/produkt\/rodillo-expansible-de-espuma-vu-2\/#primaryimage"},"thumbnailUrl":"https:\/\/kemperkontakt.de\/wp-content\/uploads\/2024\/06\/RADIX-VSDN-15_16_1000x1000.jpg","datePublished":"2024-06-11T11:55:59+00:00","dateModified":"2025-03-17T13:28:28+00:00","breadcrumb":{"@id":"https:\/\/kemperkontakt.de\/es\/produkt\/rodillo-expansible-de-espuma-vu-2\/#breadcrumb"},"inLanguage":"es","potentialAction":[{"@type":"ReadAction","target":["https:\/\/kemperkontakt.de\/es\/produkt\/rodillo-expansible-de-espuma-vu-2\/"]}]},{"@type":"ImageObject","inLanguage":"es","@id":"https:\/\/kemperkontakt.de\/es\/produkt\/rodillo-expansible-de-espuma-vu-2\/#primaryimage","url":"https:\/\/kemperkontakt.de\/wp-content\/uploads\/2024\/06\/RADIX-VSDN-15_16_1000x1000.jpg","contentUrl":"https:\/\/kemperkontakt.de\/wp-content\/uploads\/2024\/06\/RADIX-VSDN-15_16_1000x1000.jpg","width":1000,"height":1000},{"@type":"BreadcrumbList","@id":"https:\/\/kemperkontakt.de\/es\/produkt\/rodillo-expansible-de-espuma-vu-2\/#breadcrumb","itemListElement":[{"@type":"ListItem","position":1,"name":"Startseite","item":"https:\/\/kemperkontakt.de\/es\/"},{"@type":"ListItem","position":2,"name":"Categor\u00edas","item":"https:\/\/kemperkontakt.de\/categorias\/"},{"@type":"ListItem","position":3,"name":"Rodillo expansible de espuma Vu"}]},{"@type":"WebSite","@id":"https:\/\/kemperkontakt.de\/es\/#website","url":"https:\/\/kemperkontakt.de\/es\/","name":"Kemper-Kontakt","description":"","potentialAction":[{"@type":"SearchAction","target":{"@type":"EntryPoint","urlTemplate":"https:\/\/kemperkontakt.de\/es\/?s={search_term_string}"},"query-input":{"@type":"PropertyValueSpecification","valueRequired":true,"valueName":"search_term_string"}}],"inLanguage":"es"}]}},"_links":{"self":[{"href":"https:\/\/kemperkontakt.de\/es\/wp-json\/wp\/v2\/product\/5900","targetHints":{"allow":["GET"]}}],"collection":[{"href":"https:\/\/kemperkontakt.de\/es\/wp-json\/wp\/v2\/product"}],"about":[{"href":"https:\/\/kemperkontakt.de\/es\/wp-json\/wp\/v2\/types\/product"}],"wp:featuredmedia":[{"embeddable":true,"href":"https:\/\/kemperkontakt.de\/es\/wp-json\/wp\/v2\/media\/5901"}],"wp:attachment":[{"href":"https:\/\/kemperkontakt.de\/es\/wp-json\/wp\/v2\/media?parent=5900"}],"wp:term":[{"taxonomy":"product_brand","embeddable":true,"href":"https:\/\/kemperkontakt.de\/es\/wp-json\/wp\/v2\/product_brand?post=5900"},{"taxonomy":"product_cat","embeddable":true,"href":"https:\/\/kemperkontakt.de\/es\/wp-json\/wp\/v2\/product_cat?post=5900"},{"taxonomy":"product_tag","embeddable":true,"href":"https:\/\/kemperkontakt.de\/es\/wp-json\/wp\/v2\/product_tag?post=5900"}],"curies":[{"name":"wp","href":"https:\/\/api.w.org\/{rel}","templated":true}]}}