{"id":5836,"date":"2024-06-11T14:04:14","date_gmt":"2024-06-11T12:04:14","guid":{"rendered":"https:\/\/kemperkontakt.de\/produkt\/banda-de-lija-para-radix-go15-y-vsdn-15-con-91-mm-oe\/"},"modified":"2025-03-17T14:21:48","modified_gmt":"2025-03-17T13:21:48","slug":"banda-de-lija-para-radix-go15-y-vsdn-15-con-91-mm-oe","status":"publish","type":"product","link":"https:\/\/kemperkontakt.de\/es\/produkt\/banda-de-lija-para-radix-go15-y-vsdn-15-con-91-mm-oe\/","title":{"rendered":"Banda de lija para Radix\u00ae GO15 y VSDN 15 con 91 mm \u00d8"},"content":{"rendered":"","protected":false},"excerpt":{"rendered":"<p class=\"bodytext\">Adhesivo de resina sint\u00e9tica, gama de granos P 40-P 400<\/p>\n<p>&nbsp;<\/p>\n<p class=\"bodytext\"><strong>Ficha t\u00e9cnica del producto:<br \/>\n<\/strong>[download id=\"5307\" template=\"Sanding belt for Radix\u00ae GO15 and VSDN 15 with 91 mm \u00d8\"]<\/p>\n","protected":false},"featured_media":7232,"template":"","meta":[],"product_brand":[],"product_cat":[730],"product_tag":[731,563,736,737],"class_list":{"0":"post-5836","1":"product","2":"type-product","3":"status-publish","4":"has-post-thumbnail","6":"product_cat-bandas-de-lija-recomendadas-para-lijadoras-autoexpandibles","7":"product_tag-manguitos-deslizantes","8":"product_tag-radix-es","9":"product_tag-radix-go-15-es","10":"product_tag-radix-vsdn-15-es","12":"first","13":"instock","14":"featured","15":"shipping-taxable","16":"product-type-simple"},"yoast_head":"<!-- This site is optimized with the Yoast SEO plugin v27.4 - https:\/\/yoast.com\/product\/yoast-seo-wordpress\/ -->\n<title>Banda de lija para Radix\u00ae GO15 y VSDN 15 con 91 mm \u00d8 - Kemper-Kontakt<\/title>\n<meta name=\"robots\" content=\"index, follow, max-snippet:-1, max-image-preview:large, max-video-preview:-1\" \/>\n<link rel=\"canonical\" href=\"https:\/\/kemperkontakt.de\/es\/produkt\/banda-de-lija-para-radix-go15-y-vsdn-15-con-91-mm-oe\/\" \/>\n<meta property=\"og:locale\" content=\"es_ES\" \/>\n<meta property=\"og:type\" content=\"article\" \/>\n<meta property=\"og:title\" content=\"Banda de lija para Radix\u00ae GO15 y VSDN 15 con 91 mm \u00d8 - Kemper-Kontakt\" \/>\n<meta property=\"og:description\" content=\"Adhesivo de resina sint\u00e9tica, gama de granos P 40-P 400 &nbsp; Ficha t\u00e9cnica del producto:\" \/>\n<meta property=\"og:url\" content=\"https:\/\/kemperkontakt.de\/es\/produkt\/banda-de-lija-para-radix-go15-y-vsdn-15-con-91-mm-oe\/\" \/>\n<meta property=\"og:site_name\" content=\"Kemper-Kontakt\" \/>\n<meta property=\"article:modified_time\" content=\"2025-03-17T13:21:48+00:00\" \/>\n<meta property=\"og:image\" content=\"https:\/\/kemperkontakt.de\/wp-content\/uploads\/2024\/06\/Schleifband_91_1000x1000.jpg\" \/>\n\t<meta property=\"og:image:width\" content=\"1000\" \/>\n\t<meta property=\"og:image:height\" content=\"1000\" \/>\n\t<meta property=\"og:image:type\" content=\"image\/jpeg\" \/>\n<meta name=\"twitter:card\" content=\"summary_large_image\" \/>\n<script type=\"application\/ld+json\" class=\"yoast-schema-graph\">{\"@context\":\"https:\\\/\\\/schema.org\",\"@graph\":[{\"@type\":\"WebPage\",\"@id\":\"https:\\\/\\\/kemperkontakt.de\\\/es\\\/produkt\\\/banda-de-lija-para-radix-go15-y-vsdn-15-con-91-mm-oe\\\/\",\"url\":\"https:\\\/\\\/kemperkontakt.de\\\/es\\\/produkt\\\/banda-de-lija-para-radix-go15-y-vsdn-15-con-91-mm-oe\\\/\",\"name\":\"Banda de lija para Radix\u00ae GO15 y VSDN 15 con 91 mm \u00d8 - Kemper-Kontakt\",\"isPartOf\":{\"@id\":\"https:\\\/\\\/kemperkontakt.de\\\/es\\\/#website\"},\"primaryImageOfPage\":{\"@id\":\"https:\\\/\\\/kemperkontakt.de\\\/es\\\/produkt\\\/banda-de-lija-para-radix-go15-y-vsdn-15-con-91-mm-oe\\\/#primaryimage\"},\"image\":{\"@id\":\"https:\\\/\\\/kemperkontakt.de\\\/es\\\/produkt\\\/banda-de-lija-para-radix-go15-y-vsdn-15-con-91-mm-oe\\\/#primaryimage\"},\"thumbnailUrl\":\"https:\\\/\\\/kemperkontakt.de\\\/wp-content\\\/uploads\\\/2024\\\/06\\\/Schleifband_91_1000x1000.jpg\",\"datePublished\":\"2024-06-11T12:04:14+00:00\",\"dateModified\":\"2025-03-17T13:21:48+00:00\",\"breadcrumb\":{\"@id\":\"https:\\\/\\\/kemperkontakt.de\\\/es\\\/produkt\\\/banda-de-lija-para-radix-go15-y-vsdn-15-con-91-mm-oe\\\/#breadcrumb\"},\"inLanguage\":\"es\",\"potentialAction\":[{\"@type\":\"ReadAction\",\"target\":[\"https:\\\/\\\/kemperkontakt.de\\\/es\\\/produkt\\\/banda-de-lija-para-radix-go15-y-vsdn-15-con-91-mm-oe\\\/\"]}]},{\"@type\":\"ImageObject\",\"inLanguage\":\"es\",\"@id\":\"https:\\\/\\\/kemperkontakt.de\\\/es\\\/produkt\\\/banda-de-lija-para-radix-go15-y-vsdn-15-con-91-mm-oe\\\/#primaryimage\",\"url\":\"https:\\\/\\\/kemperkontakt.de\\\/wp-content\\\/uploads\\\/2024\\\/06\\\/Schleifband_91_1000x1000.jpg\",\"contentUrl\":\"https:\\\/\\\/kemperkontakt.de\\\/wp-content\\\/uploads\\\/2024\\\/06\\\/Schleifband_91_1000x1000.jpg\",\"width\":1000,\"height\":1000},{\"@type\":\"BreadcrumbList\",\"@id\":\"https:\\\/\\\/kemperkontakt.de\\\/es\\\/produkt\\\/banda-de-lija-para-radix-go15-y-vsdn-15-con-91-mm-oe\\\/#breadcrumb\",\"itemListElement\":[{\"@type\":\"ListItem\",\"position\":1,\"name\":\"Startseite\",\"item\":\"https:\\\/\\\/kemperkontakt.de\\\/es\\\/\"},{\"@type\":\"ListItem\",\"position\":2,\"name\":\"Categor\u00edas\",\"item\":\"https:\\\/\\\/kemperkontakt.de\\\/categorias\\\/\"},{\"@type\":\"ListItem\",\"position\":3,\"name\":\"Banda de lija para Radix\u00ae GO15 y VSDN 15 con 91 mm \u00d8\"}]},{\"@type\":\"WebSite\",\"@id\":\"https:\\\/\\\/kemperkontakt.de\\\/es\\\/#website\",\"url\":\"https:\\\/\\\/kemperkontakt.de\\\/es\\\/\",\"name\":\"Kemper-Kontakt\",\"description\":\"\",\"potentialAction\":[{\"@type\":\"SearchAction\",\"target\":{\"@type\":\"EntryPoint\",\"urlTemplate\":\"https:\\\/\\\/kemperkontakt.de\\\/es\\\/?s={search_term_string}\"},\"query-input\":{\"@type\":\"PropertyValueSpecification\",\"valueRequired\":true,\"valueName\":\"search_term_string\"}}],\"inLanguage\":\"es\"}]}<\/script>\n<!-- \/ Yoast SEO plugin. -->","yoast_head_json":{"title":"Banda de lija para Radix\u00ae GO15 y VSDN 15 con 91 mm \u00d8 - Kemper-Kontakt","robots":{"index":"index","follow":"follow","max-snippet":"max-snippet:-1","max-image-preview":"max-image-preview:large","max-video-preview":"max-video-preview:-1"},"canonical":"https:\/\/kemperkontakt.de\/es\/produkt\/banda-de-lija-para-radix-go15-y-vsdn-15-con-91-mm-oe\/","og_locale":"es_ES","og_type":"article","og_title":"Banda de lija para Radix\u00ae GO15 y VSDN 15 con 91 mm \u00d8 - Kemper-Kontakt","og_description":"Adhesivo de resina sint\u00e9tica, gama de granos P 40-P 400 &nbsp; Ficha t\u00e9cnica del producto:","og_url":"https:\/\/kemperkontakt.de\/es\/produkt\/banda-de-lija-para-radix-go15-y-vsdn-15-con-91-mm-oe\/","og_site_name":"Kemper-Kontakt","article_modified_time":"2025-03-17T13:21:48+00:00","og_image":[{"width":1000,"height":1000,"url":"https:\/\/kemperkontakt.de\/wp-content\/uploads\/2024\/06\/Schleifband_91_1000x1000.jpg","type":"image\/jpeg"}],"twitter_card":"summary_large_image","schema":{"@context":"https:\/\/schema.org","@graph":[{"@type":"WebPage","@id":"https:\/\/kemperkontakt.de\/es\/produkt\/banda-de-lija-para-radix-go15-y-vsdn-15-con-91-mm-oe\/","url":"https:\/\/kemperkontakt.de\/es\/produkt\/banda-de-lija-para-radix-go15-y-vsdn-15-con-91-mm-oe\/","name":"Banda de lija para Radix\u00ae GO15 y VSDN 15 con 91 mm \u00d8 - Kemper-Kontakt","isPartOf":{"@id":"https:\/\/kemperkontakt.de\/es\/#website"},"primaryImageOfPage":{"@id":"https:\/\/kemperkontakt.de\/es\/produkt\/banda-de-lija-para-radix-go15-y-vsdn-15-con-91-mm-oe\/#primaryimage"},"image":{"@id":"https:\/\/kemperkontakt.de\/es\/produkt\/banda-de-lija-para-radix-go15-y-vsdn-15-con-91-mm-oe\/#primaryimage"},"thumbnailUrl":"https:\/\/kemperkontakt.de\/wp-content\/uploads\/2024\/06\/Schleifband_91_1000x1000.jpg","datePublished":"2024-06-11T12:04:14+00:00","dateModified":"2025-03-17T13:21:48+00:00","breadcrumb":{"@id":"https:\/\/kemperkontakt.de\/es\/produkt\/banda-de-lija-para-radix-go15-y-vsdn-15-con-91-mm-oe\/#breadcrumb"},"inLanguage":"es","potentialAction":[{"@type":"ReadAction","target":["https:\/\/kemperkontakt.de\/es\/produkt\/banda-de-lija-para-radix-go15-y-vsdn-15-con-91-mm-oe\/"]}]},{"@type":"ImageObject","inLanguage":"es","@id":"https:\/\/kemperkontakt.de\/es\/produkt\/banda-de-lija-para-radix-go15-y-vsdn-15-con-91-mm-oe\/#primaryimage","url":"https:\/\/kemperkontakt.de\/wp-content\/uploads\/2024\/06\/Schleifband_91_1000x1000.jpg","contentUrl":"https:\/\/kemperkontakt.de\/wp-content\/uploads\/2024\/06\/Schleifband_91_1000x1000.jpg","width":1000,"height":1000},{"@type":"BreadcrumbList","@id":"https:\/\/kemperkontakt.de\/es\/produkt\/banda-de-lija-para-radix-go15-y-vsdn-15-con-91-mm-oe\/#breadcrumb","itemListElement":[{"@type":"ListItem","position":1,"name":"Startseite","item":"https:\/\/kemperkontakt.de\/es\/"},{"@type":"ListItem","position":2,"name":"Categor\u00edas","item":"https:\/\/kemperkontakt.de\/categorias\/"},{"@type":"ListItem","position":3,"name":"Banda de lija para Radix\u00ae GO15 y VSDN 15 con 91 mm \u00d8"}]},{"@type":"WebSite","@id":"https:\/\/kemperkontakt.de\/es\/#website","url":"https:\/\/kemperkontakt.de\/es\/","name":"Kemper-Kontakt","description":"","potentialAction":[{"@type":"SearchAction","target":{"@type":"EntryPoint","urlTemplate":"https:\/\/kemperkontakt.de\/es\/?s={search_term_string}"},"query-input":{"@type":"PropertyValueSpecification","valueRequired":true,"valueName":"search_term_string"}}],"inLanguage":"es"}]}},"_links":{"self":[{"href":"https:\/\/kemperkontakt.de\/es\/wp-json\/wp\/v2\/product\/5836","targetHints":{"allow":["GET"]}}],"collection":[{"href":"https:\/\/kemperkontakt.de\/es\/wp-json\/wp\/v2\/product"}],"about":[{"href":"https:\/\/kemperkontakt.de\/es\/wp-json\/wp\/v2\/types\/product"}],"wp:featuredmedia":[{"embeddable":true,"href":"https:\/\/kemperkontakt.de\/es\/wp-json\/wp\/v2\/media\/7232"}],"wp:attachment":[{"href":"https:\/\/kemperkontakt.de\/es\/wp-json\/wp\/v2\/media?parent=5836"}],"wp:term":[{"taxonomy":"product_brand","embeddable":true,"href":"https:\/\/kemperkontakt.de\/es\/wp-json\/wp\/v2\/product_brand?post=5836"},{"taxonomy":"product_cat","embeddable":true,"href":"https:\/\/kemperkontakt.de\/es\/wp-json\/wp\/v2\/product_cat?post=5836"},{"taxonomy":"product_tag","embeddable":true,"href":"https:\/\/kemperkontakt.de\/es\/wp-json\/wp\/v2\/product_tag?post=5836"}],"curies":[{"name":"wp","href":"https:\/\/api.w.org\/{rel}","templated":true}]}}