{"id":5481,"date":"2024-06-21T18:31:59","date_gmt":"2024-06-21T16:31:59","guid":{"rendered":"https:\/\/kemperkontakt.de\/produkt\/satifix-ms-cpz\/"},"modified":"2025-03-17T13:54:03","modified_gmt":"2025-03-17T12:54:03","slug":"satifix-ms-cpz","status":"publish","type":"product","link":"https:\/\/kemperkontakt.de\/es\/produkt\/satifix-ms-cpz\/","title":{"rendered":"Satifix\u00ae MS\/CPZ"},"content":{"rendered":"","protected":false},"excerpt":{"rendered":"<p class=\"bodytext\">Herramienta de acabado satinado con v\u00e1stago de 6 mm, de tela no tejida comprimida y dura, dise\u00f1o combinado con solapas alternas de tela no tejida y tela abrasiva, lo que da como resultado un lijado m\u00e1s basto y un arranque de virutas considerablemente mayor, adecuada para trabajos de desbarbado. Calidades de tela no tejida A 100 (media) y A 280 (muy fina), capas intermedias P 40 a P 240.<\/p>\n<p>&nbsp;<\/p>\n<p><strong>Para usar con qu\u00e9 m\u00e1quina:<\/strong><\/p>\n<p><a href=\"\/es\/produkt-schlagwort\/destornillador-inalambrico\/\"><img decoding=\"async\" class=\"alignnone wp-image-904\" src=\"http:\/\/kemperkontakt.com\/wp-content\/uploads\/2024\/07\/Akkuschrauber-150x150.png\" alt=\"\" width=\"100\" height=\"100\" srcset=\"https:\/\/kemperkontakt.de\/wp-content\/uploads\/2024\/07\/Akkuschrauber-66x66.png 66w, https:\/\/kemperkontakt.de\/wp-content\/uploads\/2024\/07\/Akkuschrauber-150x150.png 150w, https:\/\/kemperkontakt.de\/wp-content\/uploads\/2024\/07\/Akkuschrauber-200x200.png 200w, https:\/\/kemperkontakt.de\/wp-content\/uploads\/2024\/07\/Akkuschrauber-300x300.png 300w, https:\/\/kemperkontakt.de\/wp-content\/uploads\/2024\/07\/Akkuschrauber-400x400.png 400w, https:\/\/kemperkontakt.de\/wp-content\/uploads\/2024\/07\/Akkuschrauber-500x500.png 500w, https:\/\/kemperkontakt.de\/wp-content\/uploads\/2024\/07\/Akkuschrauber-600x600.png 600w, https:\/\/kemperkontakt.de\/wp-content\/uploads\/2024\/07\/Akkuschrauber-768x768.png 768w, https:\/\/kemperkontakt.de\/wp-content\/uploads\/2024\/07\/Akkuschrauber.png 800w\" sizes=\"(max-width: 100px) 100vw, 100px\" \/><\/a><a href=\"\/es\/produkt-schlagwort\/eje-flexible\/\"><img decoding=\"async\" class=\"alignnone wp-image-906\" src=\"http:\/\/kemperkontakt.com\/wp-content\/uploads\/2024\/07\/Biegsame-Welle-150x150.png\" alt=\"\" width=\"100\" height=\"100\" srcset=\"https:\/\/kemperkontakt.de\/wp-content\/uploads\/2024\/07\/Biegsame-Welle-66x66.png 66w, https:\/\/kemperkontakt.de\/wp-content\/uploads\/2024\/07\/Biegsame-Welle-150x150.png 150w, https:\/\/kemperkontakt.de\/wp-content\/uploads\/2024\/07\/Biegsame-Welle-200x200.png 200w, https:\/\/kemperkontakt.de\/wp-content\/uploads\/2024\/07\/Biegsame-Welle-300x300.png 300w, https:\/\/kemperkontakt.de\/wp-content\/uploads\/2024\/07\/Biegsame-Welle-400x400.png 400w, https:\/\/kemperkontakt.de\/wp-content\/uploads\/2024\/07\/Biegsame-Welle-500x500.png 500w, https:\/\/kemperkontakt.de\/wp-content\/uploads\/2024\/07\/Biegsame-Welle-600x600.png 600w, https:\/\/kemperkontakt.de\/wp-content\/uploads\/2024\/07\/Biegsame-Welle-768x768.png 768w, https:\/\/kemperkontakt.de\/wp-content\/uploads\/2024\/07\/Biegsame-Welle.png 800w\" sizes=\"(max-width: 100px) 100vw, 100px\" \/><\/a><a href=\"\/es\/produkt-schlagwort\/taladradora\/\"><img decoding=\"async\" class=\"alignnone wp-image-907\" src=\"http:\/\/kemperkontakt.com\/wp-content\/uploads\/2024\/07\/Bohrmaschine-150x150.png\" alt=\"\" width=\"100\" height=\"100\" srcset=\"https:\/\/kemperkontakt.de\/wp-content\/uploads\/2024\/07\/Bohrmaschine-66x66.png 66w, https:\/\/kemperkontakt.de\/wp-content\/uploads\/2024\/07\/Bohrmaschine-150x150.png 150w, https:\/\/kemperkontakt.de\/wp-content\/uploads\/2024\/07\/Bohrmaschine-200x200.png 200w, https:\/\/kemperkontakt.de\/wp-content\/uploads\/2024\/07\/Bohrmaschine-300x300.png 300w, https:\/\/kemperkontakt.de\/wp-content\/uploads\/2024\/07\/Bohrmaschine-400x400.png 400w, https:\/\/kemperkontakt.de\/wp-content\/uploads\/2024\/07\/Bohrmaschine-500x500.png 500w, https:\/\/kemperkontakt.de\/wp-content\/uploads\/2024\/07\/Bohrmaschine-600x600.png 600w, https:\/\/kemperkontakt.de\/wp-content\/uploads\/2024\/07\/Bohrmaschine-768x768.png 768w, https:\/\/kemperkontakt.de\/wp-content\/uploads\/2024\/07\/Bohrmaschine.png 800w\" sizes=\"(max-width: 100px) 100vw, 100px\" \/><\/a><a href=\"\/es\/produkt-schlagwort\/amoladora-recta\/\"><img decoding=\"async\" class=\"alignnone wp-image-908\" src=\"http:\/\/kemperkontakt.com\/wp-content\/uploads\/2024\/07\/Geradschleifer-150x150.png\" alt=\"\" width=\"100\" height=\"100\" srcset=\"https:\/\/kemperkontakt.de\/wp-content\/uploads\/2024\/07\/Geradschleifer-66x66.png 66w, https:\/\/kemperkontakt.de\/wp-content\/uploads\/2024\/07\/Geradschleifer-150x150.png 150w, https:\/\/kemperkontakt.de\/wp-content\/uploads\/2024\/07\/Geradschleifer-200x200.png 200w, https:\/\/kemperkontakt.de\/wp-content\/uploads\/2024\/07\/Geradschleifer-300x300.png 300w, https:\/\/kemperkontakt.de\/wp-content\/uploads\/2024\/07\/Geradschleifer-400x400.png 400w, https:\/\/kemperkontakt.de\/wp-content\/uploads\/2024\/07\/Geradschleifer-500x500.png 500w, https:\/\/kemperkontakt.de\/wp-content\/uploads\/2024\/07\/Geradschleifer-600x600.png 600w, https:\/\/kemperkontakt.de\/wp-content\/uploads\/2024\/07\/Geradschleifer-768x768.png 768w, https:\/\/kemperkontakt.de\/wp-content\/uploads\/2024\/07\/Geradschleifer.png 800w\" sizes=\"(max-width: 100px) 100vw, 100px\" \/><\/a><\/p>\n<p class=\"bodytext\"><strong>Ficha t\u00e9cnica del producto:<br \/>\n<\/strong>[download id=\"4617\" template=\"Satifix MSCPZ\"]<\/p>\n","protected":false},"featured_media":5482,"template":"","meta":[],"product_brand":[],"product_cat":[520],"product_tag":[623,638,632,619,617,620,522,618],"class_list":{"0":"post-5481","1":"product","2":"type-product","3":"status-publish","4":"has-post-thumbnail","6":"product_cat-herramientas-de-acabado-satinado","7":"product_tag-acabado-satinado","8":"product_tag-acabado-superficial","9":"product_tag-acero-inoxidable","10":"product_tag-amoladora-recta","11":"product_tag-destornillador-inalambrico","12":"product_tag-eje-flexible","13":"product_tag-metal-en-general-es","14":"product_tag-taladradora","16":"first","17":"instock","18":"shipping-taxable","19":"product-type-simple"},"yoast_head":"<!-- This site is optimized with the Yoast SEO plugin v27.3 - https:\/\/yoast.com\/product\/yoast-seo-wordpress\/ -->\n<title>Satifix\u00ae MS\/CPZ - Kemper-Kontakt<\/title>\n<meta name=\"robots\" content=\"index, follow, max-snippet:-1, max-image-preview:large, max-video-preview:-1\" \/>\n<link rel=\"canonical\" href=\"https:\/\/kemperkontakt.de\/es\/produkt\/satifix-ms-cpz\/\" \/>\n<meta property=\"og:locale\" content=\"es_ES\" \/>\n<meta property=\"og:type\" content=\"article\" \/>\n<meta property=\"og:title\" content=\"Satifix\u00ae MS\/CPZ - Kemper-Kontakt\" \/>\n<meta property=\"og:description\" content=\"Herramienta de acabado satinado con v\u00e1stago de 6 mm, de tela no tejida comprimida y dura, dise\u00f1o combinado con solapas alternas de tela no tejida y tela abrasiva, lo que da como resultado un lijado m\u00e1s basto y un arranque de virutas considerablemente mayor, adecuada para trabajos de desbarbado. Calidades de tela no tejida A 100 (media) y A 280 (muy fina), capas intermedias P 40 a P 240. &nbsp;  Para usar con qu\u00e9 m\u00e1quina:   Ficha t\u00e9cnica del producto:\" \/>\n<meta property=\"og:url\" content=\"https:\/\/kemperkontakt.de\/es\/produkt\/satifix-ms-cpz\/\" \/>\n<meta property=\"og:site_name\" content=\"Kemper-Kontakt\" \/>\n<meta property=\"article:modified_time\" content=\"2025-03-17T12:54:03+00:00\" \/>\n<meta property=\"og:image\" content=\"https:\/\/kemperkontakt.de\/wp-content\/uploads\/2024\/06\/Satifix_MS_CPZ_1000x1000.jpg\" \/>\n\t<meta property=\"og:image:width\" content=\"1000\" \/>\n\t<meta property=\"og:image:height\" content=\"1000\" \/>\n\t<meta property=\"og:image:type\" content=\"image\/jpeg\" \/>\n<meta name=\"twitter:card\" content=\"summary_large_image\" \/>\n<meta name=\"twitter:label1\" content=\"Tiempo de lectura\" \/>\n\t<meta name=\"twitter:data1\" content=\"1 minuto\" \/>\n<script type=\"application\/ld+json\" class=\"yoast-schema-graph\">{\"@context\":\"https:\\\/\\\/schema.org\",\"@graph\":[{\"@type\":\"WebPage\",\"@id\":\"https:\\\/\\\/kemperkontakt.de\\\/es\\\/produkt\\\/satifix-ms-cpz\\\/\",\"url\":\"https:\\\/\\\/kemperkontakt.de\\\/es\\\/produkt\\\/satifix-ms-cpz\\\/\",\"name\":\"Satifix\u00ae MS\\\/CPZ - Kemper-Kontakt\",\"isPartOf\":{\"@id\":\"https:\\\/\\\/kemperkontakt.de\\\/es\\\/#website\"},\"primaryImageOfPage\":{\"@id\":\"https:\\\/\\\/kemperkontakt.de\\\/es\\\/produkt\\\/satifix-ms-cpz\\\/#primaryimage\"},\"image\":{\"@id\":\"https:\\\/\\\/kemperkontakt.de\\\/es\\\/produkt\\\/satifix-ms-cpz\\\/#primaryimage\"},\"thumbnailUrl\":\"https:\\\/\\\/kemperkontakt.de\\\/wp-content\\\/uploads\\\/2024\\\/06\\\/Satifix_MS_CPZ_1000x1000.jpg\",\"datePublished\":\"2024-06-21T16:31:59+00:00\",\"dateModified\":\"2025-03-17T12:54:03+00:00\",\"breadcrumb\":{\"@id\":\"https:\\\/\\\/kemperkontakt.de\\\/es\\\/produkt\\\/satifix-ms-cpz\\\/#breadcrumb\"},\"inLanguage\":\"es\",\"potentialAction\":[{\"@type\":\"ReadAction\",\"target\":[\"https:\\\/\\\/kemperkontakt.de\\\/es\\\/produkt\\\/satifix-ms-cpz\\\/\"]}]},{\"@type\":\"ImageObject\",\"inLanguage\":\"es\",\"@id\":\"https:\\\/\\\/kemperkontakt.de\\\/es\\\/produkt\\\/satifix-ms-cpz\\\/#primaryimage\",\"url\":\"https:\\\/\\\/kemperkontakt.de\\\/wp-content\\\/uploads\\\/2024\\\/06\\\/Satifix_MS_CPZ_1000x1000.jpg\",\"contentUrl\":\"https:\\\/\\\/kemperkontakt.de\\\/wp-content\\\/uploads\\\/2024\\\/06\\\/Satifix_MS_CPZ_1000x1000.jpg\",\"width\":1000,\"height\":1000},{\"@type\":\"BreadcrumbList\",\"@id\":\"https:\\\/\\\/kemperkontakt.de\\\/es\\\/produkt\\\/satifix-ms-cpz\\\/#breadcrumb\",\"itemListElement\":[{\"@type\":\"ListItem\",\"position\":1,\"name\":\"Startseite\",\"item\":\"https:\\\/\\\/kemperkontakt.de\\\/es\\\/\"},{\"@type\":\"ListItem\",\"position\":2,\"name\":\"Categor\u00edas\",\"item\":\"https:\\\/\\\/kemperkontakt.de\\\/categorias\\\/\"},{\"@type\":\"ListItem\",\"position\":3,\"name\":\"Satifix\u00ae MS\\\/CPZ\"}]},{\"@type\":\"WebSite\",\"@id\":\"https:\\\/\\\/kemperkontakt.de\\\/es\\\/#website\",\"url\":\"https:\\\/\\\/kemperkontakt.de\\\/es\\\/\",\"name\":\"Kemper-Kontakt\",\"description\":\"\",\"potentialAction\":[{\"@type\":\"SearchAction\",\"target\":{\"@type\":\"EntryPoint\",\"urlTemplate\":\"https:\\\/\\\/kemperkontakt.de\\\/es\\\/?s={search_term_string}\"},\"query-input\":{\"@type\":\"PropertyValueSpecification\",\"valueRequired\":true,\"valueName\":\"search_term_string\"}}],\"inLanguage\":\"es\"}]}<\/script>\n<!-- \/ Yoast SEO plugin. -->","yoast_head_json":{"title":"Satifix\u00ae MS\/CPZ - Kemper-Kontakt","robots":{"index":"index","follow":"follow","max-snippet":"max-snippet:-1","max-image-preview":"max-image-preview:large","max-video-preview":"max-video-preview:-1"},"canonical":"https:\/\/kemperkontakt.de\/es\/produkt\/satifix-ms-cpz\/","og_locale":"es_ES","og_type":"article","og_title":"Satifix\u00ae MS\/CPZ - Kemper-Kontakt","og_description":"Herramienta de acabado satinado con v\u00e1stago de 6 mm, de tela no tejida comprimida y dura, dise\u00f1o combinado con solapas alternas de tela no tejida y tela abrasiva, lo que da como resultado un lijado m\u00e1s basto y un arranque de virutas considerablemente mayor, adecuada para trabajos de desbarbado. Calidades de tela no tejida A 100 (media) y A 280 (muy fina), capas intermedias P 40 a P 240. &nbsp;  Para usar con qu\u00e9 m\u00e1quina:   Ficha t\u00e9cnica del producto:","og_url":"https:\/\/kemperkontakt.de\/es\/produkt\/satifix-ms-cpz\/","og_site_name":"Kemper-Kontakt","article_modified_time":"2025-03-17T12:54:03+00:00","og_image":[{"width":1000,"height":1000,"url":"https:\/\/kemperkontakt.de\/wp-content\/uploads\/2024\/06\/Satifix_MS_CPZ_1000x1000.jpg","type":"image\/jpeg"}],"twitter_card":"summary_large_image","twitter_misc":{"Tiempo de lectura":"1 minuto"},"schema":{"@context":"https:\/\/schema.org","@graph":[{"@type":"WebPage","@id":"https:\/\/kemperkontakt.de\/es\/produkt\/satifix-ms-cpz\/","url":"https:\/\/kemperkontakt.de\/es\/produkt\/satifix-ms-cpz\/","name":"Satifix\u00ae MS\/CPZ - Kemper-Kontakt","isPartOf":{"@id":"https:\/\/kemperkontakt.de\/es\/#website"},"primaryImageOfPage":{"@id":"https:\/\/kemperkontakt.de\/es\/produkt\/satifix-ms-cpz\/#primaryimage"},"image":{"@id":"https:\/\/kemperkontakt.de\/es\/produkt\/satifix-ms-cpz\/#primaryimage"},"thumbnailUrl":"https:\/\/kemperkontakt.de\/wp-content\/uploads\/2024\/06\/Satifix_MS_CPZ_1000x1000.jpg","datePublished":"2024-06-21T16:31:59+00:00","dateModified":"2025-03-17T12:54:03+00:00","breadcrumb":{"@id":"https:\/\/kemperkontakt.de\/es\/produkt\/satifix-ms-cpz\/#breadcrumb"},"inLanguage":"es","potentialAction":[{"@type":"ReadAction","target":["https:\/\/kemperkontakt.de\/es\/produkt\/satifix-ms-cpz\/"]}]},{"@type":"ImageObject","inLanguage":"es","@id":"https:\/\/kemperkontakt.de\/es\/produkt\/satifix-ms-cpz\/#primaryimage","url":"https:\/\/kemperkontakt.de\/wp-content\/uploads\/2024\/06\/Satifix_MS_CPZ_1000x1000.jpg","contentUrl":"https:\/\/kemperkontakt.de\/wp-content\/uploads\/2024\/06\/Satifix_MS_CPZ_1000x1000.jpg","width":1000,"height":1000},{"@type":"BreadcrumbList","@id":"https:\/\/kemperkontakt.de\/es\/produkt\/satifix-ms-cpz\/#breadcrumb","itemListElement":[{"@type":"ListItem","position":1,"name":"Startseite","item":"https:\/\/kemperkontakt.de\/es\/"},{"@type":"ListItem","position":2,"name":"Categor\u00edas","item":"https:\/\/kemperkontakt.de\/categorias\/"},{"@type":"ListItem","position":3,"name":"Satifix\u00ae MS\/CPZ"}]},{"@type":"WebSite","@id":"https:\/\/kemperkontakt.de\/es\/#website","url":"https:\/\/kemperkontakt.de\/es\/","name":"Kemper-Kontakt","description":"","potentialAction":[{"@type":"SearchAction","target":{"@type":"EntryPoint","urlTemplate":"https:\/\/kemperkontakt.de\/es\/?s={search_term_string}"},"query-input":{"@type":"PropertyValueSpecification","valueRequired":true,"valueName":"search_term_string"}}],"inLanguage":"es"}]}},"_links":{"self":[{"href":"https:\/\/kemperkontakt.de\/es\/wp-json\/wp\/v2\/product\/5481","targetHints":{"allow":["GET"]}}],"collection":[{"href":"https:\/\/kemperkontakt.de\/es\/wp-json\/wp\/v2\/product"}],"about":[{"href":"https:\/\/kemperkontakt.de\/es\/wp-json\/wp\/v2\/types\/product"}],"wp:featuredmedia":[{"embeddable":true,"href":"https:\/\/kemperkontakt.de\/es\/wp-json\/wp\/v2\/media\/5482"}],"wp:attachment":[{"href":"https:\/\/kemperkontakt.de\/es\/wp-json\/wp\/v2\/media?parent=5481"}],"wp:term":[{"taxonomy":"product_brand","embeddable":true,"href":"https:\/\/kemperkontakt.de\/es\/wp-json\/wp\/v2\/product_brand?post=5481"},{"taxonomy":"product_cat","embeddable":true,"href":"https:\/\/kemperkontakt.de\/es\/wp-json\/wp\/v2\/product_cat?post=5481"},{"taxonomy":"product_tag","embeddable":true,"href":"https:\/\/kemperkontakt.de\/es\/wp-json\/wp\/v2\/product_tag?post=5481"}],"curies":[{"name":"wp","href":"https:\/\/api.w.org\/{rel}","templated":true}]}}