{"id":5469,"date":"2024-06-21T18:33:18","date_gmt":"2024-06-21T16:33:18","guid":{"rendered":"https:\/\/kemperkontakt.de\/produkt\/satifix-kz\/"},"modified":"2024-06-21T18:33:18","modified_gmt":"2024-06-21T16:33:18","slug":"satifix-kz","status":"publish","type":"product","link":"https:\/\/kemperkontakt.de\/es\/produkt\/satifix-kz\/","title":{"rendered":"Satifix\u00ae KZ"},"content":{"rendered":"","protected":false},"excerpt":{"rendered":"<div class=\"row\">\n<div class=\"col-xs-12\">\n<p class=\"bodytext\">Disco de acabado satinado con agujero est\u00e1ndar de 25 mm, montaje directo en el eje, para casi todos los materiales, pero especialmente adecuado para conseguir superficies finas y mates en acero inoxidable, dise\u00f1o combinado con l\u00e1minas alternas de tejido sin tejer y tela abrasiva, lo que da como resultado un acabado m\u00e1s basto y una mayor eliminaci\u00f3n de virutas. Calidades de tela no tejida A 80 (gruesa) a A 280 (muy fina), capas intermedias P 40-P 320. <\/p>\n<\/div>\n<\/div>\n<p class=\"bodytext\">Otras calidades, dimensiones y taladros bajo pedido.<\/p>\n<p>&nbsp;<\/p>\n<p><strong>Para usar con qu\u00e9 m\u00e1quina:<\/strong><\/p>\n<p><a href=\"http:\/\/kemperkontakt.com\/produkt-schlagwort\/starmax-neo\/\"><img decoding=\"async\" class=\"alignnone wp-image-914\" src=\"http:\/\/kemperkontakt.com\/wp-content\/uploads\/2024\/07\/Starmax%C2%AE-neo-150x150.png\" alt=\"\" width=\"100\" height=\"100\"><\/a>  <a href=\"http:\/\/kemperkontakt.com\/produkt-schlagwort\/biegsame-welle\/\">  <\/a><a href=\"http:\/\/kemperkontakt.com\/produkt-schlagwort\/starmax-mini\/\"><img decoding=\"async\" class=\"alignnone wp-image-912\" src=\"http:\/\/kemperkontakt.com\/wp-content\/uploads\/2024\/07\/Starmax%C2%AE-mini-150x150.png\" alt=\"\" width=\"100\" height=\"100\"><\/a><a href=\"http:\/\/kemperkontakt.com\/produkt-schlagwort\/bohrmaschine\/\">  <\/a><a href=\"http:\/\/kemperkontakt.com\/produkt-schlagwort\/stationaere-maschinen\/\"><img decoding=\"async\" class=\"alignnone wp-image-915\" src=\"http:\/\/kemperkontakt.com\/wp-content\/uploads\/2024\/07\/Stationaere-Maschine-150x150.png\" alt=\"\" width=\"100\" height=\"100\" srcset=\"https:\/\/kemperkontakt.de\/wp-content\/uploads\/2024\/07\/Stationaere-Maschine-66x66.png 66w, https:\/\/kemperkontakt.de\/wp-content\/uploads\/2024\/07\/Stationaere-Maschine-150x150.png 150w, https:\/\/kemperkontakt.de\/wp-content\/uploads\/2024\/07\/Stationaere-Maschine-200x200.png 200w, https:\/\/kemperkontakt.de\/wp-content\/uploads\/2024\/07\/Stationaere-Maschine-300x300.png 300w, https:\/\/kemperkontakt.de\/wp-content\/uploads\/2024\/07\/Stationaere-Maschine-400x400.png 400w, https:\/\/kemperkontakt.de\/wp-content\/uploads\/2024\/07\/Stationaere-Maschine-500x500.png 500w, https:\/\/kemperkontakt.de\/wp-content\/uploads\/2024\/07\/Stationaere-Maschine-600x600.png 600w, https:\/\/kemperkontakt.de\/wp-content\/uploads\/2024\/07\/Stationaere-Maschine-768x768.png 768w, https:\/\/kemperkontakt.de\/wp-content\/uploads\/2024\/07\/Stationaere-Maschine.png 800w\" sizes=\"(max-width: 100px) 100vw, 100px\" \/><\/a><\/p>\n<p class=\"bodytext\"><strong>Ficha t\u00e9cnica del producto:<br \/>\n<\/strong>[download id=\"1378\" template=\"Satifix KZ\"]<\/p>\n","protected":false},"featured_media":5470,"template":"","meta":[],"product_brand":[],"product_cat":[520],"product_tag":[623,632,549,522,524,523],"class_list":{"0":"post-5469","1":"product","2":"type-product","3":"status-publish","4":"has-post-thumbnail","6":"product_cat-herramientas-de-acabado-satinado","7":"product_tag-acabado-satinado","8":"product_tag-acero-inoxidable","9":"product_tag-maquinas-estacionarias","10":"product_tag-metal-en-general-es","11":"product_tag-starmax-mini-es","12":"product_tag-starmax-neo-es","14":"first","15":"instock","16":"shipping-taxable","17":"product-type-simple"},"yoast_head":"<!-- This site is optimized with the Yoast SEO plugin v27.3 - https:\/\/yoast.com\/product\/yoast-seo-wordpress\/ -->\n<title>Satifix\u00ae KZ - Kemper-Kontakt<\/title>\n<meta name=\"robots\" content=\"index, follow, max-snippet:-1, max-image-preview:large, max-video-preview:-1\" \/>\n<link rel=\"canonical\" href=\"https:\/\/kemperkontakt.de\/es\/produkt\/satifix-kz\/\" \/>\n<meta property=\"og:locale\" content=\"es_ES\" \/>\n<meta property=\"og:type\" content=\"article\" \/>\n<meta property=\"og:title\" content=\"Satifix\u00ae KZ - Kemper-Kontakt\" \/>\n<meta property=\"og:description\" content=\"Disco de acabado satinado con agujero est\u00e1ndar de 25 mm, montaje directo en el eje, para casi todos los materiales, pero especialmente adecuado para conseguir superficies finas y mates en acero inoxidable, dise\u00f1o combinado con l\u00e1minas alternas de tejido sin tejer y tela abrasiva, lo que da como resultado un acabado m\u00e1s basto y una mayor eliminaci\u00f3n de virutas. Calidades de tela no tejida A 80 (gruesa) a A 280 (muy fina), capas intermedias P 40-P 320.   Otras calidades, dimensiones y taladros bajo pedido. &nbsp; Para usar con qu\u00e9 m\u00e1quina:     Ficha t\u00e9cnica del producto:\" \/>\n<meta property=\"og:url\" content=\"https:\/\/kemperkontakt.de\/es\/produkt\/satifix-kz\/\" \/>\n<meta property=\"og:site_name\" content=\"Kemper-Kontakt\" \/>\n<meta property=\"og:image\" content=\"https:\/\/kemperkontakt.de\/wp-content\/uploads\/2024\/06\/Satifix-KZ_1000x1000.jpg\" \/>\n\t<meta property=\"og:image:width\" content=\"1000\" \/>\n\t<meta property=\"og:image:height\" content=\"1000\" \/>\n\t<meta property=\"og:image:type\" content=\"image\/jpeg\" \/>\n<meta name=\"twitter:card\" content=\"summary_large_image\" \/>\n<script type=\"application\/ld+json\" class=\"yoast-schema-graph\">{\"@context\":\"https:\\\/\\\/schema.org\",\"@graph\":[{\"@type\":\"WebPage\",\"@id\":\"https:\\\/\\\/kemperkontakt.de\\\/es\\\/produkt\\\/satifix-kz\\\/\",\"url\":\"https:\\\/\\\/kemperkontakt.de\\\/es\\\/produkt\\\/satifix-kz\\\/\",\"name\":\"Satifix\u00ae KZ - Kemper-Kontakt\",\"isPartOf\":{\"@id\":\"https:\\\/\\\/kemperkontakt.de\\\/es\\\/#website\"},\"primaryImageOfPage\":{\"@id\":\"https:\\\/\\\/kemperkontakt.de\\\/es\\\/produkt\\\/satifix-kz\\\/#primaryimage\"},\"image\":{\"@id\":\"https:\\\/\\\/kemperkontakt.de\\\/es\\\/produkt\\\/satifix-kz\\\/#primaryimage\"},\"thumbnailUrl\":\"https:\\\/\\\/kemperkontakt.de\\\/wp-content\\\/uploads\\\/2024\\\/06\\\/Satifix-KZ_1000x1000.jpg\",\"datePublished\":\"2024-06-21T16:33:18+00:00\",\"breadcrumb\":{\"@id\":\"https:\\\/\\\/kemperkontakt.de\\\/es\\\/produkt\\\/satifix-kz\\\/#breadcrumb\"},\"inLanguage\":\"es\",\"potentialAction\":[{\"@type\":\"ReadAction\",\"target\":[\"https:\\\/\\\/kemperkontakt.de\\\/es\\\/produkt\\\/satifix-kz\\\/\"]}]},{\"@type\":\"ImageObject\",\"inLanguage\":\"es\",\"@id\":\"https:\\\/\\\/kemperkontakt.de\\\/es\\\/produkt\\\/satifix-kz\\\/#primaryimage\",\"url\":\"https:\\\/\\\/kemperkontakt.de\\\/wp-content\\\/uploads\\\/2024\\\/06\\\/Satifix-KZ_1000x1000.jpg\",\"contentUrl\":\"https:\\\/\\\/kemperkontakt.de\\\/wp-content\\\/uploads\\\/2024\\\/06\\\/Satifix-KZ_1000x1000.jpg\",\"width\":1000,\"height\":1000},{\"@type\":\"BreadcrumbList\",\"@id\":\"https:\\\/\\\/kemperkontakt.de\\\/es\\\/produkt\\\/satifix-kz\\\/#breadcrumb\",\"itemListElement\":[{\"@type\":\"ListItem\",\"position\":1,\"name\":\"Startseite\",\"item\":\"https:\\\/\\\/kemperkontakt.de\\\/es\\\/\"},{\"@type\":\"ListItem\",\"position\":2,\"name\":\"Categor\u00edas\",\"item\":\"https:\\\/\\\/kemperkontakt.de\\\/categorias\\\/\"},{\"@type\":\"ListItem\",\"position\":3,\"name\":\"Satifix\u00ae KZ\"}]},{\"@type\":\"WebSite\",\"@id\":\"https:\\\/\\\/kemperkontakt.de\\\/es\\\/#website\",\"url\":\"https:\\\/\\\/kemperkontakt.de\\\/es\\\/\",\"name\":\"Kemper-Kontakt\",\"description\":\"\",\"potentialAction\":[{\"@type\":\"SearchAction\",\"target\":{\"@type\":\"EntryPoint\",\"urlTemplate\":\"https:\\\/\\\/kemperkontakt.de\\\/es\\\/?s={search_term_string}\"},\"query-input\":{\"@type\":\"PropertyValueSpecification\",\"valueRequired\":true,\"valueName\":\"search_term_string\"}}],\"inLanguage\":\"es\"}]}<\/script>\n<!-- \/ Yoast SEO plugin. -->","yoast_head_json":{"title":"Satifix\u00ae KZ - Kemper-Kontakt","robots":{"index":"index","follow":"follow","max-snippet":"max-snippet:-1","max-image-preview":"max-image-preview:large","max-video-preview":"max-video-preview:-1"},"canonical":"https:\/\/kemperkontakt.de\/es\/produkt\/satifix-kz\/","og_locale":"es_ES","og_type":"article","og_title":"Satifix\u00ae KZ - Kemper-Kontakt","og_description":"Disco de acabado satinado con agujero est\u00e1ndar de 25 mm, montaje directo en el eje, para casi todos los materiales, pero especialmente adecuado para conseguir superficies finas y mates en acero inoxidable, dise\u00f1o combinado con l\u00e1minas alternas de tejido sin tejer y tela abrasiva, lo que da como resultado un acabado m\u00e1s basto y una mayor eliminaci\u00f3n de virutas. Calidades de tela no tejida A 80 (gruesa) a A 280 (muy fina), capas intermedias P 40-P 320.   Otras calidades, dimensiones y taladros bajo pedido. &nbsp; Para usar con qu\u00e9 m\u00e1quina:     Ficha t\u00e9cnica del producto:","og_url":"https:\/\/kemperkontakt.de\/es\/produkt\/satifix-kz\/","og_site_name":"Kemper-Kontakt","og_image":[{"width":1000,"height":1000,"url":"https:\/\/kemperkontakt.de\/wp-content\/uploads\/2024\/06\/Satifix-KZ_1000x1000.jpg","type":"image\/jpeg"}],"twitter_card":"summary_large_image","schema":{"@context":"https:\/\/schema.org","@graph":[{"@type":"WebPage","@id":"https:\/\/kemperkontakt.de\/es\/produkt\/satifix-kz\/","url":"https:\/\/kemperkontakt.de\/es\/produkt\/satifix-kz\/","name":"Satifix\u00ae KZ - Kemper-Kontakt","isPartOf":{"@id":"https:\/\/kemperkontakt.de\/es\/#website"},"primaryImageOfPage":{"@id":"https:\/\/kemperkontakt.de\/es\/produkt\/satifix-kz\/#primaryimage"},"image":{"@id":"https:\/\/kemperkontakt.de\/es\/produkt\/satifix-kz\/#primaryimage"},"thumbnailUrl":"https:\/\/kemperkontakt.de\/wp-content\/uploads\/2024\/06\/Satifix-KZ_1000x1000.jpg","datePublished":"2024-06-21T16:33:18+00:00","breadcrumb":{"@id":"https:\/\/kemperkontakt.de\/es\/produkt\/satifix-kz\/#breadcrumb"},"inLanguage":"es","potentialAction":[{"@type":"ReadAction","target":["https:\/\/kemperkontakt.de\/es\/produkt\/satifix-kz\/"]}]},{"@type":"ImageObject","inLanguage":"es","@id":"https:\/\/kemperkontakt.de\/es\/produkt\/satifix-kz\/#primaryimage","url":"https:\/\/kemperkontakt.de\/wp-content\/uploads\/2024\/06\/Satifix-KZ_1000x1000.jpg","contentUrl":"https:\/\/kemperkontakt.de\/wp-content\/uploads\/2024\/06\/Satifix-KZ_1000x1000.jpg","width":1000,"height":1000},{"@type":"BreadcrumbList","@id":"https:\/\/kemperkontakt.de\/es\/produkt\/satifix-kz\/#breadcrumb","itemListElement":[{"@type":"ListItem","position":1,"name":"Startseite","item":"https:\/\/kemperkontakt.de\/es\/"},{"@type":"ListItem","position":2,"name":"Categor\u00edas","item":"https:\/\/kemperkontakt.de\/categorias\/"},{"@type":"ListItem","position":3,"name":"Satifix\u00ae KZ"}]},{"@type":"WebSite","@id":"https:\/\/kemperkontakt.de\/es\/#website","url":"https:\/\/kemperkontakt.de\/es\/","name":"Kemper-Kontakt","description":"","potentialAction":[{"@type":"SearchAction","target":{"@type":"EntryPoint","urlTemplate":"https:\/\/kemperkontakt.de\/es\/?s={search_term_string}"},"query-input":{"@type":"PropertyValueSpecification","valueRequired":true,"valueName":"search_term_string"}}],"inLanguage":"es"}]}},"_links":{"self":[{"href":"https:\/\/kemperkontakt.de\/es\/wp-json\/wp\/v2\/product\/5469","targetHints":{"allow":["GET"]}}],"collection":[{"href":"https:\/\/kemperkontakt.de\/es\/wp-json\/wp\/v2\/product"}],"about":[{"href":"https:\/\/kemperkontakt.de\/es\/wp-json\/wp\/v2\/types\/product"}],"wp:featuredmedia":[{"embeddable":true,"href":"https:\/\/kemperkontakt.de\/es\/wp-json\/wp\/v2\/media\/5470"}],"wp:attachment":[{"href":"https:\/\/kemperkontakt.de\/es\/wp-json\/wp\/v2\/media?parent=5469"}],"wp:term":[{"taxonomy":"product_brand","embeddable":true,"href":"https:\/\/kemperkontakt.de\/es\/wp-json\/wp\/v2\/product_brand?post=5469"},{"taxonomy":"product_cat","embeddable":true,"href":"https:\/\/kemperkontakt.de\/es\/wp-json\/wp\/v2\/product_cat?post=5469"},{"taxonomy":"product_tag","embeddable":true,"href":"https:\/\/kemperkontakt.de\/es\/wp-json\/wp\/v2\/product_tag?post=5469"}],"curies":[{"name":"wp","href":"https:\/\/api.w.org\/{rel}","templated":true}]}}