{"id":5257,"date":"2024-06-21T18:51:03","date_gmt":"2024-06-21T16:51:03","guid":{"rendered":"https:\/\/kemperkontakt.de\/produkt\/aceite-de-amolar-universal\/"},"modified":"2025-03-17T12:57:57","modified_gmt":"2025-03-17T11:57:57","slug":"aceite-de-amolar-universal","status":"publish","type":"product","link":"https:\/\/kemperkontakt.de\/es\/produkt\/aceite-de-amolar-universal\/","title":{"rendered":"Aceite de amolar universal"},"content":{"rendered":"","protected":false},"excerpt":{"rendered":"<p class=\"bodytext\">Para prolongar la vida \u00fatil de las herramientas abrasivas de tela y bandas abrasivas. Enfr\u00eda el proceso de lijado y evita que la tela abrasiva se obstruya con el polvo de lijado.<\/p>\n<p>Bid\u00f3n \/ tambor <strong>N\u00ba art.: 60600&#8230;<\/strong> Bote de spray <strong>N\u00ba art.: 60550&#8230;<\/strong><\/p>\n<p><strong>Ficha t\u00e9cnica del producto:<br \/>\n<\/strong>[download id=\"5361\" template=\"Universal grinding oil\"]<\/p>\n<p class=\"bodytext\"><strong>Ficha de datos de seguridad:<br \/>\n<\/strong>[download id=\"1814\" template=\"Schleif\u00f6l\"]<\/p>\n<p><strong>Ficha t\u00e9cnica:<br \/>\n<\/strong>[download id=\"1817\" template=\"Schleif\u00f6l\"]<\/p>\n","protected":false},"featured_media":5258,"template":"","meta":[],"product_brand":[],"product_cat":[521,576],"product_tag":[577,548,578],"class_list":{"0":"post-5257","1":"product","2":"type-product","3":"status-publish","4":"has-post-thumbnail","6":"product_cat-herramientas-abrasivas-no-tejido","7":"product_cat-herramientas-de-lijado-aletas","8":"product_tag-aceite-de-amolar","9":"product_tag-bucles","10":"product_tag-universal-es","12":"first","13":"instock","14":"shipping-taxable","15":"product-type-simple"},"yoast_head":"<!-- This site is optimized with the Yoast SEO plugin v27.3 - https:\/\/yoast.com\/product\/yoast-seo-wordpress\/ -->\n<title>Aceite de amolar universal - Kemper-Kontakt<\/title>\n<meta name=\"robots\" content=\"index, follow, max-snippet:-1, max-image-preview:large, max-video-preview:-1\" \/>\n<link rel=\"canonical\" href=\"https:\/\/kemperkontakt.de\/es\/produkt\/aceite-de-amolar-universal\/\" \/>\n<meta property=\"og:locale\" content=\"es_ES\" \/>\n<meta property=\"og:type\" content=\"article\" \/>\n<meta property=\"og:title\" content=\"Aceite de amolar universal - Kemper-Kontakt\" \/>\n<meta property=\"og:description\" content=\"Para prolongar la vida \u00fatil de las herramientas abrasivas de tela y bandas abrasivas. Enfr\u00eda el proceso de lijado y evita que la tela abrasiva se obstruya con el polvo de lijado. Bid\u00f3n \/ tambor N\u00ba art.: 60600... Bote de spray N\u00ba art.: 60550...  Ficha t\u00e9cnica del producto:  Ficha de datos de seguridad:  Ficha t\u00e9cnica:\" \/>\n<meta property=\"og:url\" content=\"https:\/\/kemperkontakt.de\/es\/produkt\/aceite-de-amolar-universal\/\" \/>\n<meta property=\"og:site_name\" content=\"Kemper-Kontakt\" \/>\n<meta property=\"article:modified_time\" content=\"2025-03-17T11:57:57+00:00\" \/>\n<meta property=\"og:image\" content=\"https:\/\/kemperkontakt.de\/wp-content\/uploads\/2024\/09\/Universalschleifoel-1-1.jpg\" \/>\n\t<meta property=\"og:image:width\" content=\"1280\" \/>\n\t<meta property=\"og:image:height\" content=\"1280\" \/>\n\t<meta property=\"og:image:type\" content=\"image\/jpeg\" \/>\n<meta name=\"twitter:card\" content=\"summary_large_image\" \/>\n<meta name=\"twitter:label1\" content=\"Tiempo de lectura\" \/>\n\t<meta name=\"twitter:data1\" content=\"1 minuto\" \/>\n<script type=\"application\/ld+json\" class=\"yoast-schema-graph\">{\"@context\":\"https:\\\/\\\/schema.org\",\"@graph\":[{\"@type\":\"WebPage\",\"@id\":\"https:\\\/\\\/kemperkontakt.de\\\/es\\\/produkt\\\/aceite-de-amolar-universal\\\/\",\"url\":\"https:\\\/\\\/kemperkontakt.de\\\/es\\\/produkt\\\/aceite-de-amolar-universal\\\/\",\"name\":\"Aceite de amolar universal - Kemper-Kontakt\",\"isPartOf\":{\"@id\":\"https:\\\/\\\/kemperkontakt.de\\\/es\\\/#website\"},\"primaryImageOfPage\":{\"@id\":\"https:\\\/\\\/kemperkontakt.de\\\/es\\\/produkt\\\/aceite-de-amolar-universal\\\/#primaryimage\"},\"image\":{\"@id\":\"https:\\\/\\\/kemperkontakt.de\\\/es\\\/produkt\\\/aceite-de-amolar-universal\\\/#primaryimage\"},\"thumbnailUrl\":\"https:\\\/\\\/kemperkontakt.de\\\/wp-content\\\/uploads\\\/2024\\\/09\\\/Universalschleifoel-1-1.jpg\",\"datePublished\":\"2024-06-21T16:51:03+00:00\",\"dateModified\":\"2025-03-17T11:57:57+00:00\",\"breadcrumb\":{\"@id\":\"https:\\\/\\\/kemperkontakt.de\\\/es\\\/produkt\\\/aceite-de-amolar-universal\\\/#breadcrumb\"},\"inLanguage\":\"es\",\"potentialAction\":[{\"@type\":\"ReadAction\",\"target\":[\"https:\\\/\\\/kemperkontakt.de\\\/es\\\/produkt\\\/aceite-de-amolar-universal\\\/\"]}]},{\"@type\":\"ImageObject\",\"inLanguage\":\"es\",\"@id\":\"https:\\\/\\\/kemperkontakt.de\\\/es\\\/produkt\\\/aceite-de-amolar-universal\\\/#primaryimage\",\"url\":\"https:\\\/\\\/kemperkontakt.de\\\/wp-content\\\/uploads\\\/2024\\\/09\\\/Universalschleifoel-1-1.jpg\",\"contentUrl\":\"https:\\\/\\\/kemperkontakt.de\\\/wp-content\\\/uploads\\\/2024\\\/09\\\/Universalschleifoel-1-1.jpg\",\"width\":1280,\"height\":1280},{\"@type\":\"BreadcrumbList\",\"@id\":\"https:\\\/\\\/kemperkontakt.de\\\/es\\\/produkt\\\/aceite-de-amolar-universal\\\/#breadcrumb\",\"itemListElement\":[{\"@type\":\"ListItem\",\"position\":1,\"name\":\"Startseite\",\"item\":\"https:\\\/\\\/kemperkontakt.de\\\/es\\\/\"},{\"@type\":\"ListItem\",\"position\":2,\"name\":\"Categor\u00edas\",\"item\":\"https:\\\/\\\/kemperkontakt.de\\\/categorias\\\/\"},{\"@type\":\"ListItem\",\"position\":3,\"name\":\"Aceite de amolar universal\"}]},{\"@type\":\"WebSite\",\"@id\":\"https:\\\/\\\/kemperkontakt.de\\\/es\\\/#website\",\"url\":\"https:\\\/\\\/kemperkontakt.de\\\/es\\\/\",\"name\":\"Kemper-Kontakt\",\"description\":\"\",\"potentialAction\":[{\"@type\":\"SearchAction\",\"target\":{\"@type\":\"EntryPoint\",\"urlTemplate\":\"https:\\\/\\\/kemperkontakt.de\\\/es\\\/?s={search_term_string}\"},\"query-input\":{\"@type\":\"PropertyValueSpecification\",\"valueRequired\":true,\"valueName\":\"search_term_string\"}}],\"inLanguage\":\"es\"}]}<\/script>\n<!-- \/ Yoast SEO plugin. -->","yoast_head_json":{"title":"Aceite de amolar universal - Kemper-Kontakt","robots":{"index":"index","follow":"follow","max-snippet":"max-snippet:-1","max-image-preview":"max-image-preview:large","max-video-preview":"max-video-preview:-1"},"canonical":"https:\/\/kemperkontakt.de\/es\/produkt\/aceite-de-amolar-universal\/","og_locale":"es_ES","og_type":"article","og_title":"Aceite de amolar universal - Kemper-Kontakt","og_description":"Para prolongar la vida \u00fatil de las herramientas abrasivas de tela y bandas abrasivas. Enfr\u00eda el proceso de lijado y evita que la tela abrasiva se obstruya con el polvo de lijado. Bid\u00f3n \/ tambor N\u00ba art.: 60600... Bote de spray N\u00ba art.: 60550...  Ficha t\u00e9cnica del producto:  Ficha de datos de seguridad:  Ficha t\u00e9cnica:","og_url":"https:\/\/kemperkontakt.de\/es\/produkt\/aceite-de-amolar-universal\/","og_site_name":"Kemper-Kontakt","article_modified_time":"2025-03-17T11:57:57+00:00","og_image":[{"width":1280,"height":1280,"url":"https:\/\/kemperkontakt.de\/wp-content\/uploads\/2024\/09\/Universalschleifoel-1-1.jpg","type":"image\/jpeg"}],"twitter_card":"summary_large_image","twitter_misc":{"Tiempo de lectura":"1 minuto"},"schema":{"@context":"https:\/\/schema.org","@graph":[{"@type":"WebPage","@id":"https:\/\/kemperkontakt.de\/es\/produkt\/aceite-de-amolar-universal\/","url":"https:\/\/kemperkontakt.de\/es\/produkt\/aceite-de-amolar-universal\/","name":"Aceite de amolar universal - Kemper-Kontakt","isPartOf":{"@id":"https:\/\/kemperkontakt.de\/es\/#website"},"primaryImageOfPage":{"@id":"https:\/\/kemperkontakt.de\/es\/produkt\/aceite-de-amolar-universal\/#primaryimage"},"image":{"@id":"https:\/\/kemperkontakt.de\/es\/produkt\/aceite-de-amolar-universal\/#primaryimage"},"thumbnailUrl":"https:\/\/kemperkontakt.de\/wp-content\/uploads\/2024\/09\/Universalschleifoel-1-1.jpg","datePublished":"2024-06-21T16:51:03+00:00","dateModified":"2025-03-17T11:57:57+00:00","breadcrumb":{"@id":"https:\/\/kemperkontakt.de\/es\/produkt\/aceite-de-amolar-universal\/#breadcrumb"},"inLanguage":"es","potentialAction":[{"@type":"ReadAction","target":["https:\/\/kemperkontakt.de\/es\/produkt\/aceite-de-amolar-universal\/"]}]},{"@type":"ImageObject","inLanguage":"es","@id":"https:\/\/kemperkontakt.de\/es\/produkt\/aceite-de-amolar-universal\/#primaryimage","url":"https:\/\/kemperkontakt.de\/wp-content\/uploads\/2024\/09\/Universalschleifoel-1-1.jpg","contentUrl":"https:\/\/kemperkontakt.de\/wp-content\/uploads\/2024\/09\/Universalschleifoel-1-1.jpg","width":1280,"height":1280},{"@type":"BreadcrumbList","@id":"https:\/\/kemperkontakt.de\/es\/produkt\/aceite-de-amolar-universal\/#breadcrumb","itemListElement":[{"@type":"ListItem","position":1,"name":"Startseite","item":"https:\/\/kemperkontakt.de\/es\/"},{"@type":"ListItem","position":2,"name":"Categor\u00edas","item":"https:\/\/kemperkontakt.de\/categorias\/"},{"@type":"ListItem","position":3,"name":"Aceite de amolar universal"}]},{"@type":"WebSite","@id":"https:\/\/kemperkontakt.de\/es\/#website","url":"https:\/\/kemperkontakt.de\/es\/","name":"Kemper-Kontakt","description":"","potentialAction":[{"@type":"SearchAction","target":{"@type":"EntryPoint","urlTemplate":"https:\/\/kemperkontakt.de\/es\/?s={search_term_string}"},"query-input":{"@type":"PropertyValueSpecification","valueRequired":true,"valueName":"search_term_string"}}],"inLanguage":"es"}]}},"_links":{"self":[{"href":"https:\/\/kemperkontakt.de\/es\/wp-json\/wp\/v2\/product\/5257","targetHints":{"allow":["GET"]}}],"collection":[{"href":"https:\/\/kemperkontakt.de\/es\/wp-json\/wp\/v2\/product"}],"about":[{"href":"https:\/\/kemperkontakt.de\/es\/wp-json\/wp\/v2\/types\/product"}],"wp:featuredmedia":[{"embeddable":true,"href":"https:\/\/kemperkontakt.de\/es\/wp-json\/wp\/v2\/media\/5258"}],"wp:attachment":[{"href":"https:\/\/kemperkontakt.de\/es\/wp-json\/wp\/v2\/media?parent=5257"}],"wp:term":[{"taxonomy":"product_brand","embeddable":true,"href":"https:\/\/kemperkontakt.de\/es\/wp-json\/wp\/v2\/product_brand?post=5257"},{"taxonomy":"product_cat","embeddable":true,"href":"https:\/\/kemperkontakt.de\/es\/wp-json\/wp\/v2\/product_cat?post=5257"},{"taxonomy":"product_tag","embeddable":true,"href":"https:\/\/kemperkontakt.de\/es\/wp-json\/wp\/v2\/product_tag?post=5257"}],"curies":[{"name":"wp","href":"https:\/\/api.w.org\/{rel}","templated":true}]}}