{"id":5247,"date":"2024-06-21T18:53:22","date_gmt":"2024-06-21T16:53:22","guid":{"rendered":"https:\/\/kemperkontakt.de\/produkt\/esmeriladora-pulidora-starmax-neo\/"},"modified":"2024-06-21T18:53:22","modified_gmt":"2024-06-21T16:53:22","slug":"esmeriladora-pulidora-starmax-neo","status":"publish","type":"product","link":"https:\/\/kemperkontakt.de\/es\/produkt\/esmeriladora-pulidora-starmax-neo\/","title":{"rendered":"Esmeriladora \/ pulidora STARMAX\u00ae neo"},"content":{"rendered":"","protected":false},"excerpt":{"rendered":"<ul>\n<li>para herramientas de hasta \u00d8200mm<\/li>\n<li>Control electr\u00f3nico continuo de la velocidad con pantalla digital<\/li>\n<li>Velocidad nominal 400 &#8211; 4000 rpm<\/li>\n<li>Potencia 0,75 kW<\/li>\n<li>Tensi\u00f3n 220 V, 50 Hz<\/li>\n<li>Peso: aprox. 44 kg<\/li>\n<\/ul>\n","protected":false},"featured_media":5248,"template":"","meta":[],"product_brand":[],"product_cat":[533,568],"product_tag":[548,534,550,549,569,547,523],"class_list":{"0":"post-5247","1":"product","2":"type-product","3":"status-publish","4":"has-post-thumbnail","6":"product_cat-maquinas-es","7":"product_cat-starmax-neo-es","8":"product_tag-bucles","9":"product_tag-desbarbado","10":"product_tag-maquina-universal-es","11":"product_tag-maquinas-estacionarias","12":"product_tag-motor-sin-escobillas","13":"product_tag-pulido","14":"product_tag-starmax-neo-es","16":"first","17":"instock","18":"shipping-taxable","19":"product-type-simple"},"yoast_head":"<!-- This site is optimized with the Yoast SEO plugin v27.3 - https:\/\/yoast.com\/product\/yoast-seo-wordpress\/ -->\n<title>Esmeriladora \/ pulidora STARMAX\u00ae neo - Kemper-Kontakt<\/title>\n<meta name=\"robots\" content=\"index, follow, max-snippet:-1, max-image-preview:large, max-video-preview:-1\" \/>\n<link rel=\"canonical\" href=\"https:\/\/kemperkontakt.de\/es\/produkt\/esmeriladora-pulidora-starmax-neo\/\" \/>\n<meta property=\"og:locale\" content=\"es_ES\" \/>\n<meta property=\"og:type\" content=\"article\" \/>\n<meta property=\"og:title\" content=\"Esmeriladora \/ pulidora STARMAX\u00ae neo - Kemper-Kontakt\" \/>\n<meta property=\"og:description\" content=\"para herramientas de hasta \u00d8200mm  Control electr\u00f3nico continuo de la velocidad con pantalla digital  Velocidad nominal 400 - 4000 rpm  Potencia 0,75 kW  Tensi\u00f3n 220 V, 50 Hz  Peso: aprox. 44 kg\" \/>\n<meta property=\"og:url\" content=\"https:\/\/kemperkontakt.de\/es\/produkt\/esmeriladora-pulidora-starmax-neo\/\" \/>\n<meta property=\"og:site_name\" content=\"Kemper-Kontakt\" \/>\n<meta property=\"og:image\" content=\"https:\/\/kemperkontakt.de\/wp-content\/uploads\/2024\/06\/Starmax_neo-1_1000x1000.jpg\" \/>\n\t<meta property=\"og:image:width\" content=\"1000\" \/>\n\t<meta property=\"og:image:height\" content=\"1000\" \/>\n\t<meta property=\"og:image:type\" content=\"image\/jpeg\" \/>\n<meta name=\"twitter:card\" content=\"summary_large_image\" \/>\n<script type=\"application\/ld+json\" class=\"yoast-schema-graph\">{\"@context\":\"https:\\\/\\\/schema.org\",\"@graph\":[{\"@type\":\"WebPage\",\"@id\":\"https:\\\/\\\/kemperkontakt.de\\\/es\\\/produkt\\\/esmeriladora-pulidora-starmax-neo\\\/\",\"url\":\"https:\\\/\\\/kemperkontakt.de\\\/es\\\/produkt\\\/esmeriladora-pulidora-starmax-neo\\\/\",\"name\":\"Esmeriladora \\\/ pulidora STARMAX\u00ae neo - Kemper-Kontakt\",\"isPartOf\":{\"@id\":\"https:\\\/\\\/kemperkontakt.de\\\/es\\\/#website\"},\"primaryImageOfPage\":{\"@id\":\"https:\\\/\\\/kemperkontakt.de\\\/es\\\/produkt\\\/esmeriladora-pulidora-starmax-neo\\\/#primaryimage\"},\"image\":{\"@id\":\"https:\\\/\\\/kemperkontakt.de\\\/es\\\/produkt\\\/esmeriladora-pulidora-starmax-neo\\\/#primaryimage\"},\"thumbnailUrl\":\"https:\\\/\\\/kemperkontakt.de\\\/wp-content\\\/uploads\\\/2024\\\/06\\\/Starmax_neo-1_1000x1000.jpg\",\"datePublished\":\"2024-06-21T16:53:22+00:00\",\"breadcrumb\":{\"@id\":\"https:\\\/\\\/kemperkontakt.de\\\/es\\\/produkt\\\/esmeriladora-pulidora-starmax-neo\\\/#breadcrumb\"},\"inLanguage\":\"es\",\"potentialAction\":[{\"@type\":\"ReadAction\",\"target\":[\"https:\\\/\\\/kemperkontakt.de\\\/es\\\/produkt\\\/esmeriladora-pulidora-starmax-neo\\\/\"]}]},{\"@type\":\"ImageObject\",\"inLanguage\":\"es\",\"@id\":\"https:\\\/\\\/kemperkontakt.de\\\/es\\\/produkt\\\/esmeriladora-pulidora-starmax-neo\\\/#primaryimage\",\"url\":\"https:\\\/\\\/kemperkontakt.de\\\/wp-content\\\/uploads\\\/2024\\\/06\\\/Starmax_neo-1_1000x1000.jpg\",\"contentUrl\":\"https:\\\/\\\/kemperkontakt.de\\\/wp-content\\\/uploads\\\/2024\\\/06\\\/Starmax_neo-1_1000x1000.jpg\",\"width\":1000,\"height\":1000},{\"@type\":\"BreadcrumbList\",\"@id\":\"https:\\\/\\\/kemperkontakt.de\\\/es\\\/produkt\\\/esmeriladora-pulidora-starmax-neo\\\/#breadcrumb\",\"itemListElement\":[{\"@type\":\"ListItem\",\"position\":1,\"name\":\"Startseite\",\"item\":\"https:\\\/\\\/kemperkontakt.de\\\/es\\\/\"},{\"@type\":\"ListItem\",\"position\":2,\"name\":\"Categor\u00edas\",\"item\":\"https:\\\/\\\/kemperkontakt.de\\\/categorias\\\/\"},{\"@type\":\"ListItem\",\"position\":3,\"name\":\"Esmeriladora \\\/ pulidora STARMAX\u00ae neo\"}]},{\"@type\":\"WebSite\",\"@id\":\"https:\\\/\\\/kemperkontakt.de\\\/es\\\/#website\",\"url\":\"https:\\\/\\\/kemperkontakt.de\\\/es\\\/\",\"name\":\"Kemper-Kontakt\",\"description\":\"\",\"potentialAction\":[{\"@type\":\"SearchAction\",\"target\":{\"@type\":\"EntryPoint\",\"urlTemplate\":\"https:\\\/\\\/kemperkontakt.de\\\/es\\\/?s={search_term_string}\"},\"query-input\":{\"@type\":\"PropertyValueSpecification\",\"valueRequired\":true,\"valueName\":\"search_term_string\"}}],\"inLanguage\":\"es\"}]}<\/script>\n<!-- \/ Yoast SEO plugin. -->","yoast_head_json":{"title":"Esmeriladora \/ pulidora STARMAX\u00ae neo - Kemper-Kontakt","robots":{"index":"index","follow":"follow","max-snippet":"max-snippet:-1","max-image-preview":"max-image-preview:large","max-video-preview":"max-video-preview:-1"},"canonical":"https:\/\/kemperkontakt.de\/es\/produkt\/esmeriladora-pulidora-starmax-neo\/","og_locale":"es_ES","og_type":"article","og_title":"Esmeriladora \/ pulidora STARMAX\u00ae neo - Kemper-Kontakt","og_description":"para herramientas de hasta \u00d8200mm  Control electr\u00f3nico continuo de la velocidad con pantalla digital  Velocidad nominal 400 - 4000 rpm  Potencia 0,75 kW  Tensi\u00f3n 220 V, 50 Hz  Peso: aprox. 44 kg","og_url":"https:\/\/kemperkontakt.de\/es\/produkt\/esmeriladora-pulidora-starmax-neo\/","og_site_name":"Kemper-Kontakt","og_image":[{"width":1000,"height":1000,"url":"https:\/\/kemperkontakt.de\/wp-content\/uploads\/2024\/06\/Starmax_neo-1_1000x1000.jpg","type":"image\/jpeg"}],"twitter_card":"summary_large_image","schema":{"@context":"https:\/\/schema.org","@graph":[{"@type":"WebPage","@id":"https:\/\/kemperkontakt.de\/es\/produkt\/esmeriladora-pulidora-starmax-neo\/","url":"https:\/\/kemperkontakt.de\/es\/produkt\/esmeriladora-pulidora-starmax-neo\/","name":"Esmeriladora \/ pulidora STARMAX\u00ae neo - Kemper-Kontakt","isPartOf":{"@id":"https:\/\/kemperkontakt.de\/es\/#website"},"primaryImageOfPage":{"@id":"https:\/\/kemperkontakt.de\/es\/produkt\/esmeriladora-pulidora-starmax-neo\/#primaryimage"},"image":{"@id":"https:\/\/kemperkontakt.de\/es\/produkt\/esmeriladora-pulidora-starmax-neo\/#primaryimage"},"thumbnailUrl":"https:\/\/kemperkontakt.de\/wp-content\/uploads\/2024\/06\/Starmax_neo-1_1000x1000.jpg","datePublished":"2024-06-21T16:53:22+00:00","breadcrumb":{"@id":"https:\/\/kemperkontakt.de\/es\/produkt\/esmeriladora-pulidora-starmax-neo\/#breadcrumb"},"inLanguage":"es","potentialAction":[{"@type":"ReadAction","target":["https:\/\/kemperkontakt.de\/es\/produkt\/esmeriladora-pulidora-starmax-neo\/"]}]},{"@type":"ImageObject","inLanguage":"es","@id":"https:\/\/kemperkontakt.de\/es\/produkt\/esmeriladora-pulidora-starmax-neo\/#primaryimage","url":"https:\/\/kemperkontakt.de\/wp-content\/uploads\/2024\/06\/Starmax_neo-1_1000x1000.jpg","contentUrl":"https:\/\/kemperkontakt.de\/wp-content\/uploads\/2024\/06\/Starmax_neo-1_1000x1000.jpg","width":1000,"height":1000},{"@type":"BreadcrumbList","@id":"https:\/\/kemperkontakt.de\/es\/produkt\/esmeriladora-pulidora-starmax-neo\/#breadcrumb","itemListElement":[{"@type":"ListItem","position":1,"name":"Startseite","item":"https:\/\/kemperkontakt.de\/es\/"},{"@type":"ListItem","position":2,"name":"Categor\u00edas","item":"https:\/\/kemperkontakt.de\/categorias\/"},{"@type":"ListItem","position":3,"name":"Esmeriladora \/ pulidora STARMAX\u00ae neo"}]},{"@type":"WebSite","@id":"https:\/\/kemperkontakt.de\/es\/#website","url":"https:\/\/kemperkontakt.de\/es\/","name":"Kemper-Kontakt","description":"","potentialAction":[{"@type":"SearchAction","target":{"@type":"EntryPoint","urlTemplate":"https:\/\/kemperkontakt.de\/es\/?s={search_term_string}"},"query-input":{"@type":"PropertyValueSpecification","valueRequired":true,"valueName":"search_term_string"}}],"inLanguage":"es"}]}},"_links":{"self":[{"href":"https:\/\/kemperkontakt.de\/es\/wp-json\/wp\/v2\/product\/5247","targetHints":{"allow":["GET"]}}],"collection":[{"href":"https:\/\/kemperkontakt.de\/es\/wp-json\/wp\/v2\/product"}],"about":[{"href":"https:\/\/kemperkontakt.de\/es\/wp-json\/wp\/v2\/types\/product"}],"wp:featuredmedia":[{"embeddable":true,"href":"https:\/\/kemperkontakt.de\/es\/wp-json\/wp\/v2\/media\/5248"}],"wp:attachment":[{"href":"https:\/\/kemperkontakt.de\/es\/wp-json\/wp\/v2\/media?parent=5247"}],"wp:term":[{"taxonomy":"product_brand","embeddable":true,"href":"https:\/\/kemperkontakt.de\/es\/wp-json\/wp\/v2\/product_brand?post=5247"},{"taxonomy":"product_cat","embeddable":true,"href":"https:\/\/kemperkontakt.de\/es\/wp-json\/wp\/v2\/product_cat?post=5247"},{"taxonomy":"product_tag","embeddable":true,"href":"https:\/\/kemperkontakt.de\/es\/wp-json\/wp\/v2\/product_tag?post=5247"}],"curies":[{"name":"wp","href":"https:\/\/api.w.org\/{rel}","templated":true}]}}