{"id":5223,"date":"2024-07-31T14:32:12","date_gmt":"2024-07-31T12:32:12","guid":{"rendered":"https:\/\/kemperkontakt.de\/produkt\/lijadora-neumatica-tipo-dlsg-2000\/"},"modified":"2024-07-31T14:32:12","modified_gmt":"2024-07-31T12:32:12","slug":"lijadora-neumatica-tipo-dlsg-2000","status":"publish","type":"product","link":"https:\/\/kemperkontakt.de\/es\/produkt\/lijadora-neumatica-tipo-dlsg-2000\/","title":{"rendered":"Lijadora neum\u00e1tica tipo DLSG 2000"},"content":{"rendered":"","protected":false},"excerpt":{"rendered":"<p>Amoladora recta de marcha lenta con bajo n\u00famero de revoluciones y alto par de giro gracias al engranaje planetario especial, con silenciador integrado, empu\u00f1adura lateral y carcasa de pl\u00e1stico aislante del fr\u00edo, salida de aire trasera, n\u00famero de revoluciones 950 rpm, potencia 0,3 kW, portaherramientas 15 y 25 mm, adaptada a ORIGINAL-KEMPER-SLEIFSTERN\u00ae 100-200 mm y con accesorios adicionales tambi\u00e9n para ORIGINAL-KEMPER- SCHLEIFSTERN\u00ae MS.<\/p>\n","protected":false},"featured_media":5224,"template":"","meta":[],"product_brand":[],"product_cat":[533],"product_tag":[536,534,535],"class_list":{"0":"post-5223","1":"product","2":"type-product","3":"status-publish","4":"has-post-thumbnail","6":"product_cat-maquinas-es","7":"product_tag-amoladora-neumatica","8":"product_tag-desbarbado","9":"product_tag-estrella-rectificadora","11":"first","12":"instock","13":"shipping-taxable","14":"product-type-simple"},"yoast_head":"<!-- This site is optimized with the Yoast SEO plugin v27.5 - https:\/\/yoast.com\/product\/yoast-seo-wordpress\/ -->\n<title>Lijadora neum\u00e1tica tipo DLSG 2000 - Kemper-Kontakt<\/title>\n<meta name=\"robots\" content=\"index, follow, max-snippet:-1, max-image-preview:large, max-video-preview:-1\" \/>\n<link rel=\"canonical\" href=\"https:\/\/kemperkontakt.de\/es\/produkt\/lijadora-neumatica-tipo-dlsg-2000\/\" \/>\n<meta property=\"og:locale\" content=\"es_ES\" \/>\n<meta property=\"og:type\" content=\"article\" \/>\n<meta property=\"og:title\" content=\"Lijadora neum\u00e1tica tipo DLSG 2000 - Kemper-Kontakt\" \/>\n<meta property=\"og:description\" content=\"Amoladora recta de marcha lenta con bajo n\u00famero de revoluciones y alto par de giro gracias al engranaje planetario especial, con silenciador integrado, empu\u00f1adura lateral y carcasa de pl\u00e1stico aislante del fr\u00edo, salida de aire trasera, n\u00famero de revoluciones 950 rpm, potencia 0,3 kW, portaherramientas 15 y 25 mm, adaptada a ORIGINAL-KEMPER-SLEIFSTERN\u00ae 100-200 mm y con accesorios adicionales tambi\u00e9n para ORIGINAL-KEMPER- SCHLEIFSTERN\u00ae MS.\" \/>\n<meta property=\"og:url\" content=\"https:\/\/kemperkontakt.de\/es\/produkt\/lijadora-neumatica-tipo-dlsg-2000\/\" \/>\n<meta property=\"og:site_name\" content=\"Kemper-Kontakt\" \/>\n<meta property=\"og:image\" content=\"https:\/\/kemperkontakt.de\/wp-content\/uploads\/2024\/09\/Druckluftschleifer-Typ-DLSG-2000-scaled_1000x1000.jpg\" \/>\n\t<meta property=\"og:image:width\" content=\"1000\" \/>\n\t<meta property=\"og:image:height\" content=\"1000\" \/>\n\t<meta property=\"og:image:type\" content=\"image\/jpeg\" \/>\n<meta name=\"twitter:card\" content=\"summary_large_image\" \/>\n<script type=\"application\/ld+json\" class=\"yoast-schema-graph\">{\"@context\":\"https:\\\/\\\/schema.org\",\"@graph\":[{\"@type\":\"WebPage\",\"@id\":\"https:\\\/\\\/kemperkontakt.de\\\/es\\\/produkt\\\/lijadora-neumatica-tipo-dlsg-2000\\\/\",\"url\":\"https:\\\/\\\/kemperkontakt.de\\\/es\\\/produkt\\\/lijadora-neumatica-tipo-dlsg-2000\\\/\",\"name\":\"Lijadora neum\u00e1tica tipo DLSG 2000 - Kemper-Kontakt\",\"isPartOf\":{\"@id\":\"https:\\\/\\\/kemperkontakt.de\\\/es\\\/#website\"},\"primaryImageOfPage\":{\"@id\":\"https:\\\/\\\/kemperkontakt.de\\\/es\\\/produkt\\\/lijadora-neumatica-tipo-dlsg-2000\\\/#primaryimage\"},\"image\":{\"@id\":\"https:\\\/\\\/kemperkontakt.de\\\/es\\\/produkt\\\/lijadora-neumatica-tipo-dlsg-2000\\\/#primaryimage\"},\"thumbnailUrl\":\"https:\\\/\\\/kemperkontakt.de\\\/wp-content\\\/uploads\\\/2024\\\/09\\\/Druckluftschleifer-Typ-DLSG-2000-scaled_1000x1000.jpg\",\"datePublished\":\"2024-07-31T12:32:12+00:00\",\"breadcrumb\":{\"@id\":\"https:\\\/\\\/kemperkontakt.de\\\/es\\\/produkt\\\/lijadora-neumatica-tipo-dlsg-2000\\\/#breadcrumb\"},\"inLanguage\":\"es\",\"potentialAction\":[{\"@type\":\"ReadAction\",\"target\":[\"https:\\\/\\\/kemperkontakt.de\\\/es\\\/produkt\\\/lijadora-neumatica-tipo-dlsg-2000\\\/\"]}]},{\"@type\":\"ImageObject\",\"inLanguage\":\"es\",\"@id\":\"https:\\\/\\\/kemperkontakt.de\\\/es\\\/produkt\\\/lijadora-neumatica-tipo-dlsg-2000\\\/#primaryimage\",\"url\":\"https:\\\/\\\/kemperkontakt.de\\\/wp-content\\\/uploads\\\/2024\\\/09\\\/Druckluftschleifer-Typ-DLSG-2000-scaled_1000x1000.jpg\",\"contentUrl\":\"https:\\\/\\\/kemperkontakt.de\\\/wp-content\\\/uploads\\\/2024\\\/09\\\/Druckluftschleifer-Typ-DLSG-2000-scaled_1000x1000.jpg\",\"width\":1000,\"height\":1000},{\"@type\":\"BreadcrumbList\",\"@id\":\"https:\\\/\\\/kemperkontakt.de\\\/es\\\/produkt\\\/lijadora-neumatica-tipo-dlsg-2000\\\/#breadcrumb\",\"itemListElement\":[{\"@type\":\"ListItem\",\"position\":1,\"name\":\"Startseite\",\"item\":\"https:\\\/\\\/kemperkontakt.de\\\/es\\\/\"},{\"@type\":\"ListItem\",\"position\":2,\"name\":\"Categor\u00edas\",\"item\":\"https:\\\/\\\/kemperkontakt.de\\\/categorias\\\/\"},{\"@type\":\"ListItem\",\"position\":3,\"name\":\"Lijadora neum\u00e1tica tipo DLSG 2000\"}]},{\"@type\":\"WebSite\",\"@id\":\"https:\\\/\\\/kemperkontakt.de\\\/es\\\/#website\",\"url\":\"https:\\\/\\\/kemperkontakt.de\\\/es\\\/\",\"name\":\"Kemper-Kontakt\",\"description\":\"\",\"potentialAction\":[{\"@type\":\"SearchAction\",\"target\":{\"@type\":\"EntryPoint\",\"urlTemplate\":\"https:\\\/\\\/kemperkontakt.de\\\/es\\\/?s={search_term_string}\"},\"query-input\":{\"@type\":\"PropertyValueSpecification\",\"valueRequired\":true,\"valueName\":\"search_term_string\"}}],\"inLanguage\":\"es\"}]}<\/script>\n<!-- \/ Yoast SEO plugin. -->","yoast_head_json":{"title":"Lijadora neum\u00e1tica tipo DLSG 2000 - Kemper-Kontakt","robots":{"index":"index","follow":"follow","max-snippet":"max-snippet:-1","max-image-preview":"max-image-preview:large","max-video-preview":"max-video-preview:-1"},"canonical":"https:\/\/kemperkontakt.de\/es\/produkt\/lijadora-neumatica-tipo-dlsg-2000\/","og_locale":"es_ES","og_type":"article","og_title":"Lijadora neum\u00e1tica tipo DLSG 2000 - Kemper-Kontakt","og_description":"Amoladora recta de marcha lenta con bajo n\u00famero de revoluciones y alto par de giro gracias al engranaje planetario especial, con silenciador integrado, empu\u00f1adura lateral y carcasa de pl\u00e1stico aislante del fr\u00edo, salida de aire trasera, n\u00famero de revoluciones 950 rpm, potencia 0,3 kW, portaherramientas 15 y 25 mm, adaptada a ORIGINAL-KEMPER-SLEIFSTERN\u00ae 100-200 mm y con accesorios adicionales tambi\u00e9n para ORIGINAL-KEMPER- SCHLEIFSTERN\u00ae MS.","og_url":"https:\/\/kemperkontakt.de\/es\/produkt\/lijadora-neumatica-tipo-dlsg-2000\/","og_site_name":"Kemper-Kontakt","og_image":[{"width":1000,"height":1000,"url":"https:\/\/kemperkontakt.de\/wp-content\/uploads\/2024\/09\/Druckluftschleifer-Typ-DLSG-2000-scaled_1000x1000.jpg","type":"image\/jpeg"}],"twitter_card":"summary_large_image","schema":{"@context":"https:\/\/schema.org","@graph":[{"@type":"WebPage","@id":"https:\/\/kemperkontakt.de\/es\/produkt\/lijadora-neumatica-tipo-dlsg-2000\/","url":"https:\/\/kemperkontakt.de\/es\/produkt\/lijadora-neumatica-tipo-dlsg-2000\/","name":"Lijadora neum\u00e1tica tipo DLSG 2000 - Kemper-Kontakt","isPartOf":{"@id":"https:\/\/kemperkontakt.de\/es\/#website"},"primaryImageOfPage":{"@id":"https:\/\/kemperkontakt.de\/es\/produkt\/lijadora-neumatica-tipo-dlsg-2000\/#primaryimage"},"image":{"@id":"https:\/\/kemperkontakt.de\/es\/produkt\/lijadora-neumatica-tipo-dlsg-2000\/#primaryimage"},"thumbnailUrl":"https:\/\/kemperkontakt.de\/wp-content\/uploads\/2024\/09\/Druckluftschleifer-Typ-DLSG-2000-scaled_1000x1000.jpg","datePublished":"2024-07-31T12:32:12+00:00","breadcrumb":{"@id":"https:\/\/kemperkontakt.de\/es\/produkt\/lijadora-neumatica-tipo-dlsg-2000\/#breadcrumb"},"inLanguage":"es","potentialAction":[{"@type":"ReadAction","target":["https:\/\/kemperkontakt.de\/es\/produkt\/lijadora-neumatica-tipo-dlsg-2000\/"]}]},{"@type":"ImageObject","inLanguage":"es","@id":"https:\/\/kemperkontakt.de\/es\/produkt\/lijadora-neumatica-tipo-dlsg-2000\/#primaryimage","url":"https:\/\/kemperkontakt.de\/wp-content\/uploads\/2024\/09\/Druckluftschleifer-Typ-DLSG-2000-scaled_1000x1000.jpg","contentUrl":"https:\/\/kemperkontakt.de\/wp-content\/uploads\/2024\/09\/Druckluftschleifer-Typ-DLSG-2000-scaled_1000x1000.jpg","width":1000,"height":1000},{"@type":"BreadcrumbList","@id":"https:\/\/kemperkontakt.de\/es\/produkt\/lijadora-neumatica-tipo-dlsg-2000\/#breadcrumb","itemListElement":[{"@type":"ListItem","position":1,"name":"Startseite","item":"https:\/\/kemperkontakt.de\/es\/"},{"@type":"ListItem","position":2,"name":"Categor\u00edas","item":"https:\/\/kemperkontakt.de\/categorias\/"},{"@type":"ListItem","position":3,"name":"Lijadora neum\u00e1tica tipo DLSG 2000"}]},{"@type":"WebSite","@id":"https:\/\/kemperkontakt.de\/es\/#website","url":"https:\/\/kemperkontakt.de\/es\/","name":"Kemper-Kontakt","description":"","potentialAction":[{"@type":"SearchAction","target":{"@type":"EntryPoint","urlTemplate":"https:\/\/kemperkontakt.de\/es\/?s={search_term_string}"},"query-input":{"@type":"PropertyValueSpecification","valueRequired":true,"valueName":"search_term_string"}}],"inLanguage":"es"}]}},"_links":{"self":[{"href":"https:\/\/kemperkontakt.de\/es\/wp-json\/wp\/v2\/product\/5223","targetHints":{"allow":["GET"]}}],"collection":[{"href":"https:\/\/kemperkontakt.de\/es\/wp-json\/wp\/v2\/product"}],"about":[{"href":"https:\/\/kemperkontakt.de\/es\/wp-json\/wp\/v2\/types\/product"}],"wp:featuredmedia":[{"embeddable":true,"href":"https:\/\/kemperkontakt.de\/es\/wp-json\/wp\/v2\/media\/5224"}],"wp:attachment":[{"href":"https:\/\/kemperkontakt.de\/es\/wp-json\/wp\/v2\/media?parent=5223"}],"wp:term":[{"taxonomy":"product_brand","embeddable":true,"href":"https:\/\/kemperkontakt.de\/es\/wp-json\/wp\/v2\/product_brand?post=5223"},{"taxonomy":"product_cat","embeddable":true,"href":"https:\/\/kemperkontakt.de\/es\/wp-json\/wp\/v2\/product_cat?post=5223"},{"taxonomy":"product_tag","embeddable":true,"href":"https:\/\/kemperkontakt.de\/es\/wp-json\/wp\/v2\/product_tag?post=5223"}],"curies":[{"name":"wp","href":"https:\/\/api.w.org\/{rel}","templated":true}]}}