{"id":5217,"date":"2024-09-30T15:41:11","date_gmt":"2024-09-30T13:41:11","guid":{"rendered":"https:\/\/kemperkontakt.de\/produkt\/satifix-kr\/"},"modified":"2025-03-17T14:48:04","modified_gmt":"2025-03-17T13:48:04","slug":"satifix-kr","status":"publish","type":"product","link":"https:\/\/kemperkontakt.de\/es\/produkt\/satifix-kr\/","title":{"rendered":"Satifix\u00ae KR"},"content":{"rendered":"","protected":false},"excerpt":{"rendered":"<p>Rodillo de disco no tejido. El rodillo de satinado consta de una disposici\u00f3n de discos de 7 capas, lo que da como resultado una anchura de aplicaci\u00f3n de aprox. 50 mm, otras versiones disponibles bajo pedido. Los discos son extremadamente flexibles, por lo que pueden utilizarse preferentemente para procesar piezas muy perfiladas. Calidades de tejido no tejido A 80 (grueso) a A 280 (muy fino) o S100 (medio) &#8211; S800 (ultrafino).<\/p>\n<p>&nbsp;<\/p>\n<p><strong>Para usar con qu\u00e9 m\u00e1quina:<br \/>\n<\/strong><a href=\"\/es\/produkt-schlagwort\/starmax-neo-es\/\"><img decoding=\"async\" class=\"alignnone wp-image-914\" src=\"http:\/\/kemperkontakt.com\/wp-content\/uploads\/2024\/07\/Starmax%C2%AE-neo-150x150.png\" alt=\"\" width=\"100\" height=\"100\" \/><\/a> <a href=\"\/es\/produkt-schlagwort\/starmax-mini-es\/\"><img decoding=\"async\" class=\"alignnone wp-image-912\" src=\"http:\/\/kemperkontakt.com\/wp-content\/uploads\/2024\/07\/Starmax%C2%AE-mini-150x150.png\" alt=\"\" width=\"100\" height=\"100\" \/><\/a> <a href=\"\/es\/produkt-schlagwort\/maquinas-estacionarias\/\"><img decoding=\"async\" class=\"alignnone wp-image-915\" src=\"http:\/\/kemperkontakt.com\/wp-content\/uploads\/2024\/07\/Stationaere-Maschine-150x150.png\" alt=\"\" width=\"100\" height=\"100\" srcset=\"https:\/\/kemperkontakt.de\/wp-content\/uploads\/2024\/07\/Stationaere-Maschine-66x66.png 66w, https:\/\/kemperkontakt.de\/wp-content\/uploads\/2024\/07\/Stationaere-Maschine-150x150.png 150w, https:\/\/kemperkontakt.de\/wp-content\/uploads\/2024\/07\/Stationaere-Maschine-200x200.png 200w, https:\/\/kemperkontakt.de\/wp-content\/uploads\/2024\/07\/Stationaere-Maschine-300x300.png 300w, https:\/\/kemperkontakt.de\/wp-content\/uploads\/2024\/07\/Stationaere-Maschine-400x400.png 400w, https:\/\/kemperkontakt.de\/wp-content\/uploads\/2024\/07\/Stationaere-Maschine-500x500.png 500w, https:\/\/kemperkontakt.de\/wp-content\/uploads\/2024\/07\/Stationaere-Maschine-600x600.png 600w, https:\/\/kemperkontakt.de\/wp-content\/uploads\/2024\/07\/Stationaere-Maschine-768x768.png 768w, https:\/\/kemperkontakt.de\/wp-content\/uploads\/2024\/07\/Stationaere-Maschine.png 800w\" sizes=\"(max-width: 100px) 100vw, 100px\" \/><\/a><\/p>\n<p class=\"bodytext\"><strong>Ficha t\u00e9cnica del producto:<br \/>\n<\/strong>[download id=\"4512\" template=\"Satifix KR\"]<\/p>\n","protected":false},"featured_media":5218,"template":"","meta":[],"product_brand":[],"product_cat":[521,520],"product_tag":[525,526,522,528,527,524,523],"class_list":{"0":"post-5217","1":"product","2":"type-product","3":"status-publish","4":"has-post-thumbnail","6":"product_cat-herramientas-abrasivas-no-tejido","7":"product_cat-herramientas-de-acabado-satinado","8":"product_tag-aluminio-es","9":"product_tag-maquina-estacionaria-es","10":"product_tag-metal-en-general-es","11":"product_tag-piezas-muy-perfiladas","12":"product_tag-rodillo-circular","13":"product_tag-starmax-mini-es","14":"product_tag-starmax-neo-es","16":"first","17":"instock","18":"shipping-taxable","19":"product-type-simple"},"yoast_head":"<!-- This site is optimized with the Yoast SEO plugin v27.4 - https:\/\/yoast.com\/product\/yoast-seo-wordpress\/ -->\n<title>Satifix\u00ae KR - Kemper-Kontakt<\/title>\n<meta name=\"robots\" content=\"index, follow, max-snippet:-1, max-image-preview:large, max-video-preview:-1\" \/>\n<link rel=\"canonical\" href=\"https:\/\/kemperkontakt.de\/es\/produkt\/satifix-kr\/\" \/>\n<meta property=\"og:locale\" content=\"es_ES\" \/>\n<meta property=\"og:type\" content=\"article\" \/>\n<meta property=\"og:title\" content=\"Satifix\u00ae KR - Kemper-Kontakt\" \/>\n<meta property=\"og:description\" content=\"Rodillo de disco no tejido. El rodillo de satinado consta de una disposici\u00f3n de discos de 7 capas, lo que da como resultado una anchura de aplicaci\u00f3n de aprox. 50 mm, otras versiones disponibles bajo pedido. Los discos son extremadamente flexibles, por lo que pueden utilizarse preferentemente para procesar piezas muy perfiladas. Calidades de tejido no tejido A 80 (grueso) a A 280 (muy fino) o S100 (medio) - S800 (ultrafino).  &nbsp;  Para usar con qu\u00e9 m\u00e1quina:   Ficha t\u00e9cnica del producto:\" \/>\n<meta property=\"og:url\" content=\"https:\/\/kemperkontakt.de\/es\/produkt\/satifix-kr\/\" \/>\n<meta property=\"og:site_name\" content=\"Kemper-Kontakt\" \/>\n<meta property=\"article:modified_time\" content=\"2025-03-17T13:48:04+00:00\" \/>\n<meta property=\"og:image\" content=\"https:\/\/kemperkontakt.de\/wp-content\/uploads\/2024\/09\/Saitfix-KR-1-1.jpg\" \/>\n\t<meta property=\"og:image:width\" content=\"1280\" \/>\n\t<meta property=\"og:image:height\" content=\"1280\" \/>\n\t<meta property=\"og:image:type\" content=\"image\/jpeg\" \/>\n<meta name=\"twitter:card\" content=\"summary_large_image\" \/>\n<meta name=\"twitter:label1\" content=\"Tiempo de lectura\" \/>\n\t<meta name=\"twitter:data1\" content=\"1 minuto\" \/>\n<script type=\"application\/ld+json\" class=\"yoast-schema-graph\">{\"@context\":\"https:\\\/\\\/schema.org\",\"@graph\":[{\"@type\":\"WebPage\",\"@id\":\"https:\\\/\\\/kemperkontakt.de\\\/es\\\/produkt\\\/satifix-kr\\\/\",\"url\":\"https:\\\/\\\/kemperkontakt.de\\\/es\\\/produkt\\\/satifix-kr\\\/\",\"name\":\"Satifix\u00ae KR - Kemper-Kontakt\",\"isPartOf\":{\"@id\":\"https:\\\/\\\/kemperkontakt.de\\\/es\\\/#website\"},\"primaryImageOfPage\":{\"@id\":\"https:\\\/\\\/kemperkontakt.de\\\/es\\\/produkt\\\/satifix-kr\\\/#primaryimage\"},\"image\":{\"@id\":\"https:\\\/\\\/kemperkontakt.de\\\/es\\\/produkt\\\/satifix-kr\\\/#primaryimage\"},\"thumbnailUrl\":\"https:\\\/\\\/kemperkontakt.de\\\/wp-content\\\/uploads\\\/2024\\\/09\\\/Saitfix-KR-1-1.jpg\",\"datePublished\":\"2024-09-30T13:41:11+00:00\",\"dateModified\":\"2025-03-17T13:48:04+00:00\",\"breadcrumb\":{\"@id\":\"https:\\\/\\\/kemperkontakt.de\\\/es\\\/produkt\\\/satifix-kr\\\/#breadcrumb\"},\"inLanguage\":\"es\",\"potentialAction\":[{\"@type\":\"ReadAction\",\"target\":[\"https:\\\/\\\/kemperkontakt.de\\\/es\\\/produkt\\\/satifix-kr\\\/\"]}]},{\"@type\":\"ImageObject\",\"inLanguage\":\"es\",\"@id\":\"https:\\\/\\\/kemperkontakt.de\\\/es\\\/produkt\\\/satifix-kr\\\/#primaryimage\",\"url\":\"https:\\\/\\\/kemperkontakt.de\\\/wp-content\\\/uploads\\\/2024\\\/09\\\/Saitfix-KR-1-1.jpg\",\"contentUrl\":\"https:\\\/\\\/kemperkontakt.de\\\/wp-content\\\/uploads\\\/2024\\\/09\\\/Saitfix-KR-1-1.jpg\",\"width\":1280,\"height\":1280},{\"@type\":\"BreadcrumbList\",\"@id\":\"https:\\\/\\\/kemperkontakt.de\\\/es\\\/produkt\\\/satifix-kr\\\/#breadcrumb\",\"itemListElement\":[{\"@type\":\"ListItem\",\"position\":1,\"name\":\"Startseite\",\"item\":\"https:\\\/\\\/kemperkontakt.de\\\/es\\\/\"},{\"@type\":\"ListItem\",\"position\":2,\"name\":\"Categor\u00edas\",\"item\":\"https:\\\/\\\/kemperkontakt.de\\\/categorias\\\/\"},{\"@type\":\"ListItem\",\"position\":3,\"name\":\"Satifix\u00ae KR\"}]},{\"@type\":\"WebSite\",\"@id\":\"https:\\\/\\\/kemperkontakt.de\\\/es\\\/#website\",\"url\":\"https:\\\/\\\/kemperkontakt.de\\\/es\\\/\",\"name\":\"Kemper-Kontakt\",\"description\":\"\",\"potentialAction\":[{\"@type\":\"SearchAction\",\"target\":{\"@type\":\"EntryPoint\",\"urlTemplate\":\"https:\\\/\\\/kemperkontakt.de\\\/es\\\/?s={search_term_string}\"},\"query-input\":{\"@type\":\"PropertyValueSpecification\",\"valueRequired\":true,\"valueName\":\"search_term_string\"}}],\"inLanguage\":\"es\"}]}<\/script>\n<!-- \/ Yoast SEO plugin. -->","yoast_head_json":{"title":"Satifix\u00ae KR - Kemper-Kontakt","robots":{"index":"index","follow":"follow","max-snippet":"max-snippet:-1","max-image-preview":"max-image-preview:large","max-video-preview":"max-video-preview:-1"},"canonical":"https:\/\/kemperkontakt.de\/es\/produkt\/satifix-kr\/","og_locale":"es_ES","og_type":"article","og_title":"Satifix\u00ae KR - Kemper-Kontakt","og_description":"Rodillo de disco no tejido. El rodillo de satinado consta de una disposici\u00f3n de discos de 7 capas, lo que da como resultado una anchura de aplicaci\u00f3n de aprox. 50 mm, otras versiones disponibles bajo pedido. Los discos son extremadamente flexibles, por lo que pueden utilizarse preferentemente para procesar piezas muy perfiladas. Calidades de tejido no tejido A 80 (grueso) a A 280 (muy fino) o S100 (medio) - S800 (ultrafino).  &nbsp;  Para usar con qu\u00e9 m\u00e1quina:   Ficha t\u00e9cnica del producto:","og_url":"https:\/\/kemperkontakt.de\/es\/produkt\/satifix-kr\/","og_site_name":"Kemper-Kontakt","article_modified_time":"2025-03-17T13:48:04+00:00","og_image":[{"width":1280,"height":1280,"url":"https:\/\/kemperkontakt.de\/wp-content\/uploads\/2024\/09\/Saitfix-KR-1-1.jpg","type":"image\/jpeg"}],"twitter_card":"summary_large_image","twitter_misc":{"Tiempo de lectura":"1 minuto"},"schema":{"@context":"https:\/\/schema.org","@graph":[{"@type":"WebPage","@id":"https:\/\/kemperkontakt.de\/es\/produkt\/satifix-kr\/","url":"https:\/\/kemperkontakt.de\/es\/produkt\/satifix-kr\/","name":"Satifix\u00ae KR - Kemper-Kontakt","isPartOf":{"@id":"https:\/\/kemperkontakt.de\/es\/#website"},"primaryImageOfPage":{"@id":"https:\/\/kemperkontakt.de\/es\/produkt\/satifix-kr\/#primaryimage"},"image":{"@id":"https:\/\/kemperkontakt.de\/es\/produkt\/satifix-kr\/#primaryimage"},"thumbnailUrl":"https:\/\/kemperkontakt.de\/wp-content\/uploads\/2024\/09\/Saitfix-KR-1-1.jpg","datePublished":"2024-09-30T13:41:11+00:00","dateModified":"2025-03-17T13:48:04+00:00","breadcrumb":{"@id":"https:\/\/kemperkontakt.de\/es\/produkt\/satifix-kr\/#breadcrumb"},"inLanguage":"es","potentialAction":[{"@type":"ReadAction","target":["https:\/\/kemperkontakt.de\/es\/produkt\/satifix-kr\/"]}]},{"@type":"ImageObject","inLanguage":"es","@id":"https:\/\/kemperkontakt.de\/es\/produkt\/satifix-kr\/#primaryimage","url":"https:\/\/kemperkontakt.de\/wp-content\/uploads\/2024\/09\/Saitfix-KR-1-1.jpg","contentUrl":"https:\/\/kemperkontakt.de\/wp-content\/uploads\/2024\/09\/Saitfix-KR-1-1.jpg","width":1280,"height":1280},{"@type":"BreadcrumbList","@id":"https:\/\/kemperkontakt.de\/es\/produkt\/satifix-kr\/#breadcrumb","itemListElement":[{"@type":"ListItem","position":1,"name":"Startseite","item":"https:\/\/kemperkontakt.de\/es\/"},{"@type":"ListItem","position":2,"name":"Categor\u00edas","item":"https:\/\/kemperkontakt.de\/categorias\/"},{"@type":"ListItem","position":3,"name":"Satifix\u00ae KR"}]},{"@type":"WebSite","@id":"https:\/\/kemperkontakt.de\/es\/#website","url":"https:\/\/kemperkontakt.de\/es\/","name":"Kemper-Kontakt","description":"","potentialAction":[{"@type":"SearchAction","target":{"@type":"EntryPoint","urlTemplate":"https:\/\/kemperkontakt.de\/es\/?s={search_term_string}"},"query-input":{"@type":"PropertyValueSpecification","valueRequired":true,"valueName":"search_term_string"}}],"inLanguage":"es"}]}},"_links":{"self":[{"href":"https:\/\/kemperkontakt.de\/es\/wp-json\/wp\/v2\/product\/5217","targetHints":{"allow":["GET"]}}],"collection":[{"href":"https:\/\/kemperkontakt.de\/es\/wp-json\/wp\/v2\/product"}],"about":[{"href":"https:\/\/kemperkontakt.de\/es\/wp-json\/wp\/v2\/types\/product"}],"wp:featuredmedia":[{"embeddable":true,"href":"https:\/\/kemperkontakt.de\/es\/wp-json\/wp\/v2\/media\/5218"}],"wp:attachment":[{"href":"https:\/\/kemperkontakt.de\/es\/wp-json\/wp\/v2\/media?parent=5217"}],"wp:term":[{"taxonomy":"product_brand","embeddable":true,"href":"https:\/\/kemperkontakt.de\/es\/wp-json\/wp\/v2\/product_brand?post=5217"},{"taxonomy":"product_cat","embeddable":true,"href":"https:\/\/kemperkontakt.de\/es\/wp-json\/wp\/v2\/product_cat?post=5217"},{"taxonomy":"product_tag","embeddable":true,"href":"https:\/\/kemperkontakt.de\/es\/wp-json\/wp\/v2\/product_tag?post=5217"}],"curies":[{"name":"wp","href":"https:\/\/api.w.org\/{rel}","templated":true}]}}