{"id":5179,"date":"2024-07-04T16:32:02","date_gmt":"2024-07-04T14:32:02","guid":{"rendered":"https:\/\/kemperkontakt.de\/sobre-kemper\/"},"modified":"2025-01-14T14:25:52","modified_gmt":"2025-01-14T13:25:52","slug":"sobre-kemper","status":"publish","type":"page","link":"https:\/\/kemperkontakt.de\/es\/sobre-kemper\/","title":{"rendered":"Sobre Kemper"},"content":{"rendered":"<div class=\"fusion-fullwidth fullwidth-box fusion-builder-row-1 fusion-flex-container has-pattern-background has-mask-background nonhundred-percent-fullwidth non-hundred-percent-height-scrolling\" style=\"--awb-border-radius-top-left:0px;--awb-border-radius-top-right:0px;--awb-border-radius-bottom-right:0px;--awb-border-radius-bottom-left:0px;--awb-flex-wrap:wrap;\" ><div class=\"fusion-builder-row fusion-row fusion-flex-align-items-flex-start fusion-flex-content-wrap\" style=\"max-width:1248px;margin-left: calc(-4% \/ 2 );margin-right: calc(-4% \/ 2 );\"><div class=\"fusion-layout-column fusion_builder_column fusion-builder-column-0 fusion_builder_column_1_1 1_1 fusion-flex-column\" style=\"--awb-bg-size:cover;--awb-width-large:100%;--awb-margin-top-large:0px;--awb-spacing-right-large:1.92%;--awb-margin-bottom-large:20px;--awb-spacing-left-large:1.92%;--awb-width-medium:100%;--awb-order-medium:0;--awb-spacing-right-medium:1.92%;--awb-spacing-left-medium:1.92%;--awb-width-small:100%;--awb-order-small:0;--awb-spacing-right-small:1.92%;--awb-spacing-left-small:1.92%;\"><div class=\"fusion-column-wrapper fusion-column-has-shadow fusion-flex-justify-content-flex-start fusion-content-layout-column\"><div class=\"fusion-title title fusion-title-1 fusion-sep-none fusion-title-text fusion-title-size-one\"><h1 class=\"fusion-title-heading title-heading-left fusion-responsive-typography-calculated\" style=\"margin:0;--fontSize:48;line-height:1.2;\"><h2>Kemper contact &#8211; Una empresa con tradici\u00f3n<\/h2><\/h1><\/div><\/div><\/div><div class=\"fusion-layout-column fusion_builder_column fusion-builder-column-1 fusion_builder_column_1_1 1_1 fusion-flex-column\" style=\"--awb-bg-size:cover;--awb-width-large:100%;--awb-margin-top-large:0px;--awb-spacing-right-large:1.92%;--awb-margin-bottom-large:20px;--awb-spacing-left-large:1.92%;--awb-width-medium:100%;--awb-order-medium:0;--awb-spacing-right-medium:1.92%;--awb-spacing-left-medium:1.92%;--awb-width-small:100%;--awb-order-small:0;--awb-spacing-right-small:1.92%;--awb-spacing-left-small:1.92%;\"><div class=\"fusion-column-wrapper fusion-column-has-shadow fusion-flex-justify-content-flex-start fusion-content-layout-column\"><div class=\"fusion-text fusion-text-1\"><p><img decoding=\"async\" class=\"lazyload alignleft wp-image-621\" src=\"http:\/\/kemperkontakt.com\/wp-content\/uploads\/2024\/06\/scan_9066_800x500.png\" data-orig-src=\"http:\/\/kemperkontakt.com\/wp-content\/uploads\/2024\/06\/scan_9066_800x500.png\" alt=\"\" width=\"300\" height=\"188\" srcset=\"data:image\/svg+xml,%3Csvg%20xmlns%3D%27http%3A%2F%2Fwww.w3.org%2F2000%2Fsvg%27%20width%3D%27300%27%20height%3D%27188%27%20viewBox%3D%270%200%20300%20188%27%3E%3Crect%20width%3D%27300%27%20height%3D%27188%27%20fill-opacity%3D%220%22%2F%3E%3C%2Fsvg%3E\" data-srcset=\"https:\/\/kemperkontakt.de\/wp-content\/uploads\/2024\/06\/scan_9066_800x500-200x125.png 200w, https:\/\/kemperkontakt.de\/wp-content\/uploads\/2024\/06\/scan_9066_800x500-300x188.png 300w, https:\/\/kemperkontakt.de\/wp-content\/uploads\/2024\/06\/scan_9066_800x500-320x202.png 320w, https:\/\/kemperkontakt.de\/wp-content\/uploads\/2024\/06\/scan_9066_800x500-400x250.png 400w, https:\/\/kemperkontakt.de\/wp-content\/uploads\/2024\/06\/scan_9066_800x500-500x313.png 500w, https:\/\/kemperkontakt.de\/wp-content\/uploads\/2024\/06\/scan_9066_800x500-600x375.png 600w, https:\/\/kemperkontakt.de\/wp-content\/uploads\/2024\/06\/scan_9066_800x500-700x441.png 700w, https:\/\/kemperkontakt.de\/wp-content\/uploads\/2024\/06\/scan_9066_800x500-768x480.png 768w, https:\/\/kemperkontakt.de\/wp-content\/uploads\/2024\/06\/scan_9066_800x500.png 800w\" data-sizes=\"auto\" data-orig-sizes=\"(max-width: 300px) 100vw, 300px\" \/><\/p>\n<p class=\"p1\">KEMPER-KONTAKT es sin\u00f3nimo de precisi\u00f3n, calidad e innovaci\u00f3n en el rectificado de superficies y en la producci\u00f3n de muelas de contacto, rodillos especiales y componentes especiales para necesidades industriales y municipales.<br \/>\nCon nuestras dos divisiones de negocio, ofrecemos una amplia gama de productos y soluciones que se suministran a unos 45 pa\u00edses de todo el mundo. <\/p>\n<p class=\"p1\">Somos uno de los principales proveedores en el campo del rectificado de superficies desde hace m\u00e1s de 70 a\u00f1os.<br \/>\nEstas d\u00e9cadas de experiencia nos permiten desarrollar y perfeccionar continuamente tecnolog\u00edas innovadoras para el rectificado y el corte.<br \/>\nNuestro empe\u00f1o por mejorar se refleja en nuestra gesti\u00f3n de la calidad, que se apoya en procesos documentados e instalaciones de ensayo internas.<br \/>\nNuestro centro de pruebas KEMPER-KONTAKT desempe\u00f1a un papel decisivo en el desarrollo de nuevos materiales y procesos.<br \/>\nAnalizamos y optimizamos tu proceso de rectificado con nuestros profundos conocimientos para ofrecerte una soluci\u00f3n \u00f3ptima y rentable.    <\/p>\n<p><img decoding=\"async\" class=\"lazyload alignright wp-image-623\" src=\"http:\/\/kemperkontakt.com\/wp-content\/uploads\/2024\/06\/scan_9069_800x500.png\" data-orig-src=\"http:\/\/kemperkontakt.com\/wp-content\/uploads\/2024\/06\/scan_9069_800x500.png\" alt=\"\" width=\"300\" height=\"188\" srcset=\"data:image\/svg+xml,%3Csvg%20xmlns%3D%27http%3A%2F%2Fwww.w3.org%2F2000%2Fsvg%27%20width%3D%27300%27%20height%3D%27188%27%20viewBox%3D%270%200%20300%20188%27%3E%3Crect%20width%3D%27300%27%20height%3D%27188%27%20fill-opacity%3D%220%22%2F%3E%3C%2Fsvg%3E\" data-srcset=\"https:\/\/kemperkontakt.de\/wp-content\/uploads\/2024\/06\/scan_9069_800x500-200x125.png 200w, https:\/\/kemperkontakt.de\/wp-content\/uploads\/2024\/06\/scan_9069_800x500-300x188.png 300w, https:\/\/kemperkontakt.de\/wp-content\/uploads\/2024\/06\/scan_9069_800x500-320x202.png 320w, https:\/\/kemperkontakt.de\/wp-content\/uploads\/2024\/06\/scan_9069_800x500-400x250.png 400w, https:\/\/kemperkontakt.de\/wp-content\/uploads\/2024\/06\/scan_9069_800x500-500x313.png 500w, https:\/\/kemperkontakt.de\/wp-content\/uploads\/2024\/06\/scan_9069_800x500-600x375.png 600w, https:\/\/kemperkontakt.de\/wp-content\/uploads\/2024\/06\/scan_9069_800x500-700x441.png 700w, https:\/\/kemperkontakt.de\/wp-content\/uploads\/2024\/06\/scan_9069_800x500-768x480.png 768w, https:\/\/kemperkontakt.de\/wp-content\/uploads\/2024\/06\/scan_9069_800x500.png 800w\" data-sizes=\"auto\" data-orig-sizes=\"(max-width: 300px) 100vw, 300px\" \/><\/p>\n<p class=\"p1\">En nuestra segunda divisi\u00f3n de negocio, fabricamos discos de contacto precisos y de alta calidad, rodillos especiales y componentes especiales que son esenciales para el buen funcionamiento y los procesos de producci\u00f3n en tu empresa.<br \/>\nNuestra experiencia incluye componentes espec\u00edficos para la tecnolog\u00eda de accionamiento, hidr\u00e1ulica, mantenimiento y transporte, por ejemplo.<br \/>\nEstas soluciones especiales te ofrecen la m\u00e1xima funcionalidad, la m\u00e1xima protecci\u00f3n para el usuario y el mayor beneficio posible en el uso operativo.  <\/p>\n<p><img decoding=\"async\" class=\"lazyload alignleft wp-image-624\" src=\"http:\/\/kemperkontakt.com\/wp-content\/uploads\/2024\/06\/scan_9073_800x800.png\" data-orig-src=\"http:\/\/kemperkontakt.com\/wp-content\/uploads\/2024\/06\/scan_9073_800x800.png\" alt=\"\" width=\"300\" height=\"300\" srcset=\"data:image\/svg+xml,%3Csvg%20xmlns%3D%27http%3A%2F%2Fwww.w3.org%2F2000%2Fsvg%27%20width%3D%27300%27%20height%3D%27300%27%20viewBox%3D%270%200%20300%20300%27%3E%3Crect%20width%3D%27300%27%20height%3D%27300%27%20fill-opacity%3D%220%22%2F%3E%3C%2Fsvg%3E\" data-srcset=\"https:\/\/kemperkontakt.de\/wp-content\/uploads\/2024\/06\/scan_9073_800x800-66x66.png 66w, https:\/\/kemperkontakt.de\/wp-content\/uploads\/2024\/06\/scan_9073_800x800-150x150.png 150w, https:\/\/kemperkontakt.de\/wp-content\/uploads\/2024\/06\/scan_9073_800x800-200x200.png 200w, https:\/\/kemperkontakt.de\/wp-content\/uploads\/2024\/06\/scan_9073_800x800-300x300.png 300w, https:\/\/kemperkontakt.de\/wp-content\/uploads\/2024\/06\/scan_9073_800x800-400x400.png 400w, https:\/\/kemperkontakt.de\/wp-content\/uploads\/2024\/06\/scan_9073_800x800-500x500.png 500w, https:\/\/kemperkontakt.de\/wp-content\/uploads\/2024\/06\/scan_9073_800x800-600x600.png 600w, https:\/\/kemperkontakt.de\/wp-content\/uploads\/2024\/06\/scan_9073_800x800-768x768.png 768w, https:\/\/kemperkontakt.de\/wp-content\/uploads\/2024\/06\/scan_9073_800x800.png 800w\" data-sizes=\"auto\" data-orig-sizes=\"(max-width: 300px) 100vw, 300px\" \/><\/p>\n<p class=\"p1\">Con nuestros muchos a\u00f1os de experiencia, somos un socio reconocido y fiable para la industria y las empresas municipales en este campo. Nuestros r\u00e1pidos plazos de entrega y la alta calidad de nuestros productos personalizados garantizan que tu empresa siga operativa en todo momento. <\/p>\n<p class=\"p1\">Con nuestra amplia gama premium y la reconocida calidad de fabricaci\u00f3n de nuestros productos, nos esforzamos por ser el l\u00edder en calidad de nuestro sector.<\/p>\n<p class=\"p1\">KEMPER-KONTAKT es tu socio de confianza para soluciones de lijado de alta calidad y productos especiales a medida en los sectores industrial y municipal.<\/p>\n<\/div><\/div><\/div><\/div><\/div>\n","protected":false},"excerpt":{"rendered":"","protected":false},"author":1,"featured_media":0,"parent":0,"menu_order":0,"comment_status":"closed","ping_status":"closed","template":"100-width.php","meta":{"footnotes":""},"class_list":["post-5179","page","type-page","status-publish","hentry"],"yoast_head":"<!-- This site is optimized with the Yoast SEO plugin v27.3 - https:\/\/yoast.com\/product\/yoast-seo-wordpress\/ -->\n<title>Sobre Kemper - Kemper-Kontakt<\/title>\n<meta name=\"robots\" content=\"index, follow, max-snippet:-1, max-image-preview:large, max-video-preview:-1\" \/>\n<link rel=\"canonical\" href=\"https:\/\/kemperkontakt.de\/es\/sobre-kemper\/\" \/>\n<meta property=\"og:locale\" content=\"es_ES\" \/>\n<meta property=\"og:type\" content=\"article\" \/>\n<meta property=\"og:title\" content=\"Sobre Kemper - Kemper-Kontakt\" \/>\n<meta property=\"og:url\" content=\"https:\/\/kemperkontakt.de\/es\/sobre-kemper\/\" \/>\n<meta property=\"og:site_name\" content=\"Kemper-Kontakt\" \/>\n<meta property=\"article:modified_time\" content=\"2025-01-14T13:25:52+00:00\" \/>\n<meta property=\"og:image\" content=\"https:\/\/kemperkontakt.de\/wp-content\/uploads\/2024\/06\/scan_9066_800x500.png\" \/>\n\t<meta property=\"og:image:width\" content=\"800\" \/>\n\t<meta property=\"og:image:height\" content=\"500\" \/>\n\t<meta property=\"og:image:type\" content=\"image\/png\" \/>\n<meta name=\"twitter:card\" content=\"summary_large_image\" \/>\n<meta name=\"twitter:label1\" content=\"Tiempo de lectura\" \/>\n\t<meta name=\"twitter:data1\" content=\"6 minutos\" \/>\n<script type=\"application\/ld+json\" class=\"yoast-schema-graph\">{\"@context\":\"https:\\\/\\\/schema.org\",\"@graph\":[{\"@type\":\"WebPage\",\"@id\":\"https:\\\/\\\/kemperkontakt.de\\\/es\\\/sobre-kemper\\\/\",\"url\":\"https:\\\/\\\/kemperkontakt.de\\\/es\\\/sobre-kemper\\\/\",\"name\":\"Sobre Kemper - Kemper-Kontakt\",\"isPartOf\":{\"@id\":\"https:\\\/\\\/kemperkontakt.de\\\/es\\\/#website\"},\"primaryImageOfPage\":{\"@id\":\"https:\\\/\\\/kemperkontakt.de\\\/es\\\/sobre-kemper\\\/#primaryimage\"},\"image\":{\"@id\":\"https:\\\/\\\/kemperkontakt.de\\\/es\\\/sobre-kemper\\\/#primaryimage\"},\"thumbnailUrl\":\"http:\\\/\\\/kemperkontakt.com\\\/wp-content\\\/uploads\\\/2024\\\/06\\\/scan_9066_800x500.png\",\"datePublished\":\"2024-07-04T14:32:02+00:00\",\"dateModified\":\"2025-01-14T13:25:52+00:00\",\"breadcrumb\":{\"@id\":\"https:\\\/\\\/kemperkontakt.de\\\/es\\\/sobre-kemper\\\/#breadcrumb\"},\"inLanguage\":\"es\",\"potentialAction\":[{\"@type\":\"ReadAction\",\"target\":[\"https:\\\/\\\/kemperkontakt.de\\\/es\\\/sobre-kemper\\\/\"]}]},{\"@type\":\"ImageObject\",\"inLanguage\":\"es\",\"@id\":\"https:\\\/\\\/kemperkontakt.de\\\/es\\\/sobre-kemper\\\/#primaryimage\",\"url\":\"http:\\\/\\\/kemperkontakt.com\\\/wp-content\\\/uploads\\\/2024\\\/06\\\/scan_9066_800x500.png\",\"contentUrl\":\"http:\\\/\\\/kemperkontakt.com\\\/wp-content\\\/uploads\\\/2024\\\/06\\\/scan_9066_800x500.png\"},{\"@type\":\"BreadcrumbList\",\"@id\":\"https:\\\/\\\/kemperkontakt.de\\\/es\\\/sobre-kemper\\\/#breadcrumb\",\"itemListElement\":[{\"@type\":\"ListItem\",\"position\":1,\"name\":\"Startseite\",\"item\":\"https:\\\/\\\/kemperkontakt.de\\\/es\\\/\"},{\"@type\":\"ListItem\",\"position\":2,\"name\":\"Sobre Kemper\"}]},{\"@type\":\"WebSite\",\"@id\":\"https:\\\/\\\/kemperkontakt.de\\\/es\\\/#website\",\"url\":\"https:\\\/\\\/kemperkontakt.de\\\/es\\\/\",\"name\":\"Kemper-Kontakt\",\"description\":\"\",\"potentialAction\":[{\"@type\":\"SearchAction\",\"target\":{\"@type\":\"EntryPoint\",\"urlTemplate\":\"https:\\\/\\\/kemperkontakt.de\\\/es\\\/?s={search_term_string}\"},\"query-input\":{\"@type\":\"PropertyValueSpecification\",\"valueRequired\":true,\"valueName\":\"search_term_string\"}}],\"inLanguage\":\"es\"}]}<\/script>\n<!-- \/ Yoast SEO plugin. -->","yoast_head_json":{"title":"Sobre Kemper - Kemper-Kontakt","robots":{"index":"index","follow":"follow","max-snippet":"max-snippet:-1","max-image-preview":"max-image-preview:large","max-video-preview":"max-video-preview:-1"},"canonical":"https:\/\/kemperkontakt.de\/es\/sobre-kemper\/","og_locale":"es_ES","og_type":"article","og_title":"Sobre Kemper - Kemper-Kontakt","og_url":"https:\/\/kemperkontakt.de\/es\/sobre-kemper\/","og_site_name":"Kemper-Kontakt","article_modified_time":"2025-01-14T13:25:52+00:00","og_image":[{"width":800,"height":500,"url":"https:\/\/kemperkontakt.de\/wp-content\/uploads\/2024\/06\/scan_9066_800x500.png","type":"image\/png"}],"twitter_card":"summary_large_image","twitter_misc":{"Tiempo de lectura":"6 minutos"},"schema":{"@context":"https:\/\/schema.org","@graph":[{"@type":"WebPage","@id":"https:\/\/kemperkontakt.de\/es\/sobre-kemper\/","url":"https:\/\/kemperkontakt.de\/es\/sobre-kemper\/","name":"Sobre Kemper - Kemper-Kontakt","isPartOf":{"@id":"https:\/\/kemperkontakt.de\/es\/#website"},"primaryImageOfPage":{"@id":"https:\/\/kemperkontakt.de\/es\/sobre-kemper\/#primaryimage"},"image":{"@id":"https:\/\/kemperkontakt.de\/es\/sobre-kemper\/#primaryimage"},"thumbnailUrl":"http:\/\/kemperkontakt.com\/wp-content\/uploads\/2024\/06\/scan_9066_800x500.png","datePublished":"2024-07-04T14:32:02+00:00","dateModified":"2025-01-14T13:25:52+00:00","breadcrumb":{"@id":"https:\/\/kemperkontakt.de\/es\/sobre-kemper\/#breadcrumb"},"inLanguage":"es","potentialAction":[{"@type":"ReadAction","target":["https:\/\/kemperkontakt.de\/es\/sobre-kemper\/"]}]},{"@type":"ImageObject","inLanguage":"es","@id":"https:\/\/kemperkontakt.de\/es\/sobre-kemper\/#primaryimage","url":"http:\/\/kemperkontakt.com\/wp-content\/uploads\/2024\/06\/scan_9066_800x500.png","contentUrl":"http:\/\/kemperkontakt.com\/wp-content\/uploads\/2024\/06\/scan_9066_800x500.png"},{"@type":"BreadcrumbList","@id":"https:\/\/kemperkontakt.de\/es\/sobre-kemper\/#breadcrumb","itemListElement":[{"@type":"ListItem","position":1,"name":"Startseite","item":"https:\/\/kemperkontakt.de\/es\/"},{"@type":"ListItem","position":2,"name":"Sobre Kemper"}]},{"@type":"WebSite","@id":"https:\/\/kemperkontakt.de\/es\/#website","url":"https:\/\/kemperkontakt.de\/es\/","name":"Kemper-Kontakt","description":"","potentialAction":[{"@type":"SearchAction","target":{"@type":"EntryPoint","urlTemplate":"https:\/\/kemperkontakt.de\/es\/?s={search_term_string}"},"query-input":{"@type":"PropertyValueSpecification","valueRequired":true,"valueName":"search_term_string"}}],"inLanguage":"es"}]}},"_links":{"self":[{"href":"https:\/\/kemperkontakt.de\/es\/wp-json\/wp\/v2\/pages\/5179","targetHints":{"allow":["GET"]}}],"collection":[{"href":"https:\/\/kemperkontakt.de\/es\/wp-json\/wp\/v2\/pages"}],"about":[{"href":"https:\/\/kemperkontakt.de\/es\/wp-json\/wp\/v2\/types\/page"}],"author":[{"embeddable":true,"href":"https:\/\/kemperkontakt.de\/es\/wp-json\/wp\/v2\/users\/1"}],"replies":[{"embeddable":true,"href":"https:\/\/kemperkontakt.de\/es\/wp-json\/wp\/v2\/comments?post=5179"}],"version-history":[{"count":2,"href":"https:\/\/kemperkontakt.de\/es\/wp-json\/wp\/v2\/pages\/5179\/revisions"}],"predecessor-version":[{"id":5181,"href":"https:\/\/kemperkontakt.de\/es\/wp-json\/wp\/v2\/pages\/5179\/revisions\/5181"}],"wp:attachment":[{"href":"https:\/\/kemperkontakt.de\/es\/wp-json\/wp\/v2\/media?parent=5179"}],"curies":[{"name":"wp","href":"https:\/\/api.w.org\/{rel}","templated":true}]}}