{"id":5057,"date":"2024-06-05T18:09:45","date_gmt":"2024-06-05T16:09:45","guid":{"rendered":"https:\/\/kemperkontakt.de\/alisar-y-desbarbar-piezas-de-plastico\/"},"modified":"2025-09-18T15:48:20","modified_gmt":"2025-09-18T13:48:20","slug":"alisar-y-desbarbar-piezas-de-plastico","status":"publish","type":"page","link":"https:\/\/kemperkontakt.de\/es\/alisar-y-desbarbar-piezas-de-plastico\/","title":{"rendered":"Alisar y desbarbar piezas de pl\u00e1stico"},"content":{"rendered":"<p><div class=\"fusion-fullwidth fullwidth-box fusion-builder-row-1 fusion-flex-container has-pattern-background has-mask-background nonhundred-percent-fullwidth non-hundred-percent-height-scrolling\" style=\"--awb-border-radius-top-left:0px;--awb-border-radius-top-right:0px;--awb-border-radius-bottom-right:0px;--awb-border-radius-bottom-left:0px;--awb-flex-wrap:wrap;\" ><div class=\"fusion-builder-row fusion-row fusion-flex-align-items-flex-start fusion-flex-content-wrap\" style=\"max-width:1248px;margin-left: calc(-4% \/ 2 );margin-right: calc(-4% \/ 2 );\"><div class=\"fusion-layout-column fusion_builder_column fusion-builder-column-0 fusion_builder_column_1_1 1_1 fusion-flex-column\" style=\"--awb-bg-size:cover;--awb-width-large:100%;--awb-margin-top-large:0px;--awb-spacing-right-large:1.92%;--awb-margin-bottom-large:20px;--awb-spacing-left-large:1.92%;--awb-width-medium:100%;--awb-order-medium:0;--awb-spacing-right-medium:1.92%;--awb-spacing-left-medium:1.92%;--awb-width-small:100%;--awb-order-small:0;--awb-spacing-right-small:1.92%;--awb-spacing-left-small:1.92%;\"><div class=\"fusion-column-wrapper fusion-column-has-shadow fusion-flex-justify-content-flex-start fusion-content-layout-column\"><div class=\"fusion-title title fusion-title-1 fusion-sep-none fusion-title-text fusion-title-size-one\"><h1 class=\"fusion-title-heading title-heading-left fusion-responsive-typography-calculated\" style=\"margin:0;--fontSize:48;line-height:1.2;\">Alisa y desbarba piezas de pl\u00e1stico en segundos<\/h1><\/div><\/div><\/div><\/div><\/div><div class=\"fusion-fullwidth fullwidth-box fusion-builder-row-2 fusion-flex-container has-pattern-background has-mask-background nonhundred-percent-fullwidth non-hundred-percent-height-scrolling\" style=\"--awb-border-radius-top-left:0px;--awb-border-radius-top-right:0px;--awb-border-radius-bottom-right:0px;--awb-border-radius-bottom-left:0px;--awb-flex-wrap:wrap;\" ><div class=\"fusion-builder-row fusion-row fusion-flex-align-items-flex-start fusion-flex-content-wrap\" style=\"max-width:1248px;margin-left: calc(-4% \/ 2 );margin-right: calc(-4% \/ 2 );\"><div class=\"fusion-layout-column fusion_builder_column fusion-builder-column-1 fusion_builder_column_1_1 1_1 fusion-flex-column\" style=\"--awb-bg-size:cover;--awb-width-large:100%;--awb-margin-top-large:0px;--awb-spacing-right-large:1.92%;--awb-margin-bottom-large:20px;--awb-spacing-left-large:1.92%;--awb-width-medium:100%;--awb-order-medium:0;--awb-spacing-right-medium:1.92%;--awb-spacing-left-medium:1.92%;--awb-width-small:100%;--awb-order-small:0;--awb-spacing-right-small:1.92%;--awb-spacing-left-small:1.92%;\"><div class=\"fusion-column-wrapper fusion-column-has-shadow fusion-flex-justify-content-flex-start fusion-content-layout-column\"><div class=\"fusion-text fusion-text-1\"><div class=\"popup-gallery row\">\n<div class=\"col-xs-12\">\n<p class=\"bodytext\"><img decoding=\"async\" class=\"lazyload alignnone wp-image-7486 size-fusion-400\" src=\"https:\/\/kemperkontakt.de\/wp-content\/uploads\/2025\/09\/2025_09_Fotoserie_kemperkontakt-37-400x267.jpg\" data-orig-src=\"https:\/\/kemperkontakt.de\/wp-content\/uploads\/2025\/09\/2025_09_Fotoserie_kemperkontakt-37-400x267.jpg\" alt=\"\" width=\"400\" height=\"267\" srcset=\"data:image\/svg+xml,%3Csvg%20xmlns%3D%27http%3A%2F%2Fwww.w3.org%2F2000%2Fsvg%27%20width%3D%27400%27%20height%3D%27267%27%20viewBox%3D%270%200%20400%20267%27%3E%3Crect%20width%3D%27400%27%20height%3D%27267%27%20fill-opacity%3D%220%22%2F%3E%3C%2Fsvg%3E\" data-srcset=\"https:\/\/kemperkontakt.de\/wp-content\/uploads\/2025\/09\/2025_09_Fotoserie_kemperkontakt-37-200x133.jpg 200w, https:\/\/kemperkontakt.de\/wp-content\/uploads\/2025\/09\/2025_09_Fotoserie_kemperkontakt-37-300x200.jpg 300w, https:\/\/kemperkontakt.de\/wp-content\/uploads\/2025\/09\/2025_09_Fotoserie_kemperkontakt-37-400x267.jpg 400w, https:\/\/kemperkontakt.de\/wp-content\/uploads\/2025\/09\/2025_09_Fotoserie_kemperkontakt-37-500x333.jpg 500w, https:\/\/kemperkontakt.de\/wp-content\/uploads\/2025\/09\/2025_09_Fotoserie_kemperkontakt-37-600x400.jpg 600w, https:\/\/kemperkontakt.de\/wp-content\/uploads\/2025\/09\/2025_09_Fotoserie_kemperkontakt-37-768x512.jpg 768w, https:\/\/kemperkontakt.de\/wp-content\/uploads\/2025\/09\/2025_09_Fotoserie_kemperkontakt-37-800x533.jpg 800w, https:\/\/kemperkontakt.de\/wp-content\/uploads\/2025\/09\/2025_09_Fotoserie_kemperkontakt-37-1024x682.jpg 1024w, https:\/\/kemperkontakt.de\/wp-content\/uploads\/2025\/09\/2025_09_Fotoserie_kemperkontakt-37-1200x800.jpg 1200w, https:\/\/kemperkontakt.de\/wp-content\/uploads\/2025\/09\/2025_09_Fotoserie_kemperkontakt-37.jpg 1280w\" data-sizes=\"auto\" data-orig-sizes=\"(max-width: 400px) 100vw, 400px\" \/>Los fabricantes y transformadores de piezas moldeadas de pl\u00e1stico u otros materiales se enfrentan regularmente al problema de desbarbar las piezas tras el proceso de inyecci\u00f3n o (en el caso de otros materiales:) un corte de separaci\u00f3n.<\/p>\n<p class=\"bodytext\">El <span style=\"color: #009a93;\"><a class=\"internal-link\" style=\"color: #009a93;\" href=\"https:\/\/kemperkontakt.de\/es\/produkt-kategorie\/moler\/herramientas-de-lijado-aletas\/kemper-schleifstern-original\/\">ESTRIBO DE RECTIFICACI\u00d3N ORIGINAL KEMPER\u00ae<\/a><\/span> de KEMPER-KONTAKT Gert Kemper GmbH, Wuppertal, Alemania, ofrece una opci\u00f3n \u00f3ptima, r\u00e1pida y rentable. Una de sus propiedades m\u00e1s destacadas es su rectificado en fr\u00edo, que lo hace adecuado para procesar termopl\u00e1sticos o PRFV.<\/p>\n<\/div>\n<\/div>\n<p class=\"bodytext\">No se producir\u00e1n quemaduras ni manchas si se utiliza correctamente.<\/p>\n<p class=\"bodytext\">Dependiendo de la superficie y la forma de la pieza, estas estrellas de lijado est\u00e1n disponibles en diferentes di\u00e1metros y tama\u00f1os de grano y se accionan mediante lijadoras manuales disponibles en el mercado y, en muchos casos, ya existentes, lijadoras neum\u00e1ticas o mediante la lijadora estacionaria <span style=\"color: #009a93;\"><a class=\"internal-link\" style=\"color: #009a93;\" href=\"https:\/\/kemperkontakt.de\/es\/produkt\/esmeriladora-pulidora-starmax-neo\/\">STARMAX\u00ae neo<\/a><\/span> de ajuste continuo (ver foto).<\/p>\n<p class=\"bodytext\">La selecci\u00f3n de la velocidad \u00f3ptima en funci\u00f3n del di\u00e1metro tiene una importancia crucial, ya que s\u00f3lo las estrellas de rectificado que funcionan a esta velocidad pueden utilizar plenamente su verdadera fuerza, es decir, su gran flexibilidad, en favor del proceso de desbarbado. Incluso las piezas aserradas muy perfiladas se desbarban en cuesti\u00f3n de segundos sin dejar pelos de alambre visibles (a menudo cuando se utilizan cepillos de alambre) ni residuos invisibles (a menudo cuando se utilizan cepillos de nailon), que o bien hay que soplar en un proceso separado o bien pueden interferir o incluso imposibilitar las operaciones posteriores de procesamiento.<\/p>\n<p class=\"bodytext\">La precisi\u00f3n dimensional de las piezas no se ve afectada por el desbarbado con el <span style=\"color: #009a93;\"><a class=\"internal-link\" style=\"color: #009a93;\" href=\"https:\/\/kemperkontakt.de\/es\/produkt-kategorie\/moler\/herramientas-de-lijado-aletas\/kemper-schleifstern-original\/\">ESTRIBO DE RECTIFICACI\u00d3N ORIGINAL KEMPER\u00ae<\/a><\/span>.<\/p>\n<p class=\"bodytext\">La lijadora <span style=\"color: #009a93;\"><a class=\"internal-link\" style=\"color: #009a93;\" href=\"https:\/\/kemperkontakt.de\/es\/produkt\/esmeriladora-pulidora-starmax-neo\/\">STARMAX\u00ae neo<\/a> <\/span>puede integrarse en el flujo de trabajo como m\u00e1quina aut\u00f3noma, por lo que puede controlarse manual o autom\u00e1ticamente con la pieza a desbarbar. La decisi\u00f3n se toma en cada caso en funci\u00f3n de las capacidades t\u00e9cnicas del usuario. Puede equiparse en uno o ambos lados con estrellas de desbarbado del mismo di\u00e1metro.<\/p>\n<p class=\"bodytext\">Los costes de inversi\u00f3n, muy bajos en comparaci\u00f3n con el efecto de racionalizaci\u00f3n, son insignificantes.<\/p>\n<p class=\"bodytext\">El <span style=\"color: #009a93;\"><a class=\"internal-link\" style=\"color: #009a93;\" href=\"https:\/\/kemperkontakt.de\/es\/produkt-kategorie\/moler\/herramientas-de-lijado-aletas\/kemper-schleifstern-original\/\">ESTRIBO DE RECTIFICACI\u00d3N ORIGINAL KEMPER\u00ae<\/a><\/span>, junto con las m\u00e1quinas de accionamiento descritas, ofrece una soluci\u00f3n flexible y rentable a los problemas de desbarbado en el \u00e1mbito inferior de las grandes instalaciones industriales y, por tanto, tambi\u00e9n permite a los fabricantes de series medianas y peque\u00f1as aprovechar el buscado potencial de racionalizaci\u00f3n.<\/p>\n<\/div><\/div><\/div><\/div><\/div><div class=\"fusion-fullwidth fullwidth-box fusion-builder-row-3 fusion-flex-container has-pattern-background has-mask-background nonhundred-percent-fullwidth non-hundred-percent-height-scrolling\" style=\"--awb-border-radius-top-left:0px;--awb-border-radius-top-right:0px;--awb-border-radius-bottom-right:0px;--awb-border-radius-bottom-left:0px;--awb-flex-wrap:wrap;\" ><div class=\"fusion-builder-row fusion-row fusion-flex-align-items-flex-start fusion-flex-content-wrap\" style=\"max-width:1248px;margin-left: calc(-4% \/ 2 );margin-right: calc(-4% \/ 2 );\"><div class=\"fusion-layout-column fusion_builder_column fusion-builder-column-2 fusion_builder_column_1_1 1_1 fusion-flex-column\" style=\"--awb-bg-size:cover;--awb-width-large:100%;--awb-margin-top-large:0px;--awb-spacing-right-large:1.92%;--awb-margin-bottom-large:20px;--awb-spacing-left-large:1.92%;--awb-width-medium:100%;--awb-order-medium:0;--awb-spacing-right-medium:1.92%;--awb-spacing-left-medium:1.92%;--awb-width-small:100%;--awb-order-small:0;--awb-spacing-right-small:1.92%;--awb-spacing-left-small:1.92%;\"><div class=\"fusion-column-wrapper fusion-column-has-shadow fusion-flex-justify-content-flex-start fusion-content-layout-column\"><div class=\"fusion-title title fusion-title-2 fusion-sep-none fusion-title-text fusion-title-size-one\"><h1 class=\"fusion-title-heading title-heading-left fusion-responsive-typography-calculated\" style=\"margin:0;--fontSize:48;line-height:1.2;\"><h4>Productos para la transformaci\u00f3n de piezas de pl\u00e1stico<\/h4><\/h1><\/div><\/div><\/div><div class=\"fusion-layout-column fusion_builder_column fusion-builder-column-3 fusion_builder_column_1_1 1_1 fusion-flex-column\" style=\"--awb-bg-size:cover;--awb-width-large:100%;--awb-margin-top-large:0px;--awb-spacing-right-large:1.92%;--awb-margin-bottom-large:20px;--awb-spacing-left-large:1.92%;--awb-width-medium:100%;--awb-order-medium:0;--awb-spacing-right-medium:1.92%;--awb-spacing-left-medium:1.92%;--awb-width-small:100%;--awb-order-small:0;--awb-spacing-right-small:1.92%;--awb-spacing-left-small:1.92%;\"><div class=\"fusion-column-wrapper fusion-column-has-shadow fusion-flex-justify-content-flex-start fusion-content-layout-column\"><div class=\"fusion-woo-product-slider fusion-woo-slider\"><div class=\"awb-carousel awb-swiper awb-swiper-carousel fusion-carousel-title-below-image\" style=\"--awb-column-spacing:7px;\" data-metacontent=\"yes\" data-autoplay=\"no\" data-columns=\"5\" data-itemmargin=\"7\" data-itemwidth=\"180\" data-touchscroll=\"yes\" data-imagesize=\"fixed\" data-scrollitems=\"3\"><div class=\"swiper-wrapper\"><div class=\"swiper-slide\"><div class=\"fusion-classic-product-image-wrapper\"><div class=\"fusion-carousel-item-wrapper\"><div  class=\"fusion-image-wrapper fusion-image-size-fixed\" aria-haspopup=\"true\">\n\t\t\t\t<div class=\"fusion-woo-badges-wrapper\">\n<\/div>\t\t\t<a href=\"https:\/\/kemperkontakt.de\/es\/produkt\/original-kemper-schleifstern-ms\/\" aria-label=\"ORIGINAL-KEMPER-SCHLEIFSTERN\u00ae MS\">\n\t\t\t\t\t\t\t<img decoding=\"async\" width=\"177\" height=\"142\" src=\"data:image\/svg+xml,%3Csvg%20xmlns%3D%27http%3A%2F%2Fwww.w3.org%2F2000%2Fsvg%27%20width%3D%27177%27%20height%3D%27142%27%20viewBox%3D%270%200%20177%20142%27%3E%3Crect%20width%3D%27177%27%20height%3D%27142%27%20fill-opacity%3D%220%22%2F%3E%3C%2Fsvg%3E\" data-orig-src=\"https:\/\/kemperkontakt.de\/wp-content\/uploads\/2024\/06\/ORIGINAL-KEMPER-Schleifstern_MS_1000x1000-177x142.jpg\" class=\"lazyload attachment-portfolio-five size-portfolio-five wp-post-image\" alt=\"\" \/><div class=\"cart-loading\"><i class=\"awb-icon-spinner\" aria-hidden=\"true\"><\/i><\/div>\t\t\t<\/a>\n\t\t\t\t\t\t\t<\/div>\n<h4 class=\"fusion-carousel-title product-title\"><a href=\"https:\/\/kemperkontakt.de\/es\/produkt\/original-kemper-schleifstern-ms\/\" target=\"_self\">ORIGINAL-KEMPER-SCHLEIFSTERN\u00ae MS<\/a><\/h4><div class=\"fusion-carousel-meta\"><div class=\"fusion-carousel-price\">\n<\/div><\/div><\/div><\/div><\/div><div class=\"swiper-slide\"><div class=\"fusion-classic-product-image-wrapper\"><div class=\"fusion-carousel-item-wrapper\"><div  class=\"fusion-image-wrapper fusion-image-size-fixed\" aria-haspopup=\"true\">\n\t\t\t\t<div class=\"fusion-woo-badges-wrapper\">\n<\/div>\t\t\t<a href=\"https:\/\/kemperkontakt.de\/es\/produkt\/kemper-schleifstern-original\/\" aria-label=\"KEMPER-SCHLEIFSTERN\u00ae ORIGINAL\">\n\t\t\t\t\t\t\t<img decoding=\"async\" width=\"177\" height=\"142\" src=\"data:image\/svg+xml,%3Csvg%20xmlns%3D%27http%3A%2F%2Fwww.w3.org%2F2000%2Fsvg%27%20width%3D%27177%27%20height%3D%27142%27%20viewBox%3D%270%200%20177%20142%27%3E%3Crect%20width%3D%27177%27%20height%3D%27142%27%20fill-opacity%3D%220%22%2F%3E%3C%2Fsvg%3E\" data-orig-src=\"https:\/\/kemperkontakt.de\/wp-content\/uploads\/2024\/09\/Schleifsterne-1-1-177x142.jpg\" class=\"lazyload attachment-portfolio-five size-portfolio-five wp-post-image\" alt=\"\" \/><div class=\"cart-loading\"><i class=\"awb-icon-spinner\" aria-hidden=\"true\"><\/i><\/div>\t\t\t<\/a>\n\t\t\t\t\t\t\t<\/div>\n<h4 class=\"fusion-carousel-title product-title\"><a href=\"https:\/\/kemperkontakt.de\/es\/produkt\/kemper-schleifstern-original\/\" target=\"_self\">KEMPER-SCHLEIFSTERN\u00ae ORIGINAL<\/a><\/h4><div class=\"fusion-carousel-meta\"><div class=\"fusion-carousel-price\">\n<\/div><\/div><\/div><\/div><\/div><div class=\"swiper-slide\"><div class=\"fusion-classic-product-image-wrapper\"><div class=\"fusion-carousel-item-wrapper\"><div  class=\"fusion-image-wrapper fusion-image-size-fixed\" aria-haspopup=\"true\">\n\t\t\t\t<div class=\"fusion-woo-badges-wrapper\">\n<\/div>\t\t\t<a href=\"https:\/\/kemperkontakt.de\/es\/produkt\/esmeriladora-pulidora-starmax-neo\/\" aria-label=\"Esmeriladora \/ pulidora STARMAX\u00ae neo\">\n\t\t\t\t\t\t\t<img decoding=\"async\" width=\"177\" height=\"142\" src=\"data:image\/svg+xml,%3Csvg%20xmlns%3D%27http%3A%2F%2Fwww.w3.org%2F2000%2Fsvg%27%20width%3D%27177%27%20height%3D%27142%27%20viewBox%3D%270%200%20177%20142%27%3E%3Crect%20width%3D%27177%27%20height%3D%27142%27%20fill-opacity%3D%220%22%2F%3E%3C%2Fsvg%3E\" data-orig-src=\"https:\/\/kemperkontakt.de\/wp-content\/uploads\/2024\/06\/Starmax_neo-1_1000x1000-177x142.jpg\" class=\"lazyload attachment-portfolio-five size-portfolio-five wp-post-image\" alt=\"\" \/><div class=\"cart-loading\"><i class=\"awb-icon-spinner\" aria-hidden=\"true\"><\/i><\/div>\t\t\t<\/a>\n\t\t\t\t\t\t\t<\/div>\n<h4 class=\"fusion-carousel-title product-title\"><a href=\"https:\/\/kemperkontakt.de\/es\/produkt\/esmeriladora-pulidora-starmax-neo\/\" target=\"_self\">Esmeriladora \/ pulidora STARMAX\u00ae neo<\/a><\/h4><div class=\"fusion-carousel-meta\"><div class=\"fusion-carousel-price\">\n<\/div><\/div><\/div><\/div><\/div><\/div><div class=\"awb-swiper-button awb-swiper-button-prev\"><i class=\"awb-icon-angle-left\" aria-hidden=\"true\"><\/i><\/div><div class=\"awb-swiper-button awb-swiper-button-next\"><i class=\"awb-icon-angle-right\" aria-hidden=\"true\"><\/i><\/div><\/div><\/div><\/div><\/div><\/div><\/div><\/p>\n","protected":false},"excerpt":{"rendered":"","protected":false},"author":1,"featured_media":0,"parent":0,"menu_order":0,"comment_status":"closed","ping_status":"closed","template":"100-width.php","meta":{"footnotes":""},"class_list":["post-5057","page","type-page","status-publish","hentry"],"yoast_head":"<!-- This site is optimized with the Yoast SEO plugin v27.4 - https:\/\/yoast.com\/product\/yoast-seo-wordpress\/ -->\n<title>Alisar y desbarbar piezas de pl\u00e1stico - Kemper-Kontakt<\/title>\n<meta name=\"robots\" content=\"index, follow, max-snippet:-1, max-image-preview:large, max-video-preview:-1\" \/>\n<link rel=\"canonical\" href=\"https:\/\/kemperkontakt.de\/es\/alisar-y-desbarbar-piezas-de-plastico\/\" \/>\n<meta property=\"og:locale\" content=\"es_ES\" \/>\n<meta property=\"og:type\" content=\"article\" \/>\n<meta property=\"og:title\" content=\"Alisar y desbarbar piezas de pl\u00e1stico - Kemper-Kontakt\" \/>\n<meta property=\"og:url\" content=\"https:\/\/kemperkontakt.de\/es\/alisar-y-desbarbar-piezas-de-plastico\/\" \/>\n<meta property=\"og:site_name\" content=\"Kemper-Kontakt\" \/>\n<meta property=\"article:modified_time\" content=\"2025-09-18T13:48:20+00:00\" \/>\n<meta property=\"og:image\" content=\"https:\/\/kemperkontakt.de\/wp-content\/uploads\/2025\/09\/2025_09_Fotoserie_kemperkontakt-37.jpg\" \/>\n\t<meta property=\"og:image:width\" content=\"1280\" \/>\n\t<meta property=\"og:image:height\" content=\"853\" \/>\n\t<meta property=\"og:image:type\" content=\"image\/jpeg\" \/>\n<meta name=\"twitter:card\" content=\"summary_large_image\" \/>\n<meta name=\"twitter:label1\" content=\"Tiempo de lectura\" \/>\n\t<meta name=\"twitter:data1\" content=\"4 minutos\" \/>\n<script type=\"application\/ld+json\" class=\"yoast-schema-graph\">{\"@context\":\"https:\\\/\\\/schema.org\",\"@graph\":[{\"@type\":\"WebPage\",\"@id\":\"https:\\\/\\\/kemperkontakt.de\\\/es\\\/alisar-y-desbarbar-piezas-de-plastico\\\/\",\"url\":\"https:\\\/\\\/kemperkontakt.de\\\/es\\\/alisar-y-desbarbar-piezas-de-plastico\\\/\",\"name\":\"Alisar y desbarbar piezas de pl\u00e1stico - Kemper-Kontakt\",\"isPartOf\":{\"@id\":\"https:\\\/\\\/kemperkontakt.de\\\/es\\\/#website\"},\"primaryImageOfPage\":{\"@id\":\"https:\\\/\\\/kemperkontakt.de\\\/es\\\/alisar-y-desbarbar-piezas-de-plastico\\\/#primaryimage\"},\"image\":{\"@id\":\"https:\\\/\\\/kemperkontakt.de\\\/es\\\/alisar-y-desbarbar-piezas-de-plastico\\\/#primaryimage\"},\"thumbnailUrl\":\"https:\\\/\\\/kemperkontakt.de\\\/wp-content\\\/uploads\\\/2025\\\/09\\\/2025_09_Fotoserie_kemperkontakt-37-400x267.jpg\",\"datePublished\":\"2024-06-05T16:09:45+00:00\",\"dateModified\":\"2025-09-18T13:48:20+00:00\",\"breadcrumb\":{\"@id\":\"https:\\\/\\\/kemperkontakt.de\\\/es\\\/alisar-y-desbarbar-piezas-de-plastico\\\/#breadcrumb\"},\"inLanguage\":\"es\",\"potentialAction\":[{\"@type\":\"ReadAction\",\"target\":[\"https:\\\/\\\/kemperkontakt.de\\\/es\\\/alisar-y-desbarbar-piezas-de-plastico\\\/\"]}]},{\"@type\":\"ImageObject\",\"inLanguage\":\"es\",\"@id\":\"https:\\\/\\\/kemperkontakt.de\\\/es\\\/alisar-y-desbarbar-piezas-de-plastico\\\/#primaryimage\",\"url\":\"https:\\\/\\\/kemperkontakt.de\\\/wp-content\\\/uploads\\\/2025\\\/09\\\/2025_09_Fotoserie_kemperkontakt-37-400x267.jpg\",\"contentUrl\":\"https:\\\/\\\/kemperkontakt.de\\\/wp-content\\\/uploads\\\/2025\\\/09\\\/2025_09_Fotoserie_kemperkontakt-37-400x267.jpg\"},{\"@type\":\"BreadcrumbList\",\"@id\":\"https:\\\/\\\/kemperkontakt.de\\\/es\\\/alisar-y-desbarbar-piezas-de-plastico\\\/#breadcrumb\",\"itemListElement\":[{\"@type\":\"ListItem\",\"position\":1,\"name\":\"Startseite\",\"item\":\"https:\\\/\\\/kemperkontakt.de\\\/es\\\/\"},{\"@type\":\"ListItem\",\"position\":2,\"name\":\"Alisar y desbarbar piezas de pl\u00e1stico\"}]},{\"@type\":\"WebSite\",\"@id\":\"https:\\\/\\\/kemperkontakt.de\\\/es\\\/#website\",\"url\":\"https:\\\/\\\/kemperkontakt.de\\\/es\\\/\",\"name\":\"Kemper-Kontakt\",\"description\":\"\",\"potentialAction\":[{\"@type\":\"SearchAction\",\"target\":{\"@type\":\"EntryPoint\",\"urlTemplate\":\"https:\\\/\\\/kemperkontakt.de\\\/es\\\/?s={search_term_string}\"},\"query-input\":{\"@type\":\"PropertyValueSpecification\",\"valueRequired\":true,\"valueName\":\"search_term_string\"}}],\"inLanguage\":\"es\"}]}<\/script>\n<!-- \/ Yoast SEO plugin. -->","yoast_head_json":{"title":"Alisar y desbarbar piezas de pl\u00e1stico - Kemper-Kontakt","robots":{"index":"index","follow":"follow","max-snippet":"max-snippet:-1","max-image-preview":"max-image-preview:large","max-video-preview":"max-video-preview:-1"},"canonical":"https:\/\/kemperkontakt.de\/es\/alisar-y-desbarbar-piezas-de-plastico\/","og_locale":"es_ES","og_type":"article","og_title":"Alisar y desbarbar piezas de pl\u00e1stico - Kemper-Kontakt","og_url":"https:\/\/kemperkontakt.de\/es\/alisar-y-desbarbar-piezas-de-plastico\/","og_site_name":"Kemper-Kontakt","article_modified_time":"2025-09-18T13:48:20+00:00","og_image":[{"width":1280,"height":853,"url":"https:\/\/kemperkontakt.de\/wp-content\/uploads\/2025\/09\/2025_09_Fotoserie_kemperkontakt-37.jpg","type":"image\/jpeg"}],"twitter_card":"summary_large_image","twitter_misc":{"Tiempo de lectura":"4 minutos"},"schema":{"@context":"https:\/\/schema.org","@graph":[{"@type":"WebPage","@id":"https:\/\/kemperkontakt.de\/es\/alisar-y-desbarbar-piezas-de-plastico\/","url":"https:\/\/kemperkontakt.de\/es\/alisar-y-desbarbar-piezas-de-plastico\/","name":"Alisar y desbarbar piezas de pl\u00e1stico - Kemper-Kontakt","isPartOf":{"@id":"https:\/\/kemperkontakt.de\/es\/#website"},"primaryImageOfPage":{"@id":"https:\/\/kemperkontakt.de\/es\/alisar-y-desbarbar-piezas-de-plastico\/#primaryimage"},"image":{"@id":"https:\/\/kemperkontakt.de\/es\/alisar-y-desbarbar-piezas-de-plastico\/#primaryimage"},"thumbnailUrl":"https:\/\/kemperkontakt.de\/wp-content\/uploads\/2025\/09\/2025_09_Fotoserie_kemperkontakt-37-400x267.jpg","datePublished":"2024-06-05T16:09:45+00:00","dateModified":"2025-09-18T13:48:20+00:00","breadcrumb":{"@id":"https:\/\/kemperkontakt.de\/es\/alisar-y-desbarbar-piezas-de-plastico\/#breadcrumb"},"inLanguage":"es","potentialAction":[{"@type":"ReadAction","target":["https:\/\/kemperkontakt.de\/es\/alisar-y-desbarbar-piezas-de-plastico\/"]}]},{"@type":"ImageObject","inLanguage":"es","@id":"https:\/\/kemperkontakt.de\/es\/alisar-y-desbarbar-piezas-de-plastico\/#primaryimage","url":"https:\/\/kemperkontakt.de\/wp-content\/uploads\/2025\/09\/2025_09_Fotoserie_kemperkontakt-37-400x267.jpg","contentUrl":"https:\/\/kemperkontakt.de\/wp-content\/uploads\/2025\/09\/2025_09_Fotoserie_kemperkontakt-37-400x267.jpg"},{"@type":"BreadcrumbList","@id":"https:\/\/kemperkontakt.de\/es\/alisar-y-desbarbar-piezas-de-plastico\/#breadcrumb","itemListElement":[{"@type":"ListItem","position":1,"name":"Startseite","item":"https:\/\/kemperkontakt.de\/es\/"},{"@type":"ListItem","position":2,"name":"Alisar y desbarbar piezas de pl\u00e1stico"}]},{"@type":"WebSite","@id":"https:\/\/kemperkontakt.de\/es\/#website","url":"https:\/\/kemperkontakt.de\/es\/","name":"Kemper-Kontakt","description":"","potentialAction":[{"@type":"SearchAction","target":{"@type":"EntryPoint","urlTemplate":"https:\/\/kemperkontakt.de\/es\/?s={search_term_string}"},"query-input":{"@type":"PropertyValueSpecification","valueRequired":true,"valueName":"search_term_string"}}],"inLanguage":"es"}]}},"_links":{"self":[{"href":"https:\/\/kemperkontakt.de\/es\/wp-json\/wp\/v2\/pages\/5057","targetHints":{"allow":["GET"]}}],"collection":[{"href":"https:\/\/kemperkontakt.de\/es\/wp-json\/wp\/v2\/pages"}],"about":[{"href":"https:\/\/kemperkontakt.de\/es\/wp-json\/wp\/v2\/types\/page"}],"author":[{"embeddable":true,"href":"https:\/\/kemperkontakt.de\/es\/wp-json\/wp\/v2\/users\/1"}],"replies":[{"embeddable":true,"href":"https:\/\/kemperkontakt.de\/es\/wp-json\/wp\/v2\/comments?post=5057"}],"version-history":[{"count":7,"href":"https:\/\/kemperkontakt.de\/es\/wp-json\/wp\/v2\/pages\/5057\/revisions"}],"predecessor-version":[{"id":7511,"href":"https:\/\/kemperkontakt.de\/es\/wp-json\/wp\/v2\/pages\/5057\/revisions\/7511"}],"wp:attachment":[{"href":"https:\/\/kemperkontakt.de\/es\/wp-json\/wp\/v2\/media?parent=5057"}],"curies":[{"name":"wp","href":"https:\/\/api.w.org\/{rel}","templated":true}]}}