{"id":5000,"date":"2024-07-29T16:12:45","date_gmt":"2024-07-29T14:12:45","guid":{"rendered":"https:\/\/kemperkontakt.de\/kemper-azul-pie-de-imprenta\/"},"modified":"2025-03-18T19:46:38","modified_gmt":"2025-03-18T18:46:38","slug":"kemper-azul-pie-de-imprenta","status":"publish","type":"page","link":"https:\/\/kemperkontakt.de\/es\/kemper-azul-pie-de-imprenta\/","title":{"rendered":"Kemper azul Pie de imprenta"},"content":{"rendered":"<div class=\"fusion-fullwidth fullwidth-box fusion-builder-row-1 fusion-flex-container has-pattern-background has-mask-background nonhundred-percent-fullwidth non-hundred-percent-height-scrolling\" style=\"--awb-border-radius-top-left:0px;--awb-border-radius-top-right:0px;--awb-border-radius-bottom-right:0px;--awb-border-radius-bottom-left:0px;--awb-flex-wrap:wrap;\" ><div class=\"fusion-builder-row fusion-row fusion-flex-align-items-flex-start fusion-flex-content-wrap\" style=\"max-width:1248px;margin-left: calc(-4% \/ 2 );margin-right: calc(-4% \/ 2 );\"><div class=\"fusion-layout-column fusion_builder_column fusion-builder-column-0 fusion_builder_column_1_1 1_1 fusion-flex-column\" style=\"--awb-bg-size:cover;--awb-width-large:100%;--awb-margin-top-large:0px;--awb-spacing-right-large:1.92%;--awb-margin-bottom-large:20px;--awb-spacing-left-large:1.92%;--awb-width-medium:100%;--awb-order-medium:0;--awb-spacing-right-medium:1.92%;--awb-spacing-left-medium:1.92%;--awb-width-small:100%;--awb-order-small:0;--awb-spacing-right-small:1.92%;--awb-spacing-left-small:1.92%;\"><div class=\"fusion-column-wrapper fusion-column-has-shadow fusion-flex-justify-content-flex-start fusion-content-layout-column\"><div class=\"fusion-text fusion-text-1\"><h1 class=\"bodytext\"><strong>Pie de imprenta<\/strong><\/h1>\n<h4><\/h4>\n<h4 class=\"bodytext\"><strong>KEMPER-KONTAKT Gert Kemper GmbH<\/strong><\/h4>\n<p>Siegersbusch 45A<br \/>\n42327 Wuppertal<br \/>\nTel.: +49-(0)202\/78607-0<br \/>\nE-Mail: <a class=\"mail\" style=\"color: var(--awb-custom_color_1);\" title=\"Env\u00edanos un correo electr\u00f3nico.\" href=\"mailto:kontakt@kemperkontakt.de\">kontakt[at]kemperkontakt.de<\/a><br \/>\nWeb: <a class=\"internal-link\" style=\"color: var(--awb-custom_color_1);\" href=\"\/index.php?id=1\">www.kemperkontakt.de<\/a><\/p>\n<h4>Registra el tribunal:<\/h4>\n<p>Juzgado de Primera Instancia de Wuppertal<\/p>\n<h4>N\u00famero de registro:<\/h4>\n<p>HRB 5223<\/p>\n<h4>Director General:<\/h4>\n<p>Martin Schnepper<\/p>\n<h4>N\u00famero de identificaci\u00f3n fiscal<\/h4>\n<p>DE121108432<\/p>\n<h4>Autoridad de control competente para la prestaci\u00f3n de servicios de comunicaci\u00f3n audiovisual:<\/h4>\n<p>Landesanstalt f\u00fcr Medien NRW Director: Dr. Tobias Schmid Presidente de la Comisi\u00f3n de Medios de Comunicaci\u00f3n: Prof. Dr. Werner Schwaderlapp Prensa: Nele Nieuwenhuis, Zollhof 2, 40221 D\u00fcsseldorf, tel\u00e9fono: +49 211 770070, correo electr\u00f3nico: info@medienanstalt-nrw.de, p\u00e1gina web: www.medienanstalt-nrw.de<\/p>\n<h4>Plataforma de la Comisi\u00f3n de la UE para la resoluci\u00f3n de litigios en l\u00ednea:<\/h4>\n<p>https:\/\/ec.europa.eu\/odr No estamos obligados ni dispuestos a participar en procedimientos de resoluci\u00f3n de conflictos ante una junta de arbitraje de consumo.<\/p>\n<h4>Lo siguiente se aplica a todos los enlaces externos de esta p\u00e1gina:<\/h4>\n<p>KEMPER-KONTAKT Gert Kemper GmbH declara expresamente que no ha tenido influencia alguna en el dise\u00f1o y contenido de los sitios enlazados.<\/p>\n<h4>Responsable del contenido de las p\u00e1ginas de Internet de KEMPER-KONTAKT Gert Kemper GmbH seg\u00fan \u00a710 p\u00e1rrafo 3 MDStV:<\/h4>\n<p>Martin Schnepper<\/p>\n<h4>Protecci\u00f3n de datos<\/h4>\n<p>Todos los datos personales recogidos en nuestro sitio web se almacenan y procesan exclusivamente para tu asistencia y asesoramiento o para enviarte informaci\u00f3n sobre productos y servicios. Tus datos ser\u00e1n tratados confidencialmente de acuerdo con la normativa sobre protecci\u00f3n de datos.<\/p>\n<h4>Actualizaci\u00f3n y mantenimiento<\/h4>\n<p class=\"bodytext\">KEMPER-KONTAKT Gert Kemper GmbH<\/p>\n<h4>Fuentes de im\u00e1genes<\/h4>\n<p>https:\/\/pixabay.com\/de\/photos\/arbeiter-schleifer-fabrik-5736096\/<\/p>\n<\/div><\/div><\/div><\/div><\/div>\n","protected":false},"excerpt":{"rendered":"","protected":false},"author":1,"featured_media":0,"parent":0,"menu_order":0,"comment_status":"closed","ping_status":"closed","template":"100-width.php","meta":{"footnotes":""},"class_list":["post-5000","page","type-page","status-publish","hentry"],"yoast_head":"<!-- This site is optimized with the Yoast SEO plugin v27.4 - https:\/\/yoast.com\/product\/yoast-seo-wordpress\/ -->\n<title>Kemper azul Pie de imprenta - Kemper-Kontakt<\/title>\n<meta name=\"robots\" content=\"index, follow, max-snippet:-1, max-image-preview:large, max-video-preview:-1\" \/>\n<link rel=\"canonical\" href=\"https:\/\/kemperkontakt.de\/es\/kemper-azul-pie-de-imprenta\/\" \/>\n<meta property=\"og:locale\" content=\"es_ES\" \/>\n<meta property=\"og:type\" content=\"article\" \/>\n<meta property=\"og:title\" content=\"Kemper azul Pie de imprenta - Kemper-Kontakt\" \/>\n<meta property=\"og:url\" content=\"https:\/\/kemperkontakt.de\/es\/kemper-azul-pie-de-imprenta\/\" \/>\n<meta property=\"og:site_name\" content=\"Kemper-Kontakt\" \/>\n<meta property=\"article:modified_time\" content=\"2025-03-18T18:46:38+00:00\" \/>\n<meta name=\"twitter:card\" content=\"summary_large_image\" \/>\n<meta name=\"twitter:label1\" content=\"Tiempo de lectura\" \/>\n\t<meta name=\"twitter:data1\" content=\"2 minutos\" \/>\n<script type=\"application\/ld+json\" class=\"yoast-schema-graph\">{\"@context\":\"https:\\\/\\\/schema.org\",\"@graph\":[{\"@type\":\"WebPage\",\"@id\":\"https:\\\/\\\/kemperkontakt.de\\\/es\\\/kemper-azul-pie-de-imprenta\\\/\",\"url\":\"https:\\\/\\\/kemperkontakt.de\\\/es\\\/kemper-azul-pie-de-imprenta\\\/\",\"name\":\"Kemper azul Pie de imprenta - Kemper-Kontakt\",\"isPartOf\":{\"@id\":\"https:\\\/\\\/kemperkontakt.de\\\/es\\\/#website\"},\"datePublished\":\"2024-07-29T14:12:45+00:00\",\"dateModified\":\"2025-03-18T18:46:38+00:00\",\"breadcrumb\":{\"@id\":\"https:\\\/\\\/kemperkontakt.de\\\/es\\\/kemper-azul-pie-de-imprenta\\\/#breadcrumb\"},\"inLanguage\":\"es\",\"potentialAction\":[{\"@type\":\"ReadAction\",\"target\":[\"https:\\\/\\\/kemperkontakt.de\\\/es\\\/kemper-azul-pie-de-imprenta\\\/\"]}]},{\"@type\":\"BreadcrumbList\",\"@id\":\"https:\\\/\\\/kemperkontakt.de\\\/es\\\/kemper-azul-pie-de-imprenta\\\/#breadcrumb\",\"itemListElement\":[{\"@type\":\"ListItem\",\"position\":1,\"name\":\"Startseite\",\"item\":\"https:\\\/\\\/kemperkontakt.de\\\/es\\\/\"},{\"@type\":\"ListItem\",\"position\":2,\"name\":\"Kemper azul Pie de imprenta\"}]},{\"@type\":\"WebSite\",\"@id\":\"https:\\\/\\\/kemperkontakt.de\\\/es\\\/#website\",\"url\":\"https:\\\/\\\/kemperkontakt.de\\\/es\\\/\",\"name\":\"Kemper-Kontakt\",\"description\":\"\",\"potentialAction\":[{\"@type\":\"SearchAction\",\"target\":{\"@type\":\"EntryPoint\",\"urlTemplate\":\"https:\\\/\\\/kemperkontakt.de\\\/es\\\/?s={search_term_string}\"},\"query-input\":{\"@type\":\"PropertyValueSpecification\",\"valueRequired\":true,\"valueName\":\"search_term_string\"}}],\"inLanguage\":\"es\"}]}<\/script>\n<!-- \/ Yoast SEO plugin. -->","yoast_head_json":{"title":"Kemper azul Pie de imprenta - Kemper-Kontakt","robots":{"index":"index","follow":"follow","max-snippet":"max-snippet:-1","max-image-preview":"max-image-preview:large","max-video-preview":"max-video-preview:-1"},"canonical":"https:\/\/kemperkontakt.de\/es\/kemper-azul-pie-de-imprenta\/","og_locale":"es_ES","og_type":"article","og_title":"Kemper azul Pie de imprenta - Kemper-Kontakt","og_url":"https:\/\/kemperkontakt.de\/es\/kemper-azul-pie-de-imprenta\/","og_site_name":"Kemper-Kontakt","article_modified_time":"2025-03-18T18:46:38+00:00","twitter_card":"summary_large_image","twitter_misc":{"Tiempo de lectura":"2 minutos"},"schema":{"@context":"https:\/\/schema.org","@graph":[{"@type":"WebPage","@id":"https:\/\/kemperkontakt.de\/es\/kemper-azul-pie-de-imprenta\/","url":"https:\/\/kemperkontakt.de\/es\/kemper-azul-pie-de-imprenta\/","name":"Kemper azul Pie de imprenta - Kemper-Kontakt","isPartOf":{"@id":"https:\/\/kemperkontakt.de\/es\/#website"},"datePublished":"2024-07-29T14:12:45+00:00","dateModified":"2025-03-18T18:46:38+00:00","breadcrumb":{"@id":"https:\/\/kemperkontakt.de\/es\/kemper-azul-pie-de-imprenta\/#breadcrumb"},"inLanguage":"es","potentialAction":[{"@type":"ReadAction","target":["https:\/\/kemperkontakt.de\/es\/kemper-azul-pie-de-imprenta\/"]}]},{"@type":"BreadcrumbList","@id":"https:\/\/kemperkontakt.de\/es\/kemper-azul-pie-de-imprenta\/#breadcrumb","itemListElement":[{"@type":"ListItem","position":1,"name":"Startseite","item":"https:\/\/kemperkontakt.de\/es\/"},{"@type":"ListItem","position":2,"name":"Kemper azul Pie de imprenta"}]},{"@type":"WebSite","@id":"https:\/\/kemperkontakt.de\/es\/#website","url":"https:\/\/kemperkontakt.de\/es\/","name":"Kemper-Kontakt","description":"","potentialAction":[{"@type":"SearchAction","target":{"@type":"EntryPoint","urlTemplate":"https:\/\/kemperkontakt.de\/es\/?s={search_term_string}"},"query-input":{"@type":"PropertyValueSpecification","valueRequired":true,"valueName":"search_term_string"}}],"inLanguage":"es"}]}},"_links":{"self":[{"href":"https:\/\/kemperkontakt.de\/es\/wp-json\/wp\/v2\/pages\/5000","targetHints":{"allow":["GET"]}}],"collection":[{"href":"https:\/\/kemperkontakt.de\/es\/wp-json\/wp\/v2\/pages"}],"about":[{"href":"https:\/\/kemperkontakt.de\/es\/wp-json\/wp\/v2\/types\/page"}],"author":[{"embeddable":true,"href":"https:\/\/kemperkontakt.de\/es\/wp-json\/wp\/v2\/users\/1"}],"replies":[{"embeddable":true,"href":"https:\/\/kemperkontakt.de\/es\/wp-json\/wp\/v2\/comments?post=5000"}],"version-history":[{"count":3,"href":"https:\/\/kemperkontakt.de\/es\/wp-json\/wp\/v2\/pages\/5000\/revisions"}],"predecessor-version":[{"id":7299,"href":"https:\/\/kemperkontakt.de\/es\/wp-json\/wp\/v2\/pages\/5000\/revisions\/7299"}],"wp:attachment":[{"href":"https:\/\/kemperkontakt.de\/es\/wp-json\/wp\/v2\/media?parent=5000"}],"curies":[{"name":"wp","href":"https:\/\/api.w.org\/{rel}","templated":true}]}}